{"id":839,"date":"2024-01-19T11:05:46","date_gmt":"2024-01-19T10:05:46","guid":{"rendered":"https:\/\/www.die-neue-sammlung.de\/?page_id=839"},"modified":"2024-06-10T10:58:41","modified_gmt":"2024-06-10T08:58:41","slug":"besuchs-infos","status":"publish","type":"page","link":"https:\/\/staging.die-neue-sammlung.de\/ls\/besuchs-infos\/","title":{"rendered":"Besuch planen"},"content":{"rendered":"<section class='wp-block-ho-pattern ' data-pattern='ho\/header-text-und-bild'>\n\n<div  class='container-fluid margin-bottom-7'>\n\n<div  class='row'>\n\n<div  class='col col-xs-12 col-md-6'>\n\n<div  class='margin-bottom-4'>\n<h1>Besuch planen<\/h1>\n<\/div>\n<\/div>\n<\/div>\n\n\n\n\n<div  class='row'>\n\n<div  class='col col-xs-12 col-md-6'>\n\n<div  class='margin-bottom-4'><div class=body-large>Alles rund um Ihren Besuch<\/div><\/div>\n<\/div>\n<\/div>\n\n\n\n\n<div  class='row'>\n\n<div  class='col col-xs-12'>\n\n<div  class='margin-bottom-4'><div class=\"wp-block-ho-slot \">\n<div class=\"accessibility-menu\">\n\t<div class=\"wp-block-ho-buttons\">\n\t\t\t\t<div class=\"wp-block-ho-buttons-item\">\n\t\t\t<a href=\"https:\/\/staging.die-neue-sammlung.de\/besuchs-infos\/\" class=\"ho-button is-senary icon-with-text-outside-left is-small  invert\" aria-label=\"Leichte Sprache\" rel=\"alternate\">\n\t\t\t\t<span class=\"ho-button-icon icon-leichtesprache\" aria-hidden=\"true\"><\/span>\n\t\t\t\t<span class=\"ho-button-label\">Leichte Sprache<\/span>\n\t\t\t<\/a>\n\t\t<\/div>\n\t\t\n\t\t\n\n\t\t\t<\/div>\n<\/div>\n\n<\/div>\n<\/div>\n<\/div>\n<\/div>\n\n\n\n\n<div  class='row'>\n\n<div  class='col col-xs-12'>\n\n<div  class='margin-bottom-4'><figure itemscope itemtype=\"http:\/\/schema.org\/ImageObject\" class=\"lazy-media-inline \" role=\"group\" aria-describedby=\"media_s3CdyX\">\n<div class=\"height-container \" style=\"padding-bottom:34.63%;   \">\n\t<div class=\"height-container-contents lazy-media-contents\">\n\t\n\n\t\n\t\t<lazy-media-inline\n\t\t:sizes=\"{&quot;medium&quot;:{&quot;file&quot;:&quot;CAfe_ASF_0987_Foto-Anna-Seibel-scaled-1200x800-1-300x200.jpg&quot;,&quot;width&quot;:300,&quot;height&quot;:200,&quot;mime-type&quot;:&quot;image\\\/jpeg&quot;,&quot;filesize&quot;:17388},&quot;large&quot;:{&quot;file&quot;:&quot;CAfe_ASF_0987_Foto-Anna-Seibel-scaled-1200x800-1-1024x683.jpg&quot;,&quot;width&quot;:1024,&quot;height&quot;:683,&quot;mime-type&quot;:&quot;image\\\/jpeg&quot;,&quot;filesize&quot;:129382},&quot;medium_large&quot;:{&quot;file&quot;:&quot;CAfe_ASF_0987_Foto-Anna-Seibel-scaled-1200x800-1-768x512.jpg&quot;,&quot;width&quot;:768,&quot;height&quot;:512,&quot;mime-type&quot;:&quot;image\\\/jpeg&quot;,&quot;filesize&quot;:81176},&quot;small&quot;:{&quot;file&quot;:&quot;CAfe_ASF_0987_Foto-Anna-Seibel-scaled-1200x800-1-440x293.jpg&quot;,&quot;width&quot;:440,&quot;height&quot;:293,&quot;mime-type&quot;:&quot;image\\\/jpeg&quot;,&quot;filesize&quot;:32786},&quot;semi&quot;:{&quot;file&quot;:&quot;CAfe_ASF_0987_Foto-Anna-Seibel-scaled-1200x800-1-580x387.jpg&quot;,&quot;width&quot;:580,&quot;height&quot;:387,&quot;mime-type&quot;:&quot;image\\\/jpeg&quot;,&quot;filesize&quot;:52335},&quot;mobile&quot;:{&quot;file&quot;:&quot;CAfe_ASF_0987_Foto-Anna-Seibel-scaled-1200x800-1-720x480.jpg&quot;,&quot;width&quot;:720,&quot;height&quot;:480,&quot;mime-type&quot;:&quot;image\\\/jpeg&quot;,&quot;filesize&quot;:73457},&quot;original&quot;:{&quot;file&quot;:&quot;CAfe_ASF_0987_Foto-Anna-Seibel-scaled-1200x800-1.jpg&quot;,&quot;width&quot;:1200,&quot;height&quot;:800}}\"\n\t\t:alt=\"&quot;Menschen im lichtdurchfluteten Caf\\u00e9 der Pinakothek der Moderne. An der Glasfront befinden sich 6 B\\u00f6ume im Innenraum.&quot;\"\n\t\t:path=\"&quot;\\\/wp-content\\\/uploads\\\/2024\\\/03\\\/&quot;\"\n\t\t:video=\"&quot;&quot;\"\n\t\t:autoplay=\"null\"\n\t\t:youtube=\"&quot;&quot;\"\n\t\t:youtubelabel=\"&quot;play&quot;\"\n\t\t:brightness=\"1\"\n\t\t:crop=\"{&quot;x&quot;:0.5,&quot;y&quot;:0.5}\"\n\t\t:background=\"true\"\n\t\t:scale=\"1\"\n\t\t:zoom=\"false\"\n\t\t:annotations=\"null\"><\/lazy-media-inline>\n\t\t\t<\/div>\n<\/div>\n\n\n\n\n\n\t\t<figcaption class=\"\" id=\"media_s3CdyX\">\n\t\t\t<div class=\"figcaption-wrapper\">\n\t\t\t\t\t\t\t<div class=\"lazy-media-image-label\">Caf\u00e9 in der Pinakothek der Moderne.<\/div>\n\t\t\t\t\t\t\t\t\t\t<div class=\"lazy-media-image-description\">Foto: Anna Seibel <\/div>\n\t\t\t\t\t\t\t\t\t<\/div>\n\t\t<\/figcaption>\n\t\n<\/figure>\n\n\t\t<\/div>\n<\/div>\n<\/div>\n<\/div>\n<\/section>\n\n<section class='wp-block-ho-pattern ' data-pattern='ho\/uberschrift-mit-text'>\n\n<div  class='container-fluid margin-bottom-7'>\n\n<div  class='row padding-bottom-4'>\n\n<div  class='col col-xs-12 col-md-8'>\n<h2 class='h2' style=\"white-space: normal;\">Wo ist Die Neue Sammlung?  <\/h2>\n<\/div>\n<\/div>\n\n\n\n\n<div  class='row'>\n\n<div  class='col col-xs-12 col-md-8'>\t<p class='body'><br>Die Neue Sammlung \u2013 The Design Museum.  <br>ist in der <strong>Pinakothek der Moderne <\/strong>in M\u00fcnchen.  <br> <br>Die Adresse ist:  <br>Barer Stra\u00dfe 40  <br>80333 M\u00fcnchen  <br> <br>Die Telefon-Nummer ist:  <br>0049 89 27 27 250<\/p>\n<\/div>\n<\/div>\n<\/div>\n<\/section>\n\n<section class='wp-block-ho-pattern ' data-pattern='ho\/text-mit-button'>\n\n<div  class='container-fluid margin-bottom-7'>\n\n<div  class='row padding-bottom-4'>\n\n<div  class='col col-xs-12 col-md-8'><\/div>\n<\/div>\n\n\n\n\n<div  class='row'>\n\n<div  class='col col-xs-12 col-md-8'>\n\n<div class='wp-block-ho-buttons '>\n<div class=\"wp-block-ho-buttons-item\">\n\t<a href=\"https:\/\/www.kultur-barrierefrei-muenchen.de\/pinakothek-der-moderne\/\"  target=\"\" role=\"button\" aria-pressed=\"false\" rel=\"nofollow\" class=\"ho-button is-primary has-outgoing-link-icon-left\">\n\t\t\t\t\t<span class=\"ho-button-icon icon-arrow-link\"><\/span>\n\t\t\t\t<span class=\"ho-button-label \">Alles zu Barrierefreiheit<\/span>\n\t<\/a>\n<\/div>\n<\/div>\n<\/div>\n<\/div>\n<\/div>\n<\/section>\n\n<section class='wp-block-ho-pattern ' data-pattern='ho\/uberschrift-mit-text'>\n\n<div  class='container-fluid margin-bottom-7'>\n\n<div  class='row padding-bottom-4'>\n\n<div  class='col col-xs-12 col-md-8'>\n<h2 class='h2' style=\"white-space: normal;\">Wie sind die \u00d6ffnungs-Zeiten von der Pinakothek der Moderne?  <\/h2>\n<\/div>\n<\/div>\n\n\n\n\n<div  class='row'>\n\n<div  class='col col-xs-12 col-md-8'>\t<p class='body'>Das Museum ist ge\u00f6ffnet:  <br>von Dienstag bis Sonntag von 10 Uhr bis 18 Uhr und  <br>am Donnerstag von 10 Uhr bis 20 Uhr.  <br>Am Montag ist die Ausstellung geschlossen.  <\/p>\n<\/div>\n<\/div>\n<\/div>\n<\/section>\n\n<section class='wp-block-ho-pattern ' data-pattern='ho\/uberschrift-mit-text'>\n\n<div  class='container-fluid margin-bottom-7'>\n\n<div  class='row padding-bottom-4'>\n\n<div  class='col col-xs-12 col-md-8'>\n<h2 class='h2' style=\"white-space: normal;\">Wie viel kostet der Eintritt?  <\/h2>\n<\/div>\n<\/div>\n\n\n\n\n<div  class='row'>\n\n<div  class='col col-xs-12 col-md-8'>\t<p class='body'>F\u00fcr Erwachsene kostet der Eintritt: 10 Euro  <br>Der erm\u00e4\u00dfigte Eintritt kostet: 7 Euro.  <br>Am Sonntag kostet der Eintritt nur: 1 Euro. <br><br>Erm\u00e4\u00dfigten Eintritt bekommen Studierende und<br>Menschen, die \u00e4lter als 65 Jahre alt sind.<br><br>Freien Eintritt bekommen Kinder und<br>Jugendliche unter 18 Jahren.<br><br>Wir arbeiten auch mit <a href=\"https:\/\/www.kulturraum-muenchen.de\/\">KulturRaum M\u00fcnchen<\/a>.<br><\/p>\n<\/div>\n<\/div>\n<\/div>\n<\/section>\n\n<section class='wp-block-ho-pattern ' data-pattern='ho\/text-mit-button'>\n\n<div  class='container-fluid margin-bottom-7'>\n\n<div  class='row padding-bottom-4'>\n\n<div  class='col col-xs-12 col-md-8'>\t<p class='body'><\/p>\n<\/div>\n<\/div>\n\n\n\n\n<div  class='row'>\n\n<div  class='col col-xs-12 col-md-8'>\n\n<div class='wp-block-ho-buttons '>\n<div class=\"wp-block-ho-buttons-item\">\n\t<a href=\"https:\/\/www.pinakothek-der-moderne.de\/sonderoeffnungszeiten-und-ermaessigungen\/#ermaessigungen\"  target=\"\" role=\"button\" aria-pressed=\"false\" rel=\"nofollow\" class=\"ho-button is-primary has-outgoing-link-icon-left\">\n\t\t\t\t\t<span class=\"ho-button-icon icon-arrow-link\"><\/span>\n\t\t\t\t<span class=\"ho-button-label \">Mehr Infos Sonder-\u00d6ffnungszeiten und<br>erm\u00e4\u00dfigter Eintritt<\/span>\n\t<\/a>\n<\/div>\n<\/div>\n<\/div>\n<\/div>\n<\/div>\n<\/section>\n\n<section class='wp-block-ho-pattern ' data-pattern='ho\/grosses-video'>\n\n<div  class='margin-bottom-7 container-fluid'>\n\n<div  class='row'>\n\n<div  class='col col-xs-12'><\/div>\n<\/div>\n<\/div>\n<\/section>\n\n<section class='wp-block-ho-pattern ' data-pattern='ho\/akkordeon-auf-grauem-hintergrund'>\n\n<div  class='margin-bottom-7'><div class=\"structure-content-color\" style=\"--content-color-foreground: #000000;--content-color-background: #EEEEEE;color: #000000;background: #EEEEEE;\">\n<div class='structure-content-color-content'>\n\n<div  class='container-fluid padding-bottom-7'>\n\n<div  class='row padding-top-5 padding-bottom-5'>\n\n<div  class='col col-xs-12'>\n<h4 class='h2' style=\"white-space: normal;\">F\u00fcr einen sch\u00f6nen Besuch:<\/h4>\n<\/div>\n<\/div>\n\n\n\n\n<div  class='row'>\n\n<div  class='col col-xs-12'>\n<accordion>\n\t<accordion-item item-id=\"Parken\" accordion-id=\"acc_69e505eeb916a\" accordion-title-id=\"acc_title_69e505eeb916b\" aria-expanded=\"false\" :is-open=\"false\" head-icon-open=\"icon-open\" head-icon-close=\"icon-open\" head-label-class=\"body-bold\" title=\"Parken\" content=\"Es gibt 20 Parkpl\u00e4tze f\u00fcr Menschen mit Einschr\u00e4nkungen.&lt;br&gt;Bitte reservieren:&lt;br&gt;T +49 (0)89 23805 360&lt;br&gt;Bitte an der Schranke Einfahrt Gabelsbergerstra\u00dfe klingeln und Ihren Behindertenausweis vorzeigen.&lt;br&gt;&lt;br&gt;Wir empfehlen nicht mit dem Auto zu kommen, sondern:&lt;br&gt;Bus-Linie 100 (Museumslinie, Haltestelle Pinakotheken)&lt;br&gt;Tram-Linie 27 (Haltestelle Pinakotheken)&lt;br&gt;U-Bahn 2 oder 8 (Haltestelle K\u00f6nigsplatz oder Theresienstra\u00dfe)&lt;br&gt;U-Bahn 3 oder 5 oder 6 (Haltestelle Odeonsplatz oder Universit\u00e4t)\"><\/accordion-item><accordion-item item-id=\"RuhigereBesuchszeitenfrsensibleMenschen\" accordion-id=\"acc_69e505eeb91d9\" accordion-title-id=\"acc_title_69e505eeb91da\" aria-expanded=\"false\" :is-open=\"false\" head-icon-open=\"icon-open\" head-icon-close=\"icon-open\" head-label-class=\"body-bold\" title=\"Ruhigere Besuchszeiten f\u00fcr sensible Menschen\" content=\"Im Museum sind Dienstag bis Donnerstag zwischen 10:00 und 14:00 weniger Menschen zu Besuch.\"><\/accordion-item><accordion-item item-id=\"RckzugsorteinderPinakothekderModerne\" accordion-id=\"acc_69e505eeb9242\" accordion-title-id=\"acc_title_69e505eeb9243\" aria-expanded=\"false\" :is-open=\"false\" head-icon-open=\"icon-open\" head-icon-close=\"icon-open\" head-label-class=\"body-bold\" title=\"R\u00fcckzugsorte in der Pinakothek der Moderne\" content=\"Ruhigere Ecken, um sich zu setzen oder auszuruhen,&lt;br&gt;finden Sie im&lt;br&gt;1. OG, Treppenhaus West, vor den S\u00e4len 1\/2\/3\/4&lt;br&gt;1. OG, Flur Nord, vor Saal 32\"><\/accordion-item><accordion-item item-id=\"WasknnenSieausleihen\" accordion-id=\"acc_69e505eeb92b4\" accordion-title-id=\"acc_title_69e505eeb92b5\" aria-expanded=\"false\" :is-open=\"false\" head-icon-open=\"icon-open\" head-icon-close=\"icon-open\" head-label-class=\"body-bold\" title=\"Was k\u00f6nnen Sie ausleihen?\" content=\"Wir haben Induktions-Schlingen, Klapp-St\u00fchle und Rollst\u00fchle.&lt;br&gt;Fragen Sie an der Info-Theke nach.&lt;br&gt;&lt;br&gt;Bitte beachten Sie, dass wir nicht viele Rollst\u00fchle haben. Kommen Sie daher an ruhigeren Tagen ins Museum.\"><\/accordion-item><\/accordion>\n<\/div>\n<\/div>\n<\/div>\n<\/div>\n<\/div>\n<\/div>\n<\/section>\n\n<section class='wp-block-ho-pattern ' data-pattern='ho\/uberschrift'>\n\n<div  class='container-fluid margin-bottom-7'>\n\n<div  class='row'>\n\n<div  class='col col-xs-12 col-md-8'>\n<h2 class='h2' style=\"white-space: normal;\">Wir haben noch zwei Museen:<\/h2>\n<\/div>\n<\/div>\n<\/div>\n<\/section>\n\n<section class='wp-block-ho-pattern ' data-pattern='ho\/infos-zum-besuch'>\n\n<div  class='container-fluid margin-bottom-7'>\n\n<div  class='row padding-bottom-5'>\n\n<div  class='col col-xs-12 col-md-8'>\n<h2 class='h2' style=\"white-space: normal;\">Besuch planen in<br \/>\nNeues Museum N\u00fcrnberg<\/h2>\n<\/div>\n<\/div>\n\n\n\n\n<div  class='row padding-bottom-2'>\n\n<div  class='col col-xs-12 col-md-8'>\n<h3 class='h3' style=\"white-space: normal;\">Wo?<\/h3>\n<\/div>\n<\/div>\n\n\n\n\n<div  class='row padding-bottom-4'>\n\n<div  class='col col-xs-12 col-md-8 padding-bottom-3'><ul class=\"wp-block wp-block-ho-grid row grid-infos-zum-besuch\">\n\t<li class=\"wp-block-ho-grid-item \">\n\t\t<p class='body'>Klarissenplatz, 90402 N\u00fcrnberg<\/p>\n<\/li><li class=\"wp-block-ho-grid-item \">\n\t\t<p class='body'><strong><a href=\"https:\/\/www.google.de\/maps\/place\/Neues+Museum+-+Staatliches+Museum+f%C3%BCr+Kunst+und+Design+N%C3%BCrnberg\/@49.4478085,11.0773742,17z\/data=!3m1!4b1!4m6!3m5!1s0x479f57a722fa0a3b:0x32fa85a4ccb5f553!8m2!3d49.4478085!4d11.0799491!16s%2Fm%2F0gjcd91?entry=ttu\">Auf Google Maps zeigen<\/a><\/strong><\/p>\n<\/li><\/ul><\/div>\n\n\n\n\n<div  class='col col-xs-12'>\n\n<div  class='line-light-grey'><\/div>\n<\/div>\n<\/div>\n\n\n\n\n<div  class='row padding-bottom-2'>\n\n<div  class='col col-xs-12 col-md-8'>\n<h3 class='h3' style=\"white-space: normal;\">\u00d6ffnungszeiten<\/h3>\n<\/div>\n<\/div>\n\n\n\n\n<div  class='row padding-bottom-4'>\n\n<div  class='col col-xs-12 col-md-8 padding-bottom-3'><ul class=\"wp-block wp-block-ho-grid row grid-infos-zum-besuch\">\n\t<li class=\"wp-block-ho-grid-item \">\n\t\t<p class='body'><strong>T\u00e4glich<\/strong> 10:00 \u2013 18:00<\/p>\n<\/li><li class=\"wp-block-ho-grid-item \">\n\t\t<p class='body'><strong>Montags<\/strong> geschlossen<\/p>\n<\/li><li class=\"wp-block-ho-grid-item \">\n\t\t<p class='body'><strong>Donnerstags<\/strong> 10:00 \u2013 20:00<\/p>\n<\/li><\/ul><\/div>\n<\/div>\n\n\n\n\n<div  class='row'>\n\n<div  class='col col-xs-12 col-md-8'>\n\n<div class='wp-block-ho-buttons '>\n<div class=\"wp-block-ho-buttons-item\">\n\t<a href=\"https:\/\/www.nmn.de\/\"  target=\"_blank\" role=\"button\" aria-pressed=\"false\" rel=\"nofollow\" class=\"ho-button is-tertiary has-outgoing-link-icon-left\">\n\t\t\t\t\t<span class=\"ho-button-icon icon-arrow-link\"><\/span>\n\t\t\t\t<span class=\"ho-button-label \">Zur Website<\/span>\n\t<\/a>\n<\/div>\n\n\n\n<div class=\"wp-block-ho-buttons-item\">\n\t<a href=\"https:\/\/www.nmn.de\/de\/besuch\/barrierefreiheit\/barrierefreiheit.htm\"  target=\"\" role=\"button\" aria-pressed=\"false\" rel=\"nofollow\" class=\"ho-button is-primary has-outgoing-link-icon-left\">\n\t\t\t\t\t<span class=\"ho-button-icon icon-arrow-link\"><\/span>\n\t\t\t\t<span class=\"ho-button-label \">Zur Barrierefreiheit<\/span>\n\t<\/a>\n<\/div>\n<\/div>\n<\/div>\n<\/div>\n<\/div>\n<\/section>\n\n<section class='wp-block-ho-pattern ' data-pattern='ho\/infos-zum-besuch'>\n\n<div  class='container-fluid margin-bottom-7'>\n\n<div  class='row padding-bottom-5'>\n\n<div  class='col col-xs-12 col-md-8'>\n<h2 class='h2' style=\"white-space: normal;\">Besuch planen in<br \/>\nInternationales Keramik-Museum Weiden<\/h2>\n<\/div>\n<\/div>\n\n\n\n\n<div  class='row padding-bottom-2'>\n\n<div  class='col col-xs-12 col-md-8'>\n<h3 class='h3' style=\"white-space: normal;\">Wo?<\/h3>\n<\/div>\n<\/div>\n\n\n\n\n<div  class='row padding-bottom-4'>\n\n<div  class='col col-xs-12 col-md-8 padding-bottom-3'><ul class=\"wp-block wp-block-ho-grid row grid-infos-zum-besuch\">\n\t<li class=\"wp-block-ho-grid-item \">\n\t\t<p class='body'>Luitpoldstra\u00dfe 25, 92637 Weiden<\/p>\n<\/li><li class=\"wp-block-ho-grid-item \">\n\t\t<p class='body'><strong><a href=\"https:\/\/www.google.de\/maps\/place\/Internationales+Keramik-Museum+Weiden\/@49.6782188,12.161646,17z\/data=!3m2!4b1!5s0x47a038efa4214355:0x251448a303491dbf!4m6!3m5!1s0x47a038fa98857e3b:0x40331958f8cd7af1!8m2!3d49.6782188!4d12.1642209!16s%2Fg%2F121n8x3x?entry=ttu\">Auf Google Maps zeigen<\/a><\/strong><\/p>\n<\/li><\/ul><\/div>\n\n\n\n\n<div  class='col col-xs-12'>\n\n<div  class='line-light-grey'><\/div>\n<\/div>\n<\/div>\n\n\n\n\n<div  class='row padding-bottom-2'>\n\n<div  class='col col-xs-12 col-md-8'>\n<h3 class='h3' style=\"white-space: normal;\">Ge\u00f6ffnet um:<\/h3>\n<\/div>\n<\/div>\n\n\n\n\n<div  class='row padding-bottom-4'>\n\n<div  class='col col-xs-12 col-md-8 padding-bottom-3'><ul class=\"wp-block wp-block-ho-grid row grid-infos-zum-besuch\">\n\t<li class=\"wp-block-ho-grid-item \">\n\t\t<p class='body'><strong>T\u00e4glich<\/strong> 11:00 \u2013 17:00<\/p>\n<\/li><li class=\"wp-block-ho-grid-item \">\n\t\t<p class='body'><strong>Montags<\/strong> geschlossen<\/p>\n<\/li><li class=\"wp-block-ho-grid-item \">\n\t\t<p class='body'><\/p>\n<\/li><\/ul><\/div>\n<\/div>\n\n\n\n\n<div  class='row'>\n\n<div  class='col col-xs-12 col-md-8'>\n\n<div class='wp-block-ho-buttons '>\n<div class=\"wp-block-ho-buttons-item\">\n\t<a href=\"https:\/\/www.weiden.de\/kultur\/kultur\/keramikmuseum\"  target=\"_blank\" role=\"button\" aria-pressed=\"false\" rel=\"nofollow\" class=\"ho-button is-tertiary has-outgoing-link-icon-left\">\n\t\t\t\t\t<span class=\"ho-button-icon icon-arrow-link\"><\/span>\n\t\t\t\t<span class=\"ho-button-label \">Zur Website<\/span>\n\t<\/a>\n<\/div>\n\n\n\n<div class=\"wp-block-ho-buttons-item\">\n\t<a href=\"https:\/\/www.die-neue-sammlung.de\/die-standorte\/\"  target=\"\" role=\"button\" aria-pressed=\"false\" rel=\"nofollow\" class=\"ho-button is-primary has-outgoing-link-icon-left\">\n\t\t\t\t<span class=\"ho-button-label \">\u00dcber die Standorte<\/span>\n\t<\/a>\n<\/div>\n<\/div>\n<\/div>\n<\/div>\n<\/div>\n<\/section>","protected":false},"excerpt":{"rendered":"<p>Alles rund um Ihren Besuch<\/p>\n","protected":false},"author":6,"featured_media":8153,"parent":0,"menu_order":4,"comment_status":"closed","ping_status":"closed","template":"","meta":{"_acf_changed":false,"ho_image_focal_point":"","footnotes":""},"class_list":["post-839","page","type-page","status-publish","has-post-thumbnail","hentry"],"acf":{"audio":"","video":"","poster":"","noindex":false,"keywords":"\u00d6ffnungszeiten, anfahrt, bus, parkplatz","seo_titel":""},"_links":{"self":[{"href":"https:\/\/staging.die-neue-sammlung.de\/ls\/wp-json\/wp\/v2\/pages\/839","targetHints":{"allow":["GET"]}}],"collection":[{"href":"https:\/\/staging.die-neue-sammlung.de\/ls\/wp-json\/wp\/v2\/pages"}],"about":[{"href":"https:\/\/staging.die-neue-sammlung.de\/ls\/wp-json\/wp\/v2\/types\/page"}],"author":[{"embeddable":true,"href":"https:\/\/staging.die-neue-sammlung.de\/ls\/wp-json\/wp\/v2\/users\/6"}],"replies":[{"embeddable":true,"href":"https:\/\/staging.die-neue-sammlung.de\/ls\/wp-json\/wp\/v2\/comments?post=839"}],"version-history":[{"count":33,"href":"https:\/\/staging.die-neue-sammlung.de\/ls\/wp-json\/wp\/v2\/pages\/839\/revisions"}],"predecessor-version":[{"id":20106,"href":"https:\/\/staging.die-neue-sammlung.de\/ls\/wp-json\/wp\/v2\/pages\/839\/revisions\/20106"}],"wp:featuredmedia":[{"embeddable":true,"href":"https:\/\/staging.die-neue-sammlung.de\/ls\/wp-json\/wp\/v2\/media\/8153"}],"wp:attachment":[{"href":"https:\/\/staging.die-neue-sammlung.de\/ls\/wp-json\/wp\/v2\/media?parent=839"}],"curies":[{"name":"wp","href":"https:\/\/api.w.org\/{rel}","templated":true}]}}