{"id":8217,"date":"2024-03-04T16:30:51","date_gmt":"2024-03-04T15:30:51","guid":{"rendered":"https:\/\/www.die-neue-sammlung.de\/informationen-in-leichter-sprache\/"},"modified":"2024-03-25T15:01:46","modified_gmt":"2024-03-25T14:01:46","slug":"informationen-in-leichter-sprache","status":"publish","type":"page","link":"https:\/\/staging.die-neue-sammlung.de\/ls\/informationen-in-leichter-sprache\/","title":{"rendered":"Informationen in \nleicht verst\u00e4ndlicher Sprache"},"content":{"rendered":"<section class='wp-block-ho-pattern ' data-pattern='ho\/header-text-und-bild'>\n\n<div  class='container-fluid margin-bottom-7'>\n\n<div  class='row'>\n\n<div  class='col col-xs-12 col-md-6'>\n\n<div  class='margin-bottom-4'>\n<h1>Informationen in \nleicht verst\u00e4ndlicher Sprache<\/h1>\n<\/div>\n<\/div>\n<\/div>\n\n\n\n\n<div  class='row'>\n\n<div  class='col col-xs-12 col-md-6'>\n\n<div  class='margin-bottom-4'><div class=body-large>Willkommen auf der Seite von\nDie Neue Sammlung<\/div><\/div>\n<\/div>\n<\/div>\n\n\n\n\n<div  class='row'>\n\n<div  class='col col-xs-12'>\n\n<div  class='margin-bottom-4'><div class=\"wp-block-ho-slot \">\n<div class=\"accessibility-menu\">\n\t<div class=\"wp-block-ho-buttons\">\n\t\t\t\t<div class=\"wp-block-ho-buttons-item\">\n\t\t\t<a href=\"https:\/\/staging.die-neue-sammlung.de\/informationen-in-leichter-sprache\/\" class=\"ho-button is-senary icon-with-text-outside-left is-small  invert\" aria-label=\"Leichte Sprache\" rel=\"alternate\">\n\t\t\t\t<span class=\"ho-button-icon icon-leichtesprache\" aria-hidden=\"true\"><\/span>\n\t\t\t\t<span class=\"ho-button-label\">Leichte Sprache<\/span>\n\t\t\t<\/a>\n\t\t<\/div>\n\t\t\n\t\t\n\n\t\t\t<\/div>\n<\/div>\n\n<\/div>\n<\/div>\n<\/div>\n<\/div>\n\n\n\n\n<div  class='row'>\n\n<div  class='col col-xs-12'>\n\n<div  class='margin-bottom-4'><figure itemscope itemtype=\"http:\/\/schema.org\/ImageObject\" class=\"lazy-media-inline \" role=\"group\" aria-describedby=\"media_69e505ee1b61a\">\n<div class=\"height-container \" style=\"padding-bottom:34.63%;   \">\n\t<div class=\"height-container-contents lazy-media-contents\">\n\t\n\n\t\n\t\t<lazy-media-inline\n\t\t:sizes=\"{&quot;medium&quot;:{&quot;file&quot;:&quot;MG_1527-300x211.jpg&quot;,&quot;width&quot;:300,&quot;height&quot;:211,&quot;mime-type&quot;:&quot;image\\\/jpeg&quot;,&quot;filesize&quot;:16482},&quot;large&quot;:{&quot;file&quot;:&quot;MG_1527-1024x722.jpg&quot;,&quot;width&quot;:1024,&quot;height&quot;:722,&quot;mime-type&quot;:&quot;image\\\/jpeg&quot;,&quot;filesize&quot;:104314},&quot;medium_large&quot;:{&quot;file&quot;:&quot;MG_1527-768x541.jpg&quot;,&quot;width&quot;:768,&quot;height&quot;:541,&quot;mime-type&quot;:&quot;image\\\/jpeg&quot;,&quot;filesize&quot;:66899},&quot;1536x1536&quot;:{&quot;file&quot;:&quot;MG_1527-1536x1083.jpg&quot;,&quot;width&quot;:1536,&quot;height&quot;:1083,&quot;mime-type&quot;:&quot;image\\\/jpeg&quot;,&quot;filesize&quot;:194968},&quot;2048x2048&quot;:{&quot;file&quot;:&quot;MG_1527-2048x1444.jpg&quot;,&quot;width&quot;:2048,&quot;height&quot;:1444,&quot;mime-type&quot;:&quot;image\\\/jpeg&quot;,&quot;filesize&quot;:306747},&quot;small&quot;:{&quot;file&quot;:&quot;MG_1527-440x310.jpg&quot;,&quot;width&quot;:440,&quot;height&quot;:310,&quot;mime-type&quot;:&quot;image\\\/jpeg&quot;,&quot;filesize&quot;:29102},&quot;semi&quot;:{&quot;file&quot;:&quot;MG_1527-580x409.jpg&quot;,&quot;width&quot;:580,&quot;height&quot;:409,&quot;mime-type&quot;:&quot;image\\\/jpeg&quot;,&quot;filesize&quot;:44250},&quot;mobile&quot;:{&quot;file&quot;:&quot;MG_1527-720x508.jpg&quot;,&quot;width&quot;:720,&quot;height&quot;:508,&quot;mime-type&quot;:&quot;image\\\/jpeg&quot;,&quot;filesize&quot;:60393},&quot;hd&quot;:{&quot;file&quot;:&quot;MG_1527-1280x902.jpg&quot;,&quot;width&quot;:1280,&quot;height&quot;:902,&quot;mime-type&quot;:&quot;image\\\/jpeg&quot;,&quot;filesize&quot;:146598},&quot;full&quot;:{&quot;file&quot;:&quot;MG_1527-1920x1353.jpg&quot;,&quot;width&quot;:1920,&quot;height&quot;:1353,&quot;mime-type&quot;:&quot;image\\\/jpeg&quot;,&quot;filesize&quot;:276475},&quot;xxl&quot;:{&quot;file&quot;:&quot;MG_1527-4048x2853.jpg&quot;,&quot;width&quot;:4048,&quot;height&quot;:2853,&quot;mime-type&quot;:&quot;image\\\/jpeg&quot;,&quot;filesize&quot;:880826},&quot;original&quot;:{&quot;file&quot;:&quot;MG_1527.jpg&quot;,&quot;width&quot;:5306,&quot;height&quot;:3740}}\"\n\t\t:alt=\"&quot;Das Bild zeigt eine Ausstellung vor dem Setzkasten mit kreativen, bunten St\\u00fchlen. Das Foto wurde von oben am Treppenabsatz aufgenommen. Links bewegt sich eine Gruppe Menschen in Richtung Treppe. weiter Hinten sieht man eine Aufsicht und einen Mann, der sich \\u00fcber eine Infotafel beugt.&quot;\"\n\t\t:path=\"&quot;\\\/wp-content\\\/uploads\\\/2024\\\/03\\\/&quot;\"\n\t\t:video=\"&quot;&quot;\"\n\t\t:autoplay=\"null\"\n\t\t:youtube=\"&quot;&quot;\"\n\t\t:youtubelabel=\"&quot;play&quot;\"\n\t\t:brightness=\"1\"\n\t\t:crop=\"{&quot;x&quot;:0.5,&quot;y&quot;:0.5}\"\n\t\t:background=\"true\"\n\t\t:scale=\"1\"\n\t\t:zoom=\"false\"\n\t\t:annotations=\"null\"><\/lazy-media-inline>\n\t\t\t<\/div>\n<\/div>\n\n\n\n\n\n\t\t<figcaption class=\"image_copyright_only\" id=\"media_69e505ee1b61a\">\n\t\t\t<div class=\"figcaption-wrapper\">\n\t\t\t\t\t\t\t\t\t\t<div class=\"lazy-media-image-description\">Foto: Die Neue Sammlung (A. Laurenzo) <\/div>\n\t\t\t\t\t\t\t\t\t<\/div>\n\t\t<\/figcaption>\n\t\n<\/figure>\n\n\t\t<\/div>\n<\/div>\n<\/div>\n<\/div>\n<\/section>\n\n<section class='wp-block-ho-pattern ' data-pattern='ho\/text-mit-button'>\n\n<div  class='container-fluid margin-bottom-7'>\n\n<div  class='row padding-bottom-4'>\n\n<div  class='col col-xs-12 col-md-8'>\t<p class='body'>Auf dieser Seite finden Sie Informationen \u00fcber:<br>\u2022 das Museum<br>    &#8211; Die Neue Sammlung <br>    &#8211; die Ausstellungen<br>    &#8211; die Entstehungs-Geschichte vom Museum <br>    &#8211; die \u00d6ffnungszeiten und Eintrittspreise<br>\u2022 die barriere-freien Angebote<br><br><strong>Was ist Die Neue Sammlung?<\/strong><br><br><strong>Die Neue Sammlung<\/strong> ist das <strong>Design-Museum<\/strong> in M\u00fcnchen.<br>Design ist Englisch und bedeutet: <br>Form-Gebung oder Gestaltung.<br>Man spricht es so aus: Di-sein.<br>Es bedeutet auch: Angewandte Kunst.<br>Die Angewandte Kunst besch\u00e4ftigt sich mit<br>der Gestaltung von Alltags-Gegenst\u00e4nden.<br>Die Neue Sammlung ist das <strong>\u00e4lteste Design-Museum auf <br>der Welt<\/strong>.<br>Und es geh\u00f6rt zu den wichtigsten Design-Museen.<br>Museen ist die Mehrzahl von Museum.<br><br><br><strong>Was stellt das Museum aus?<\/strong><br><br>Die Neue Sammlung besitzt <strong>mehr als 120 Tausend Objekte.<\/strong><br>Objekte sind Gegenst\u00e4nde, <br>die das Museum in der Ausstellung zeigt.<br>Das Museum besitzt sehr viele Objekte<br>aus den letzten 150 Jahren.<br><br>Das Museum sammelt Objekte aus <strong>20 Design-Gebieten.<\/strong><br>Zum Beispiel:<br>   \u2022 Industrie<br>     Die Industrie erzeugt Alltags-Gegenst\u00e4nde f\u00fcr <br>     sehr viele Menschen.<br>     Zum Beispiel: Haushalts-Ger\u00e4te, M\u00f6bel oder Fahrzeuge.<br>   \u2022 Grafik<br>      Zum Beispiel: B\u00fccher, Plakate oder Verpackungen.<br>   \u2022 Informatik<br>      Die Informatik befasst sich mit <br>      der elektronischen Daten-Verarbeitung.<br>      Computer verarbeiten zum Beispiel elektronische Daten.<br>   \u2022 Mobilit\u00e4t<br>     Mobilit\u00e4t bedeutet: Fort-Bewegung mit Verkehrs-Mitteln.<br>   \u2022 Andere Bereiche sind: <br>     Keramik, Metall, Glas, Textilien und Schmuck.<\/p>\n<\/div>\n<\/div>\n\n\n\n\n<div  class='row'>\n\n<div  class='col col-xs-12 col-md-8'>\n\n<div class='wp-block-ho-buttons '>\n<div class=\"wp-block-ho-buttons-item\">\n\t<a href=\"https:\/\/www.die-neue-sammlung.de\/alle-ausstellungen\/\"  target=\"\" role=\"button\" aria-pressed=\"false\" rel=\"nofollow\" class=\"ho-button is-primary has-outgoing-link-icon-left\">\n\t\t\t\t<span class=\"ho-button-label \">Zu den Ausstellungen<\/span>\n\t<\/a>\n<\/div>\n<\/div>\n<\/div>\n<\/div>\n<\/div>\n<\/section>\n\n<section class='wp-block-ho-pattern ' data-pattern='ho\/text-mit-button'>\n\n<div  class='container-fluid margin-bottom-7'>\n\n<div  class='row padding-bottom-4'>\n\n<div  class='col col-xs-12 col-md-8'>\t<p class='body'><strong>Seit wann gibt es das Museum?<\/strong><br><br>Die Entstehungs-Geschichte vom Museum <br>beginnt im Jahr 1903.<br>Damals war die Gr\u00fcndung von:<br>M\u00fcnchner Vereinigung f\u00fcr angewandte Kunst.<br>Diese Vereinigung hat ab 1911 so gehei\u00dfen: M\u00fcnchner Bund.<br><br>1912 hat man mit der Sammlung begonnen.<br>Sie hat <strong>Moderne Vorbilder-Sammlung<\/strong> gehei\u00dfen.<br>Diese Sammlung hat moderne Design-Objekte ausgestellt.<br><br><strong>1925 <\/strong>war dann die Gr\u00fcndung von <br><strong>Die Neue Sammlung \u2013 The Design Museum<\/strong>.<br>Ein Jahr sp\u00e4ter war die Er\u00f6ffnung in der Prinz-Regenten-Stra\u00dfe.<br><br><br><strong>Wo ist das Museum jetzt?<\/strong><br><br>Seit 2002 ist Die Neue Sammlung \u2013 The Design Museum in <br>der <strong>Pinakothek der Moderne<\/strong>. <br>Eine Pinakothek ist ein gro\u00dfes Museum.<br>Die Pinakothek der Moderne besteht aus 4 Museen:<br>  \u2022 f\u00fcr Kunst <br>  \u2022 Architektur <br>  \u2022 Grafik<br>  \u2022 Design <br><br>Die Pinakothek der Moderne ist in der <strong>Maxvorstadt<\/strong><br>auf dem Kunst-Areal.<br>Kunst-Areal bedeutet: <br>Hier gibt es noch viele andere Museen in der N\u00e4he.<br>Zum Beispiel:<br>  \u2022 die Alte Pinakothek<br>  \u2022 das Lenbach-Haus<br>  \u2022 das Museum Brandhorst<br><br>Rund um die Pinakothek der Moderne sind Geb\u00e4ude von <br>der Technischen Universit\u00e4t M\u00fcnchen.<br>Viel fr\u00fcher war dort die T\u00fcrken-Kaserne.<br>In einer Kaserne wohnen Soldaten. <br>Im Zweiten Weltkrieg ist sie fast ganz zerst\u00f6rt worden.<br>Danach hat der Zirkus Roncalli den Platz <br>fast 20 Jahre lang genutzt. <br><br>1990 hat die Bayerische Staats-Regierung beschlossen,<br>dass auf dem Platz ein Museum stehen soll.<br>Der M\u00fcnchner <strong>Architekt Stephan Braunfels<\/strong> hat dann<br>die Pinakothek der Moderne geplant.<br>Der <strong>Eingang <\/strong>ist in der <strong>Barerstra\u00dfe<\/strong>.<br>Dadurch gibt es eine Verbindung zwischen der Alten Pinakothek <br>und der Neuen Pinakothek.<br>Und es gibt auch eine Verbindung zur Innenstadt.<br><br><br><strong>Wann hat das Museum ge\u00f6ffnet?<\/strong><br><br>Das Museum hat ge\u00f6ffnet:<br>am <strong>Dienstag <\/strong>von <strong>10:00 Uhr bis 20:00 Uhr<\/strong>,<br>von <strong>Mittwoch <\/strong>bis Sonntag von <strong>10:00 Uhr bis 18:00 Uhr<\/strong>.<br>Am <strong>Montag <\/strong>ist das Museum <strong>geschlossen<\/strong>.<br><br><strong>An diesen Tagen hat das Museum auch geschlossen:<\/strong><br>\u2022 Faschings-Dienstag<br>\u2022 Tag der Arbeit: 1. Mai<br>\u2022 Mari\u00e4 Himmelfahrt: 15. August<br>\u2022 Tag der Deutschen Einheit: 3. Oktober<br>\u2022 Weihnachten: 24. Dezember und 25. Dezember<br>\u2022 Silvester: 31. Dezember<br><br><br><strong>Was kostet der Eintritt?<\/strong><br><br>Der Eintritt kostet f\u00fcr Erwachsene <strong>10 Euro.<\/strong><br>F\u00fcr <strong>Kinder und Jugendliche<\/strong> unter 18 Jahren kostet der <br>Eintritt nichts.<br>Am <strong>Sonntag <\/strong>kostet der Eintritt nur <strong>1 Euro.<\/strong><br><br>Der Eintritt ist zum Beispiel billiger f\u00fcr:<br>  \u2022 Studierende<br>  \u2022 Erwachsene ab 65 Jahren<br>  \u2022 Gruppen <br>  \u2022 Menschen mit schweren Behinderungen<br><br>F\u00fcr eingetragene Begleit-Personen kostet der Eintritt nichts.<br>Bitte bringen Sie Ihren Ausweis mit.<\/p>\n<\/div>\n<\/div>\n\n\n\n\n<div  class='row'>\n\n<div  class='col col-xs-12 col-md-8'>\n\n<div class='wp-block-ho-buttons '>\n<div class=\"wp-block-ho-buttons-item\">\n\t<a href=\"https:\/\/www.die-neue-sammlung.de\/ls\/besuchs-infos\/\"  target=\"\" role=\"button\" aria-pressed=\"false\" rel=\"nofollow\" class=\"ho-button is-primary has-outgoing-link-icon-left\">\n\t\t\t\t<span class=\"ho-button-label \">Besuch planen<\/span>\n\t<\/a>\n<\/div>\n<\/div>\n<\/div>\n<\/div>\n<\/div>\n<\/section>\n\n<section class='wp-block-ho-pattern ' data-pattern='ho\/text-mit-button'>\n\n<div  class='container-fluid margin-bottom-7'>\n\n<div  class='row padding-bottom-4'>\n\n<div  class='col col-xs-12 col-md-8'>\t<p class='body'><br><strong>Welche barriere-freien Angebote gibt es?<\/strong><br><br>Die Neue Sammlung \u2013 The Design Museum hat <strong>seit 2020<\/strong><br>ein <strong>inklusives Angebot<\/strong>.<br>Das bedeutet: <br>Menschen mit und ohne Behinderungen sollen <br>die Ausstellung auf verschiedene Arten erleben k\u00f6nnen.<br>Das Programm gibt es <strong>analog und digital<\/strong>.<br>Analog bedeutet: mit Texten auf Papier oder auf der Wand.<br>Digital bedeutet hier: <br>Die Texte und andere Informationen gibt es auch f\u00fcr Handys, <br>Tablets und Computer.<br>Die <strong>Texte <\/strong>sind <strong>in leicht verst\u00e4ndlicher Sprache<\/strong>.<br>Die Texte gibt es auch zum <strong>H\u00f6ren<\/strong>.<br>Es gibt auch <strong>F\u00fchrungen <\/strong>f\u00fcr Menschen mit Seh-Behinderungen.<br>Und es gibt <strong>F\u00fchrungen in Deutscher Geb\u00e4rden-Sprache<\/strong> f\u00fcr<br>Menschen mit H\u00f6r-Behinderungen.<br><br>Im X-D-E-P-O-T gibt es eine inklusive Tast-Station f\u00fcr:<br>   \u2022 Menschen mit Seh-Behinderungen<br>   \u2022 Menschen mit H\u00f6r-Behinderungen<br>   \u2022 Menschen mit Lern-Schwierigkeiten<br>   \u2022 Menschen mit Bewegungs-Schwierigkeiten<\/p>\n<\/div>\n<\/div>\n\n\n\n\n<div  class='row'>\n\n<div  class='col col-xs-12 col-md-8'>\n\n<div class='wp-block-ho-buttons '>\n<div class=\"wp-block-ho-buttons-item\">\n\t<a href=\"https:\/\/www.die-neue-sammlung.de\/ls\/ausstellung\/eine-inklusive-taststation-im-x-d-e-p-o-t\/\"  target=\"\" role=\"button\" aria-pressed=\"false\" rel=\"nofollow\" class=\"ho-button is-primary has-outgoing-link-icon-left\">\n\t\t\t\t<span class=\"ho-button-label \">Zur Taststation<\/span>\n\t<\/a>\n<\/div>\n<\/div>\n<\/div>\n<\/div>\n<\/div>\n<\/section>\n\n<section class='wp-block-ho-pattern ' data-pattern='ho\/sponsoren-logos'>\n\n<div  class='container-fluid'><ul class=\"wp-block wp-block-ho-grid row row middle-xs center-xs\">\n\t<li class=\"wp-block-ho-grid-item col col-xs-6 col-sm-3\">\n\t<figure itemscope itemtype=\"http:\/\/schema.org\/ImageObject\" class=\"lazy-media-inline \" role=\"group\" aria-describedby=\"media_69e505ee1ee22\">\n<div class=\"height-container \" style=\"padding-bottom:78.343949044586%;   \">\n\t<div class=\"height-container-contents lazy-media-contents\">\n\t\n\n\t\n\t\n<div class=\"lazy-media loaded\">\n\t<img decoding=\"async\" src=\"https:\/\/staging.die-neue-sammlung.de\/wp-content\/uploads\/2024\/02\/Screenshot-2024-02-28-at-20-21-43-Die-Neue-Sammlung-\u2013-The-Design-Museum-DNS_Onepager-Website_A2_bf-PDF.pdf.png\" srcset=\"https:\/\/staging.die-neue-sammlung.de\/wp-content\/uploads\/2024\/02\/Screenshot-2024-02-28-at-20-21-43-Die-Neue-Sammlung-\u2013-The-Design-Museum-DNS_Onepager-Website_A2_bf-PDF.pdf.png 314w, https:\/\/staging.die-neue-sammlung.de\/wp-content\/uploads\/2024\/02\/Screenshot-2024-02-28-at-20-21-43-Die-Neue-Sammlung-\u2013-The-Design-Museum-DNS_Onepager-Website_A2_bf-PDF.pdf-300x235.png 300w\" sizes=\"(max-width: 763px) 50vw, (min-width: 764px) and (max-width: 1023px) 50vw, (min-width: 1024px) 50vw\" alt=\"\" loading=\"lazy\" \/>\n<\/div>\t\t<\/div>\n<\/div>\n\n\n\n\n\n\n<\/figure>\n\n\t\t<\/li><li class=\"wp-block-ho-grid-item col col-xs-6 col-sm-3\">\n\t<figure itemscope itemtype=\"http:\/\/schema.org\/ImageObject\" class=\"lazy-media-inline \" role=\"group\" aria-describedby=\"media_69e505ee1f209\">\n<div class=\"height-container \" style=\"padding-bottom:42.010309278351%;   \">\n\t<div class=\"height-container-contents lazy-media-contents\">\n\t\n\n\t\n\t\n<div class=\"lazy-media loaded\">\n\t<img decoding=\"async\" src=\"https:\/\/staging.die-neue-sammlung.de\/wp-content\/uploads\/2024\/02\/Screenshot-2024-02-28-at-20-20-02-Die-Neue-Sammlung-\u2013-The-Design-Museum-DNS_Onepager-Website_A2_bf-PDF.pdf.png\" srcset=\"https:\/\/staging.die-neue-sammlung.de\/wp-content\/uploads\/2024\/02\/Screenshot-2024-02-28-at-20-20-02-Die-Neue-Sammlung-\u2013-The-Design-Museum-DNS_Onepager-Website_A2_bf-PDF.pdf.png 388w, https:\/\/staging.die-neue-sammlung.de\/wp-content\/uploads\/2024\/02\/Screenshot-2024-02-28-at-20-20-02-Die-Neue-Sammlung-\u2013-The-Design-Museum-DNS_Onepager-Website_A2_bf-PDF.pdf-300x126.png 300w\" sizes=\"(max-width: 763px) 50vw, (min-width: 764px) and (max-width: 1023px) 50vw, (min-width: 1024px) 50vw\" alt=\"\" loading=\"lazy\" \/>\n<\/div>\t\t<\/div>\n<\/div>\n\n\n\n\n\n\n<\/figure>\n\n\t\t<\/li><\/ul><\/div>\n<\/section>\n\n<section class='wp-block-ho-pattern ' data-pattern='ho\/einfacher-text'>\n\n<div  class='container-fluid margin-bottom-7'>\n\n<div  class='row'>\n\n<div  class='col col-xs-12 col-md-8'>\t<p class='body'><strong>G\u00fcte-Siegel<\/strong><br>Dieses Zeichen ist ein G\u00fcte-Siegel.<br>Das G\u00fcte-Siegel bekommt ein Text,<br>wenn eine Pr\u00fcf-Gruppe ihn gepr\u00fcft hat.<br>Texte mit diesem G\u00fcte-Siegel sind leicht verst\u00e4ndlich.<br>Leicht Lesen gibt es in 3 Stufen.<br><br>B1: leicht verst\u00e4ndlich<br>A2: noch leichter verst\u00e4ndlich<br>A1: am leichtesten verst\u00e4ndlich<\/p>\n<\/div>\n<\/div>\n<\/div>\n<\/section>","protected":false},"excerpt":{"rendered":"<p>Willkommen auf der Seite von<br \/>\nDie Neue Sammlung<\/p>\n","protected":false},"author":6,"featured_media":7693,"parent":0,"menu_order":0,"comment_status":"closed","ping_status":"closed","template":"","meta":{"_acf_changed":false,"ho_image_focal_point":"","footnotes":""},"class_list":["post-8217","page","type-page","status-publish","has-post-thumbnail","hentry"],"acf":{"audio":"","video":"","poster":"","noindex":false,"keywords":"","seo_titel":""},"_links":{"self":[{"href":"https:\/\/staging.die-neue-sammlung.de\/ls\/wp-json\/wp\/v2\/pages\/8217","targetHints":{"allow":["GET"]}}],"collection":[{"href":"https:\/\/staging.die-neue-sammlung.de\/ls\/wp-json\/wp\/v2\/pages"}],"about":[{"href":"https:\/\/staging.die-neue-sammlung.de\/ls\/wp-json\/wp\/v2\/types\/page"}],"author":[{"embeddable":true,"href":"https:\/\/staging.die-neue-sammlung.de\/ls\/wp-json\/wp\/v2\/users\/6"}],"replies":[{"embeddable":true,"href":"https:\/\/staging.die-neue-sammlung.de\/ls\/wp-json\/wp\/v2\/comments?post=8217"}],"version-history":[{"count":6,"href":"https:\/\/staging.die-neue-sammlung.de\/ls\/wp-json\/wp\/v2\/pages\/8217\/revisions"}],"predecessor-version":[{"id":13671,"href":"https:\/\/staging.die-neue-sammlung.de\/ls\/wp-json\/wp\/v2\/pages\/8217\/revisions\/13671"}],"wp:featuredmedia":[{"embeddable":true,"href":"https:\/\/staging.die-neue-sammlung.de\/ls\/wp-json\/wp\/v2\/media\/7693"}],"wp:attachment":[{"href":"https:\/\/staging.die-neue-sammlung.de\/ls\/wp-json\/wp\/v2\/media?parent=8217"}],"curies":[{"name":"wp","href":"https:\/\/api.w.org\/{rel}","templated":true}]}}