{"id":6983,"date":"2024-02-28T19:51:56","date_gmt":"2024-02-28T18:51:56","guid":{"rendered":"https:\/\/www.die-neue-sammlung.de\/das-museum-2\/"},"modified":"2024-03-26T09:34:17","modified_gmt":"2024-03-26T08:34:17","slug":"das-museum-2","status":"publish","type":"page","link":"https:\/\/staging.die-neue-sammlung.de\/ls\/das-museum-2\/","title":{"rendered":"Die Neue Sammlung"},"content":{"rendered":"<section class='wp-block-ho-pattern ' data-pattern='ho\/header-text-und-bild'>\n\n<div  class='container-fluid margin-bottom-7'>\n\n<div  class='row'>\n\n<div  class='col col-xs-12 col-md-6'>\n\n<div  class='margin-bottom-4'>\n<h1>Die Neue Sammlung<\/h1>\n<\/div>\n<\/div>\n<\/div>\n\n\n\n\n<div  class='row'>\n\n<div  class='col col-xs-12 col-md-6'>\n\n<div  class='margin-bottom-4'><div class=body-large>\u00dcber 100 Jahre Design<\/div><\/div>\n<\/div>\n<\/div>\n\n\n\n\n<div  class='row'>\n\n<div  class='col col-xs-12'>\n\n<div  class='margin-bottom-4'><div class=\"wp-block-ho-slot \">\n<div class=\"accessibility-menu\">\n\t<div class=\"wp-block-ho-buttons\">\n\t\t\t\t<div class=\"wp-block-ho-buttons-item\">\n\t\t\t<a href=\"https:\/\/staging.die-neue-sammlung.de\/das-museum-2\/\" class=\"ho-button is-senary icon-with-text-outside-left is-small  invert\" aria-label=\"Leichte Sprache\" rel=\"alternate\">\n\t\t\t\t<span class=\"ho-button-icon icon-leichtesprache\" aria-hidden=\"true\"><\/span>\n\t\t\t\t<span class=\"ho-button-label\">Leichte Sprache<\/span>\n\t\t\t<\/a>\n\t\t<\/div>\n\t\t\n\t\t\n\n\t\t\t<\/div>\n<\/div>\n\n<\/div>\n<\/div>\n<\/div>\n<\/div>\n\n\n\n\n<div  class='row'>\n\n<div  class='col col-xs-12'>\n\n<div  class='margin-bottom-4'><figure itemscope itemtype=\"http:\/\/schema.org\/ImageObject\" class=\"lazy-media-inline \" role=\"group\" aria-describedby=\"media_69e51781b39aa\">\n<div class=\"height-container \" style=\"padding-bottom:34.63%;   \">\n\t<div class=\"height-container-contents lazy-media-contents\">\n\t\n\n\t\n\t\t<lazy-media-inline\n\t\t:sizes=\"{&quot;medium&quot;:{&quot;file&quot;:&quot;Setzkasten-300x235.jpg&quot;,&quot;width&quot;:300,&quot;height&quot;:235,&quot;mime-type&quot;:&quot;image\\\/jpeg&quot;,&quot;filesize&quot;:17319},&quot;large&quot;:{&quot;file&quot;:&quot;Setzkasten-1024x801.jpg&quot;,&quot;width&quot;:1024,&quot;height&quot;:801,&quot;mime-type&quot;:&quot;image\\\/jpeg&quot;,&quot;filesize&quot;:112045},&quot;medium_large&quot;:{&quot;file&quot;:&quot;Setzkasten-768x601.jpg&quot;,&quot;width&quot;:768,&quot;height&quot;:601,&quot;mime-type&quot;:&quot;image\\\/jpeg&quot;,&quot;filesize&quot;:71685},&quot;1536x1536&quot;:{&quot;file&quot;:&quot;Setzkasten-1536x1201.jpg&quot;,&quot;width&quot;:1536,&quot;height&quot;:1201,&quot;mime-type&quot;:&quot;image\\\/jpeg&quot;,&quot;filesize&quot;:210135},&quot;2048x2048&quot;:{&quot;file&quot;:&quot;Setzkasten-2048x1602.jpg&quot;,&quot;width&quot;:2048,&quot;height&quot;:1602,&quot;mime-type&quot;:&quot;image\\\/jpeg&quot;,&quot;filesize&quot;:332628},&quot;small&quot;:{&quot;file&quot;:&quot;Setzkasten-440x344.jpg&quot;,&quot;width&quot;:440,&quot;height&quot;:344,&quot;mime-type&quot;:&quot;image\\\/jpeg&quot;,&quot;filesize&quot;:30253},&quot;semi&quot;:{&quot;file&quot;:&quot;Setzkasten-580x454.jpg&quot;,&quot;width&quot;:580,&quot;height&quot;:454,&quot;mime-type&quot;:&quot;image\\\/jpeg&quot;,&quot;filesize&quot;:46305},&quot;mobile&quot;:{&quot;file&quot;:&quot;Setzkasten-720x563.jpg&quot;,&quot;width&quot;:720,&quot;height&quot;:563,&quot;mime-type&quot;:&quot;image\\\/jpeg&quot;,&quot;filesize&quot;:66010},&quot;hd&quot;:{&quot;file&quot;:&quot;Setzkasten-1280x1001.jpg&quot;,&quot;width&quot;:1280,&quot;height&quot;:1001,&quot;mime-type&quot;:&quot;image\\\/jpeg&quot;,&quot;filesize&quot;:157902},&quot;full&quot;:{&quot;file&quot;:&quot;Setzkasten-1920x1502.jpg&quot;,&quot;width&quot;:1920,&quot;height&quot;:1502,&quot;mime-type&quot;:&quot;image\\\/jpeg&quot;,&quot;filesize&quot;:296808},&quot;original&quot;:{&quot;file&quot;:&quot;Setzkasten.jpg&quot;,&quot;width&quot;:2126,&quot;height&quot;:1663}}\"\n\t\t:alt=\"&quot;Das Bild zeigt einen Setzkasten mit wei\\u00dfen W\\u00e4nden. Er ist von hinten beleuchtet. In den einzelnen Kasten befinden sich M\\u00f6bel, Maschinen und der Entwurf eines Autos. Das sind Sammlungsobjekte des Museums&quot;\"\n\t\t:path=\"&quot;\\\/wp-content\\\/uploads\\\/2024\\\/02\\\/&quot;\"\n\t\t:video=\"&quot;&quot;\"\n\t\t:autoplay=\"null\"\n\t\t:youtube=\"&quot;&quot;\"\n\t\t:youtubelabel=\"&quot;play&quot;\"\n\t\t:brightness=\"1\"\n\t\t:crop=\"{&quot;x&quot;:0.5,&quot;y&quot;:0.5}\"\n\t\t:background=\"true\"\n\t\t:scale=\"1\"\n\t\t:zoom=\"false\"\n\t\t:annotations=\"null\"><\/lazy-media-inline>\n\t\t\t<\/div>\n<\/div>\n\n\n\n\n\n\t\t<figcaption class=\"\" id=\"media_69e51781b39aa\">\n\t\t\t<div class=\"figcaption-wrapper\">\n\t\t\t\t\t\t\t<div class=\"lazy-media-image-label\">Der Setzkasten ist das Erste, was man vor der Treppe zum Design Museum sieht.<\/div>\n\t\t\t\t\t\t\t\t\t\t<div class=\"lazy-media-image-description\">Foto: Die Neue Sammlung <\/div>\n\t\t\t\t\t\t\t\t\t<\/div>\n\t\t<\/figcaption>\n\t\n<\/figure>\n\n\t\t<\/div>\n<\/div>\n<\/div>\n<\/div>\n<\/section>\n\n<section class='wp-block-ho-pattern ' data-pattern='ho\/einfacher-text'>\n\n<div  class='container-fluid margin-bottom-7'>\n\n<div  class='row'>\n\n<div  class='col col-xs-12 col-md-8'>\t<p class='body'><strong>Was ist Die Neue Sammlung?<\/strong><br><br>Die Neue Sammlung ist das <strong>Design-Museum<\/strong> in M\u00fcnchen.<br>Design ist Englisch und bedeutet:<br>Form-Gebung oder Gestaltung.<br>Man spricht es so aus: Di-sein.<br>Es bedeutet auch: Angewandte Kunst.<br>Die Angewandte Kunst besch\u00e4ftigt sich mit<br>der Gestaltung von Alltags-Gegenst\u00e4nden.<br><br>Die Neue Sammlung ist das <strong>\u00e4lteste Design-Museum <\/strong>auf<br>der Welt.<br>Und es geh\u00f6rt zu den wichtigsten Design-Museen.<br>Museen ist die Mehrzahl von Museum.<\/p>\n<\/div>\n<\/div>\n<\/div>\n<\/section>\n\n<section class='wp-block-ho-pattern ' data-pattern='ho\/bild-rechts'>\n\n<div  class='container-fluid margin-bottom-7'>\n\n<div  class='row'>\n\n<div  class='col col-xs-8 col-md-6 col-md-offset-6 col-xs-offset-4'><figure itemscope itemtype=\"http:\/\/schema.org\/ImageObject\" class=\"lazy-media-inline \" role=\"group\" aria-describedby=\"media_69e51781b4b57\">\n<div class=\"height-container \" style=\"padding-bottom:138.46153846154%;   \">\n\t<div class=\"height-container-contents lazy-media-contents\">\n\t\n\n\t\n\t\n<div class=\"lazy-media loaded\">\n\t<img decoding=\"async\" src=\"https:\/\/staging.die-neue-sammlung.de\/wp-content\/uploads\/2024\/03\/7288-1982_hr_11876-1387x1920.jpg\" srcset=\"https:\/\/staging.die-neue-sammlung.de\/wp-content\/uploads\/2024\/03\/7288-1982_hr_11876-1387x1920.jpg 1387w, https:\/\/staging.die-neue-sammlung.de\/wp-content\/uploads\/2024\/03\/7288-1982_hr_11876-217x300.jpg 217w, https:\/\/staging.die-neue-sammlung.de\/wp-content\/uploads\/2024\/03\/7288-1982_hr_11876-740x1024.jpg 740w, https:\/\/staging.die-neue-sammlung.de\/wp-content\/uploads\/2024\/03\/7288-1982_hr_11876-768x1063.jpg 768w, https:\/\/staging.die-neue-sammlung.de\/wp-content\/uploads\/2024\/03\/7288-1982_hr_11876-1109x1536.jpg 1109w, https:\/\/staging.die-neue-sammlung.de\/wp-content\/uploads\/2024\/03\/7288-1982_hr_11876-1479x2048.jpg 1479w, https:\/\/staging.die-neue-sammlung.de\/wp-content\/uploads\/2024\/03\/7288-1982_hr_11876-318x440.jpg 318w, https:\/\/staging.die-neue-sammlung.de\/wp-content\/uploads\/2024\/03\/7288-1982_hr_11876-419x580.jpg 419w, https:\/\/staging.die-neue-sammlung.de\/wp-content\/uploads\/2024\/03\/7288-1982_hr_11876-520x720.jpg 520w, https:\/\/staging.die-neue-sammlung.de\/wp-content\/uploads\/2024\/03\/7288-1982_hr_11876-924x1280.jpg 924w\" sizes=\"(max-width: 763px) 100vw, (qmin-width: 764px) and (max-width: 1023px) 100vw, (min-width: 1024px) 100vw\" alt=\"Plakat zur ersten Ausstellung des Bayerischen Nationalmuseums\" loading=\"lazy\" \/>\n<\/div>\t\t<\/div>\n<\/div>\n\n\n\n\n\n\t\t<figcaption class=\"\" id=\"media_69e51781b4b57\">\n\t\t\t<div class=\"figcaption-wrapper\">\n\t\t\t\t\t\t\t<div class=\"lazy-media-image-label\">Plakat zur ersten Ausstellung der Neuen Sammlung im Bayerischen Nationalmuseum, Abteilung f\u00fcr Gewerbekunst, 1926.<\/div>\n\t\t\t\t\t\t\t\t\t\t<div class=\"lazy-media-image-description\">Foto: Archiv Die Neue Sammlung <\/div>\n\t\t\t\t\t\t\t\t\t<\/div>\n\t\t<\/figcaption>\n\t\n<\/figure>\n\n\t\t<\/div>\n<\/div>\n<\/div>\n<\/section>\n\n<section class='wp-block-ho-pattern ' data-pattern='ho\/einfacher-text'>\n\n<div  class='container-fluid margin-bottom-7'>\n\n<div  class='row'>\n\n<div  class='col col-xs-12 col-md-8'>\t<p class='body'><strong>Was stellt das Museum aus?<\/strong><br><br>Die Neue Sammlung besitzt <strong>mehr als 120 Tausend Objekte.<\/strong><br>Objekte sind Gegenst\u00e4nde,<br>die das Museum in der Ausstellung zeigt.<br>Das Museum besitzt sehr viele Objekte<br>aus den letzten 150 Jahren.<br><br>Das Museum sammelt Objekte aus 20 Design-Gebieten.<br>Zum Beispiel:<br>\u2022 Industrie<br>Die Industrie erzeugt Alltags-Gegenst\u00e4nde f\u00fcr<br>sehr viele Menschen.<br>Zum Beispiel: Haushalts-Ger\u00e4te, M\u00f6bel oder Fahrzeuge.<br>\u2022 Grafik<br>Zum Beispiel: B\u00fccher, Plakate oder Verpackungen.<br>\u2022 Informatik<br>Die Informatik befasst sich mit<br>der elektronischen Daten-Verarbeitung.<br>Computer verarbeiten zum Beispiel elektronische Daten.<br>\u2022 Mobilit\u00e4t<br>Mobilit\u00e4t bedeutet: Fort-Bewegung mit Verkehrs-Mitteln.<br>\u2022 Andere Bereiche sind:<br>Keramik, Metall, Glas, Textilien und Schmuck.<br><br><strong>Seit wann gibt es das Museum?<\/strong><br><br>Die Entstehungs-Geschichte vom Museum<br>beginnt im Jahr 1903.<br>Damals war die Gr\u00fcndung von:<br>M\u00fcnchner Vereinigung f\u00fcr angewandte Kunst.<br>Diese Vereinigung hat ab 1911 so gehei\u00dfen: M\u00fcnchner Bund.<br><br>1912 hat man mit der Sammlung begonnen.<br>Sie hat <strong>Moderne Vorbilder-Sammlung<\/strong> gehei\u00dfen.<br>Diese Sammlung hat moderne Design-Objekte ausgestellt.<br><br><strong>1925<\/strong> war dann die Gr\u00fcndung von<br><strong>Die Neue Sammlung \u2013 The Design Museum<\/strong>.<br>Ein Jahr sp\u00e4ter war die Er\u00f6ffnung in der Prinz-Regenten-Stra\u00dfe.<\/p>\n<\/div>\n<\/div>\n<\/div>\n<\/section>\n\n<section class='wp-block-ho-pattern ' data-pattern='ho\/video-rechts'>\n\n<div  class='container-fluid margin-bottom-7'>\n\n<div  class='row'>\n\n<div  class='col col-xs-8 col-md-6 col-md-offset-6 col-xs-offset-4'><figure itemscope itemtype=\"http:\/\/schema.org\/ImageObject\" class=\"lazy-media-inline \" role=\"group\" aria-describedby=\"media_69e51781b62e3\">\n<div class=\"height-container \" style=\"padding-bottom:56.25%;   \">\n\t<div class=\"height-container-contents lazy-media-contents\">\n\t\n\n\t\n\t\t<lazy-media-inline\n\t\t:sizes=\"{&quot;medium&quot;:{&quot;file&quot;:&quot;Bildschirmfoto-2024-02-28-um-19.16.53-300x163.png&quot;,&quot;width&quot;:300,&quot;height&quot;:163,&quot;mime-type&quot;:&quot;image\\\/png&quot;,&quot;filesize&quot;:24972},&quot;large&quot;:{&quot;file&quot;:&quot;Bildschirmfoto-2024-02-28-um-19.16.53-1024x557.png&quot;,&quot;width&quot;:1024,&quot;height&quot;:557,&quot;mime-type&quot;:&quot;image\\\/png&quot;,&quot;filesize&quot;:155065},&quot;medium_large&quot;:{&quot;file&quot;:&quot;Bildschirmfoto-2024-02-28-um-19.16.53-768x418.png&quot;,&quot;width&quot;:768,&quot;height&quot;:418,&quot;mime-type&quot;:&quot;image\\\/png&quot;,&quot;filesize&quot;:102652},&quot;small&quot;:{&quot;file&quot;:&quot;Bildschirmfoto-2024-02-28-um-19.16.53-440x240.png&quot;,&quot;width&quot;:440,&quot;height&quot;:240,&quot;mime-type&quot;:&quot;image\\\/png&quot;,&quot;filesize&quot;:44878},&quot;semi&quot;:{&quot;file&quot;:&quot;Bildschirmfoto-2024-02-28-um-19.16.53-580x316.png&quot;,&quot;width&quot;:580,&quot;height&quot;:316,&quot;mime-type&quot;:&quot;image\\\/png&quot;,&quot;filesize&quot;:67671},&quot;mobile&quot;:{&quot;file&quot;:&quot;Bildschirmfoto-2024-02-28-um-19.16.53-720x392.png&quot;,&quot;width&quot;:720,&quot;height&quot;:392,&quot;mime-type&quot;:&quot;image\\\/png&quot;,&quot;filesize&quot;:92695},&quot;hd&quot;:{&quot;file&quot;:&quot;Bildschirmfoto-2024-02-28-um-19.16.53-1280x697.png&quot;,&quot;width&quot;:1280,&quot;height&quot;:697,&quot;mime-type&quot;:&quot;image\\\/png&quot;,&quot;filesize&quot;:212299},&quot;original&quot;:{&quot;file&quot;:&quot;Bildschirmfoto-2024-02-28-um-19.16.53.png&quot;,&quot;width&quot;:1418,&quot;height&quot;:772}}\"\n\t\t:alt=\"&quot;&quot;\"\n\t\t:path=\"&quot;\\\/wp-content\\\/uploads\\\/2024\\\/02\\\/&quot;\"\n\t\t:video=\"&quot;https:\\\/\\\/www.die-neue-sammlung.de\\\/wp-content\\\/uploads\\\/2023\\\/11\\\/flowers.mp4&quot;\"\n\t\t:autoplay=\"null\"\n\t\t:youtube=\"&quot;https:\\\/\\\/www.youtube.com\\\/watch?v=ZFx7bOsbKS0&quot;\"\n\t\t:youtubelabel=\"&quot;play&quot;\"\n\t\t:brightness=\"1\"\n\t\t:crop=\"{&quot;x&quot;:0.5,&quot;y&quot;:0.5}\"\n\t\t:background=\"true\"\n\t\t:scale=\"1\"\n\t\t:zoom=\"false\"\n\t\t:annotations=\"null\"><\/lazy-media-inline>\n\t\t\t<\/div>\n<\/div>\n\n\n\n\n\n\t\t<figcaption class=\"\" id=\"media_69e51781b62e3\">\n\t\t\t<div class=\"figcaption-wrapper\">\n\t\t\t\t\t\t\t<div class=\"lazy-media-image-label\">Image-Video<\/div>\n\t\t\t\t\t\t\t\t\t\t<div class=\"lazy-media-image-description\">Die Neue Sammlung <\/div>\n\t\t\t\t\t\t\t\t\t<\/div>\n\t\t<\/figcaption>\n\t\n<\/figure>\n\n\t\t<\/div>\n<\/div>\n<\/div>\n<\/section>\n\n<section class='wp-block-ho-pattern ' data-pattern='ho\/zwei-bilder'>\n\n<div  class='container-fluid margin-bottom-7'>\n\n<div  class='row pattern-two-images-align-bottom'>\n\n<div  class='col col-xs-6'>\n\n<div  class='flex-align-bottom-center sizes-height-fill'><figure itemscope itemtype=\"http:\/\/schema.org\/ImageObject\" class=\"lazy-media-inline \" role=\"group\" aria-describedby=\"media_69e51781b7ada\">\n<div class=\"height-container \" style=\"padding-bottom:66.666666666667%;   \">\n\t<div class=\"height-container-contents lazy-media-contents\">\n\t\n\n\t\n\t\n<div class=\"lazy-media loaded\">\n\t<img decoding=\"async\" src=\"https:\/\/staging.die-neue-sammlung.de\/wp-content\/uploads\/2024\/02\/Futuro-Haus-vor-Museum-Brandhorst-\u00a9-Muenchen-Tourismus-Peter-Neusser-1920x1280.jpg\" srcset=\"https:\/\/staging.die-neue-sammlung.de\/wp-content\/uploads\/2024\/02\/Futuro-Haus-vor-Museum-Brandhorst-\u00a9-Muenchen-Tourismus-Peter-Neusser-1920x1280.jpg 1920w, https:\/\/staging.die-neue-sammlung.de\/wp-content\/uploads\/2024\/02\/Futuro-Haus-vor-Museum-Brandhorst-\u00a9-Muenchen-Tourismus-Peter-Neusser-300x200.jpg 300w, https:\/\/staging.die-neue-sammlung.de\/wp-content\/uploads\/2024\/02\/Futuro-Haus-vor-Museum-Brandhorst-\u00a9-Muenchen-Tourismus-Peter-Neusser-1024x683.jpg 1024w, https:\/\/staging.die-neue-sammlung.de\/wp-content\/uploads\/2024\/02\/Futuro-Haus-vor-Museum-Brandhorst-\u00a9-Muenchen-Tourismus-Peter-Neusser-768x512.jpg 768w, https:\/\/staging.die-neue-sammlung.de\/wp-content\/uploads\/2024\/02\/Futuro-Haus-vor-Museum-Brandhorst-\u00a9-Muenchen-Tourismus-Peter-Neusser-1536x1024.jpg 1536w, https:\/\/staging.die-neue-sammlung.de\/wp-content\/uploads\/2024\/02\/Futuro-Haus-vor-Museum-Brandhorst-\u00a9-Muenchen-Tourismus-Peter-Neusser-2048x1365.jpg 2048w, https:\/\/staging.die-neue-sammlung.de\/wp-content\/uploads\/2024\/02\/Futuro-Haus-vor-Museum-Brandhorst-\u00a9-Muenchen-Tourismus-Peter-Neusser-440x293.jpg 440w, https:\/\/staging.die-neue-sammlung.de\/wp-content\/uploads\/2024\/02\/Futuro-Haus-vor-Museum-Brandhorst-\u00a9-Muenchen-Tourismus-Peter-Neusser-580x387.jpg 580w, https:\/\/staging.die-neue-sammlung.de\/wp-content\/uploads\/2024\/02\/Futuro-Haus-vor-Museum-Brandhorst-\u00a9-Muenchen-Tourismus-Peter-Neusser-720x480.jpg 720w, https:\/\/staging.die-neue-sammlung.de\/wp-content\/uploads\/2024\/02\/Futuro-Haus-vor-Museum-Brandhorst-\u00a9-Muenchen-Tourismus-Peter-Neusser-1280x853.jpg 1280w\" sizes=\"(max-width: 763px) 100vw, (qmin-width: 764px) and (max-width: 1023px) 100vw, (min-width: 1024px) 100vw\" alt=\"Das Bild zeigt das mobile Wohnhaus Futuro, welches einem Ufo \u00e4hnelt. Es steht vor der Pinakothek der Poderne auf einer Wiese. Im Hintergrund sieht man den quadratischen, bunten Bau des Museum Brandhorst.\" loading=\"lazy\" \/>\n<\/div>\t\t<\/div>\n<\/div>\n\n\n\n\n\n\t\t<figcaption class=\"\" id=\"media_69e51781b7ada\">\n\t\t\t<div class=\"figcaption-wrapper\">\n\t\t\t\t\t\t\t<div class=\"lazy-media-image-label\">Matti Suuronen, FUTURO, 1965-67. Das mobile Haus vor der Pinakothek der Moderne geh\u00f6rt zur Neuen Sammlung.<\/div>\n\t\t\t\t\t\t\t\t\t\t<div class=\"lazy-media-image-description\">\u00a9 M\u00fcnchen Tourismus Peter Neusser <\/div>\n\t\t\t\t\t\t\t\t\t<\/div>\n\t\t<\/figcaption>\n\t\n<\/figure>\n\n\t\t<\/div>\n<\/div>\n\n\n\n\n<div  class='col col-xs-6'>\n\n<div  class='flex-align-bottom-center sizes-height-fill'><figure itemscope itemtype=\"http:\/\/schema.org\/ImageObject\" class=\"lazy-media-inline \" role=\"group\" aria-describedby=\"media_69e51781b7e1f\">\n<div class=\"height-container \" style=\"padding-bottom:74.975235264983%;   \">\n\t<div class=\"height-container-contents lazy-media-contents\">\n\t\n\n\t\n\t\n<div class=\"lazy-media loaded\">\n\t<img decoding=\"async\" src=\"https:\/\/staging.die-neue-sammlung.de\/wp-content\/uploads\/2024\/02\/dns-xd_CF214410_kellermann-1920x1440.jpg\" srcset=\"https:\/\/staging.die-neue-sammlung.de\/wp-content\/uploads\/2024\/02\/dns-xd_CF214410_kellermann-1920x1440.jpg 1920w, https:\/\/staging.die-neue-sammlung.de\/wp-content\/uploads\/2024\/02\/dns-xd_CF214410_kellermann-300x225.jpg 300w, https:\/\/staging.die-neue-sammlung.de\/wp-content\/uploads\/2024\/02\/dns-xd_CF214410_kellermann-1024x768.jpg 1024w, https:\/\/staging.die-neue-sammlung.de\/wp-content\/uploads\/2024\/02\/dns-xd_CF214410_kellermann-768x576.jpg 768w, https:\/\/staging.die-neue-sammlung.de\/wp-content\/uploads\/2024\/02\/dns-xd_CF214410_kellermann-1536x1152.jpg 1536w, https:\/\/staging.die-neue-sammlung.de\/wp-content\/uploads\/2024\/02\/dns-xd_CF214410_kellermann-2048x1535.jpg 2048w, https:\/\/staging.die-neue-sammlung.de\/wp-content\/uploads\/2024\/02\/dns-xd_CF214410_kellermann-440x330.jpg 440w, https:\/\/staging.die-neue-sammlung.de\/wp-content\/uploads\/2024\/02\/dns-xd_CF214410_kellermann-580x435.jpg 580w, https:\/\/staging.die-neue-sammlung.de\/wp-content\/uploads\/2024\/02\/dns-xd_CF214410_kellermann-720x540.jpg 720w, https:\/\/staging.die-neue-sammlung.de\/wp-content\/uploads\/2024\/02\/dns-xd_CF214410_kellermann-1280x960.jpg 1280w\" sizes=\"(max-width: 763px) 50vw, (min-width: 764px) and (max-width: 1023px) 50vw, (min-width: 1024px) 50vw\" alt=\"Das Bild zeigt einen Gang mit schwarzem Boden und wei\u00dfen Ballustraden. Rechts sind Glasvitrinen, links blickt man ins X-D-E-P-O-T mit hohen Regalen. In den Regalen stehen verschiedene, bunte Sammlungsobjekte, wie M\u00f6bel.\" loading=\"lazy\" \/>\n<\/div>\t\t<\/div>\n<\/div>\n\n\n\n\n\n\t\t<figcaption class=\"\" id=\"media_69e51781b7e1f\">\n\t\t\t<div class=\"figcaption-wrapper\">\n\t\t\t\t\t\t\t<div class=\"lazy-media-image-label\">X-D-E-P-O-T, 2021.<\/div>\n\t\t\t\t\t\t\t\t\t\t<div class=\"lazy-media-image-description\">Foto: Kellermann <\/div>\n\t\t\t\t\t\t\t\t\t<\/div>\n\t\t<\/figcaption>\n\t\n<\/figure>\n\n\t\t<\/div>\n<\/div>\n<\/div>\n<\/div>\n<\/section>\n\n<section class='wp-block-ho-pattern ' data-pattern='ho\/uberschrift-mit-text-und-zwei-buttons'>\n\n<div  class='container-fluid margin-bottom-7'>\n\n<div  class='row padding-bottom-4'>\n\n<div  class='col col-xs-12 col-md-8'>\n<h2 class='h2' style=\"white-space: normal;\">Wo ist das Museum jetzt?<\/h2>\n<\/div>\n<\/div>\n\n\n\n\n<div  class='row padding-bottom-4'>\n\n<div  class='col col-xs-12 col-md-8'>\t<p class='body'>Seit 2002 ist Die Neue Sammlung \u2013 The Design Museum in<br>der <strong>Pinakothek der Moderne<\/strong>.<br>Eine Pinakothek ist ein gro\u00dfes Museum.<br>Die Pinakothek der Moderne besteht aus 4 Museen:<br>\u2022 f\u00fcr Kunst<br>\u2022 Architektur<br>\u2022 Grafik<br>\u2022 Design<br><br>Die Pinakothek der Moderne ist in der <strong>Maxvorstadt<\/strong><br>auf dem Kunst-Areal.<br>Kunst-Areal bedeutet:<br>Hier gibt es noch viele andere Museen in der N\u00e4he.<br>Zum Beispiel:<br>\u2022 die Alte Pinakothek<br>\u2022 das Lenbach-Haus<br>\u2022 das Museum Brandhorst.<br><br>Rund um die Pinakothek der Moderne sind Geb\u00e4ude von<br>der Technischen Universit\u00e4t M\u00fcnchen.<br>Viel fr\u00fcher war dort die T\u00fcrken-Kaserne.<br>In einer Kaserne wohnen Soldaten.<br>Im Zweiten Weltkrieg ist sie fast ganz zerst\u00f6rt worden.<br>Danach hat der Zirkus Roncalli den Platz<br>fast 20 Jahre lang genutzt.<br><br>1990 hat die Bayerische Staats-Regierung beschlossen,<br>dass auf dem Platz ein Museum stehen soll.<br>Der M\u00fcnchner <strong>Architekt Stephan Braunfels<\/strong> hat dann<br>die Pinakothek der Moderne geplant.<br>Der <strong>Eingang<\/strong> ist in der <strong>Barerstra\u00dfe<\/strong>.<br>Dadurch gibt es eine Verbindung zwischen der Alten Pinakothek<br>und der Neuen Pinakothek.<br>Und es gibt auch eine Verbindung zur Innenstadt<\/p>\n<\/div>\n<\/div>\n\n\n\n\n<div  class='row'>\n\n<div  class='col col-xs-12 col-md-8'>\n\n<div class='wp-block-ho-buttons '>\n<div class=\"wp-block-ho-buttons-item\">\n\t<a href=\"https:\/\/www.die-neue-sammlung.de\/ls\/das-kunstareal\/\"  target=\"\" role=\"button\" aria-pressed=\"false\" rel=\"nofollow\" class=\"ho-button is-primary has-outgoing-link-icon-left\">\n\t\t\t\t<span class=\"ho-button-label \">\u00dcber das Kunst-Areal<\/span>\n\t<\/a>\n<\/div>\n\n\n\n<div class=\"wp-block-ho-buttons-item\">\n\t<a href=\"https:\/\/www.die-neue-sammlung.de\/ls\/die-standorte\/\"  target=\"\" role=\"button\" aria-pressed=\"false\" rel=\"nofollow\" class=\"ho-button is-tertiary has-outgoing-link-icon-left\">\n\t\t\t\t<span class=\"ho-button-label \">\u00dcber den Standort<\/span>\n\t<\/a>\n<\/div>\n<\/div>\n<\/div>\n<\/div>\n<\/div>\n<\/section>\n\n<section class='wp-block-ho-pattern ' data-pattern='ho\/sponsoren-logos'>\n\n<div  class='container-fluid'><ul class=\"wp-block wp-block-ho-grid row row middle-xs center-xs\">\n\t<li class=\"wp-block-ho-grid-item col col-xs-6 col-sm-3\">\n\t<figure itemscope itemtype=\"http:\/\/schema.org\/ImageObject\" class=\"lazy-media-inline \" role=\"group\" aria-describedby=\"media_69e51781bb289\">\n<div class=\"height-container \" style=\"padding-bottom:78.343949044586%;   \">\n\t<div class=\"height-container-contents lazy-media-contents\">\n\t\n\n\t\n\t\n<div class=\"lazy-media loaded\">\n\t<img decoding=\"async\" src=\"https:\/\/staging.die-neue-sammlung.de\/wp-content\/uploads\/2024\/02\/Screenshot-2024-02-28-at-20-21-43-Die-Neue-Sammlung-\u2013-The-Design-Museum-DNS_Onepager-Website_A2_bf-PDF.pdf.png\" srcset=\"https:\/\/staging.die-neue-sammlung.de\/wp-content\/uploads\/2024\/02\/Screenshot-2024-02-28-at-20-21-43-Die-Neue-Sammlung-\u2013-The-Design-Museum-DNS_Onepager-Website_A2_bf-PDF.pdf.png 314w, https:\/\/staging.die-neue-sammlung.de\/wp-content\/uploads\/2024\/02\/Screenshot-2024-02-28-at-20-21-43-Die-Neue-Sammlung-\u2013-The-Design-Museum-DNS_Onepager-Website_A2_bf-PDF.pdf-300x235.png 300w\" sizes=\"(max-width: 763px) 50vw, (min-width: 764px) and (max-width: 1023px) 50vw, (min-width: 1024px) 50vw\" alt=\"\" loading=\"lazy\" \/>\n<\/div>\t\t<\/div>\n<\/div>\n\n\n\n\n\n\n<\/figure>\n\n\t\t<\/li><li class=\"wp-block-ho-grid-item col col-xs-6 col-sm-3\">\n\t<figure itemscope itemtype=\"http:\/\/schema.org\/ImageObject\" class=\"lazy-media-inline \" role=\"group\" aria-describedby=\"media_69e51781bb695\">\n<div class=\"height-container \" style=\"padding-bottom:42.010309278351%;   \">\n\t<div class=\"height-container-contents lazy-media-contents\">\n\t\n\n\t\n\t\n<div class=\"lazy-media loaded\">\n\t<img decoding=\"async\" src=\"https:\/\/staging.die-neue-sammlung.de\/wp-content\/uploads\/2024\/02\/Screenshot-2024-02-28-at-20-20-02-Die-Neue-Sammlung-\u2013-The-Design-Museum-DNS_Onepager-Website_A2_bf-PDF.pdf.png\" srcset=\"https:\/\/staging.die-neue-sammlung.de\/wp-content\/uploads\/2024\/02\/Screenshot-2024-02-28-at-20-20-02-Die-Neue-Sammlung-\u2013-The-Design-Museum-DNS_Onepager-Website_A2_bf-PDF.pdf.png 388w, https:\/\/staging.die-neue-sammlung.de\/wp-content\/uploads\/2024\/02\/Screenshot-2024-02-28-at-20-20-02-Die-Neue-Sammlung-\u2013-The-Design-Museum-DNS_Onepager-Website_A2_bf-PDF.pdf-300x126.png 300w\" sizes=\"(max-width: 763px) 50vw, (min-width: 764px) and (max-width: 1023px) 50vw, (min-width: 1024px) 50vw\" alt=\"\" loading=\"lazy\" \/>\n<\/div>\t\t<\/div>\n<\/div>\n\n\n\n\n\n\n<\/figure>\n\n\t\t<\/li><\/ul><\/div>\n<\/section>","protected":false},"excerpt":{"rendered":"<p>\u00dcber 100 Jahre Design<\/p>\n","protected":false},"author":6,"featured_media":6974,"parent":0,"menu_order":0,"comment_status":"closed","ping_status":"closed","template":"","meta":{"_acf_changed":false,"ho_image_focal_point":"","footnotes":""},"class_list":["post-6983","page","type-page","status-publish","has-post-thumbnail","hentry"],"acf":{"audio":"","video":"","poster":"","noindex":false,"keywords":"","seo_titel":""},"_links":{"self":[{"href":"https:\/\/staging.die-neue-sammlung.de\/ls\/wp-json\/wp\/v2\/pages\/6983","targetHints":{"allow":["GET"]}}],"collection":[{"href":"https:\/\/staging.die-neue-sammlung.de\/ls\/wp-json\/wp\/v2\/pages"}],"about":[{"href":"https:\/\/staging.die-neue-sammlung.de\/ls\/wp-json\/wp\/v2\/types\/page"}],"author":[{"embeddable":true,"href":"https:\/\/staging.die-neue-sammlung.de\/ls\/wp-json\/wp\/v2\/users\/6"}],"replies":[{"embeddable":true,"href":"https:\/\/staging.die-neue-sammlung.de\/ls\/wp-json\/wp\/v2\/comments?post=6983"}],"version-history":[{"count":9,"href":"https:\/\/staging.die-neue-sammlung.de\/ls\/wp-json\/wp\/v2\/pages\/6983\/revisions"}],"predecessor-version":[{"id":43490,"href":"https:\/\/staging.die-neue-sammlung.de\/ls\/wp-json\/wp\/v2\/pages\/6983\/revisions\/43490"}],"wp:featuredmedia":[{"embeddable":true,"href":"https:\/\/staging.die-neue-sammlung.de\/ls\/wp-json\/wp\/v2\/media\/6974"}],"wp:attachment":[{"href":"https:\/\/staging.die-neue-sammlung.de\/ls\/wp-json\/wp\/v2\/media?parent=6983"}],"curies":[{"name":"wp","href":"https:\/\/api.w.org\/{rel}","templated":true}]}}