{"id":6907,"date":"2024-01-30T13:37:25","date_gmt":"2024-01-30T12:37:25","guid":{"rendered":"https:\/\/www.die-neue-sammlung.de\/das-kunstareal\/"},"modified":"2024-03-26T09:59:16","modified_gmt":"2024-03-26T08:59:16","slug":"das-kunstareal","status":"publish","type":"page","link":"https:\/\/staging.die-neue-sammlung.de\/ls\/das-kunstareal\/","title":{"rendered":"Kunst-Areal M\u00fcnchen"},"content":{"rendered":"<section class='wp-block-ho-pattern ' data-pattern='ho\/header-text-und-bild'>\n\n<div  class='container-fluid margin-bottom-7'>\n\n<div  class='row'>\n\n<div  class='col col-xs-12 col-md-6'>\n\n<div  class='margin-bottom-4'>\n<h1>Kunst-Areal M\u00fcnchen<\/h1>\n<\/div>\n<\/div>\n<\/div>\n\n\n\n\n<div  class='row'>\n\n<div  class='col col-xs-12 col-md-6'>\n\n<div  class='margin-bottom-4'><div class=body-large>Kultur-Geschichte in der Mitte von M\u00fcnchen <\/div><\/div>\n<\/div>\n<\/div>\n\n\n\n\n<div  class='row'>\n\n<div  class='col col-xs-12'>\n\n<div  class='margin-bottom-4'><div class=\"wp-block-ho-slot \">\n<div class=\"accessibility-menu\">\n\t<div class=\"wp-block-ho-buttons\">\n\t\t\t\t<div class=\"wp-block-ho-buttons-item\">\n\t\t\t<a href=\"https:\/\/staging.die-neue-sammlung.de\/das-kunstareal\/\" class=\"ho-button is-senary icon-with-text-outside-left is-small  invert\" aria-label=\"Leichte Sprache\" rel=\"alternate\">\n\t\t\t\t<span class=\"ho-button-icon icon-leichtesprache\" aria-hidden=\"true\"><\/span>\n\t\t\t\t<span class=\"ho-button-label\">Leichte Sprache<\/span>\n\t\t\t<\/a>\n\t\t<\/div>\n\t\t\n\t\t\n\n\t\t\t<\/div>\n<\/div>\n\n<\/div>\n<\/div>\n<\/div>\n<\/div>\n\n\n\n\n<div  class='row'>\n\n<div  class='col col-xs-12'>\n\n<div  class='margin-bottom-4'><figure itemscope itemtype=\"http:\/\/schema.org\/ImageObject\" class=\"lazy-media-inline \" role=\"group\" aria-describedby=\"media_69e5058fe19b4\">\n<div class=\"height-container \" style=\"padding-bottom:34.63%;   \">\n\t<div class=\"height-container-contents lazy-media-contents\">\n\t\n\n\t\n\t\t<lazy-media-inline\n\t\t:sizes=\"{&quot;medium&quot;:{&quot;file&quot;:&quot;Futuro-Haus-vor-der-Alten-Pinakothek-\\u00a9-Muenchen-Tourismus-Andreas-Heddergott-1-300x200.jpg&quot;,&quot;width&quot;:300,&quot;height&quot;:200,&quot;mime-type&quot;:&quot;image\\\/jpeg&quot;,&quot;filesize&quot;:18164},&quot;large&quot;:{&quot;file&quot;:&quot;Futuro-Haus-vor-der-Alten-Pinakothek-\\u00a9-Muenchen-Tourismus-Andreas-Heddergott-1-1024x683.jpg&quot;,&quot;width&quot;:1024,&quot;height&quot;:683,&quot;mime-type&quot;:&quot;image\\\/jpeg&quot;,&quot;filesize&quot;:180088},&quot;medium_large&quot;:{&quot;file&quot;:&quot;Futuro-Haus-vor-der-Alten-Pinakothek-\\u00a9-Muenchen-Tourismus-Andreas-Heddergott-1-768x513.jpg&quot;,&quot;width&quot;:768,&quot;height&quot;:513,&quot;mime-type&quot;:&quot;image\\\/jpeg&quot;,&quot;filesize&quot;:104656},&quot;1536x1536&quot;:{&quot;file&quot;:&quot;Futuro-Haus-vor-der-Alten-Pinakothek-\\u00a9-Muenchen-Tourismus-Andreas-Heddergott-1-1536x1025.jpg&quot;,&quot;width&quot;:1536,&quot;height&quot;:1025,&quot;mime-type&quot;:&quot;image\\\/jpeg&quot;,&quot;filesize&quot;:384431},&quot;2048x2048&quot;:{&quot;file&quot;:&quot;Futuro-Haus-vor-der-Alten-Pinakothek-\\u00a9-Muenchen-Tourismus-Andreas-Heddergott-1-2048x1367.jpg&quot;,&quot;width&quot;:2048,&quot;height&quot;:1367,&quot;mime-type&quot;:&quot;image\\\/jpeg&quot;,&quot;filesize&quot;:648490},&quot;small&quot;:{&quot;file&quot;:&quot;Futuro-Haus-vor-der-Alten-Pinakothek-\\u00a9-Muenchen-Tourismus-Andreas-Heddergott-1-440x294.jpg&quot;,&quot;width&quot;:440,&quot;height&quot;:294,&quot;mime-type&quot;:&quot;image\\\/jpeg&quot;,&quot;filesize&quot;:36538},&quot;semi&quot;:{&quot;file&quot;:&quot;Futuro-Haus-vor-der-Alten-Pinakothek-\\u00a9-Muenchen-Tourismus-Andreas-Heddergott-1-580x387.jpg&quot;,&quot;width&quot;:580,&quot;height&quot;:387,&quot;mime-type&quot;:&quot;image\\\/jpeg&quot;,&quot;filesize&quot;:62065},&quot;mobile&quot;:{&quot;file&quot;:&quot;Futuro-Haus-vor-der-Alten-Pinakothek-\\u00a9-Muenchen-Tourismus-Andreas-Heddergott-1-720x481.jpg&quot;,&quot;width&quot;:720,&quot;height&quot;:481,&quot;mime-type&quot;:&quot;image\\\/jpeg&quot;,&quot;filesize&quot;:93061},&quot;hd&quot;:{&quot;file&quot;:&quot;Futuro-Haus-vor-der-Alten-Pinakothek-\\u00a9-Muenchen-Tourismus-Andreas-Heddergott-1-1280x854.jpg&quot;,&quot;width&quot;:1280,&quot;height&quot;:854,&quot;mime-type&quot;:&quot;image\\\/jpeg&quot;,&quot;filesize&quot;:274094},&quot;full&quot;:{&quot;file&quot;:&quot;Futuro-Haus-vor-der-Alten-Pinakothek-\\u00a9-Muenchen-Tourismus-Andreas-Heddergott-1-1920x1281.jpg&quot;,&quot;width&quot;:1920,&quot;height&quot;:1281,&quot;mime-type&quot;:&quot;image\\\/jpeg&quot;,&quot;filesize&quot;:578006},&quot;xxl&quot;:{&quot;file&quot;:&quot;Futuro-Haus-vor-der-Alten-Pinakothek-\\u00a9-Muenchen-Tourismus-Andreas-Heddergott-1-4048x2702.jpg&quot;,&quot;width&quot;:4048,&quot;height&quot;:2702,&quot;mime-type&quot;:&quot;image\\\/jpeg&quot;,&quot;filesize&quot;:2167055},&quot;original&quot;:{&quot;file&quot;:&quot;Futuro-Haus-vor-der-Alten-Pinakothek-\\u00a9-Muenchen-Tourismus-Andreas-Heddergott-1.jpg&quot;,&quot;width&quot;:7360,&quot;height&quot;:4912}}\"\n\t\t:alt=\"&quot;Ei&quot;\"\n\t\t:path=\"&quot;\\\/wp-content\\\/uploads\\\/2024\\\/02\\\/&quot;\"\n\t\t:video=\"&quot;&quot;\"\n\t\t:autoplay=\"null\"\n\t\t:youtube=\"&quot;&quot;\"\n\t\t:youtubelabel=\"&quot;play&quot;\"\n\t\t:brightness=\"1\"\n\t\t:crop=\"{&quot;x&quot;:0.5,&quot;y&quot;:0.5}\"\n\t\t:background=\"true\"\n\t\t:scale=\"1\"\n\t\t:zoom=\"false\"\n\t\t:annotations=\"null\"><\/lazy-media-inline>\n\t\t\t<\/div>\n<\/div>\n\n\n\n\n\n\t\t<figcaption class=\"\" id=\"media_69e5058fe19b4\">\n\t\t\t<div class=\"figcaption-wrapper\">\n\t\t\t\t\t\t\t<div class=\"lazy-media-image-label\">In einer Pr\u00e4sentation im Au\u00dfenbereich der M\u00fcnchner Pinakotheken w\u00fcrdigt Die Neue Sammlung die Design-Ikone des Space-Age: das 1965-67 vom finnischen Architekten Matti Suuronen entwickelte und urspr\u00fcnglich als Skih\u00fctte konzipierte Kunststoffhaus FUTURO. In Form eines Ellipsoides gestaltet, verk\u00f6rpert das FUTURO die Zukunftsvisionen der 1960er Jahre, in der neue Materialien im Zentrum vision\u00e4rer Entw\u00fcrfe von mobilen Lebensr\u00e4umen standen. In a presentation in the outdoor area of the Munich Pinakotheken, Die Neue Sammlung pays tribute to the space-age design icon: the FUTURO plastic house, which was developed in 1965-67 by the Finnish architect Matti Suuronen and originally conceived as a ski hut. Designed in the shape of an ellipsoid, the FUTURO embodies the future visions of the 1960s, in which new materials were at the center of visionary designs for mobile living spaces.<\/div>\n\t\t\t\t\t\t\t\t\t\t<div class=\"lazy-media-image-description\">\u00a9 M\u00fcnchen Tourismus, Andreas Heddergott <\/div>\n\t\t\t\t\t\t\t\t\t<\/div>\n\t\t<\/figcaption>\n\t\n<\/figure>\n\n\t\t<\/div>\n<\/div>\n<\/div>\n<\/div>\n<\/section>\n\n<section class='wp-block-ho-pattern ' data-pattern='ho\/einfacher-text'>\n\n<div  class='container-fluid margin-bottom-7'>\n\n<div  class='row'>\n\n<div  class='col col-xs-12 col-md-8'>\t<p class='body'><strong>Kultur<\/strong> ist alles, <br>was Menschen mit der Zeit entwickelt haben. <br>Die Kultur bestimmt auch, <br>wie die Menschen zusammen-leben. <br><br>Das Kunst-Areal M\u00fcnchen ist in ganz Europa ein  <br>sehr wichtiger Ort f\u00fcr die Kultur-Geschichte.  <br><strong>Kunst-Areal<\/strong> bedeutet:  <br>In einem Gebiet in der Stadt sind  <br>viele Kunst-Einrichtungen sehr nahe zusammen. <br><br>Im Kunst-Areal kann man Kunst-Werke von den ganz fr\u00fchen Kulturen bis  <br>zur Kultur von heute anschauen. <br>Hier k\u00f6nnen Sie die <strong>Kultur-Geschichte der Welt<\/strong> von  <br>den letzten <strong>5.000 Jahren <\/strong>erleben: <br>vom alten \u00c4gypten und Griechenland bis  <br>zur Kunst von heute. <br><br>Das Kunst-Areal M\u00fcnchen ist <strong>in der Mitte von M\u00fcnchen<\/strong>: <br>zwischen dem K\u00f6nigs-Platz und der Theresien-Stra\u00dfe. <br>In den letzten 200 Jahren hat es sich immer mehr vergr\u00f6\u00dfert. <br>Das Kunst-Areal M\u00fcnchen besteht heute aus: <br>\u2022 18 Museen und Ausstellungs-H\u00e4usern <br>\u2022 mehr als 20 Galerien <br>\u2022 2 Kirchen <br>\u2022 6 Hoch-Schulen <br>\u2022 sehr vielen Kultur-Einrichtungen  <br><br>Das gr\u00f6\u00dfte Museum im Kunst-Areal ist die Pinakothek der Moderne. <br>Eine Pinakothek war urspr\u00fcnglich ein Museum haupts\u00e4chlich f\u00fcr Bilder. <br><br>In der <strong>Pinakothek der Moderne<\/strong> in M\u00fcnchen gibt es aber  <br>auch andere Kunst-Werke. <br>Hier ist auch <strong>Die Neue Sammlung \u2013 The Design Museum<\/strong>.  <\/p>\n<\/div>\n<\/div>\n<\/div>\n<\/section>\n\n<section class='wp-block-ho-pattern ' data-pattern='ho\/text-mit-button'>\n\n<div  class='container-fluid margin-bottom-7'>\n\n<div  class='row padding-bottom-4'>\n\n<div  class='col col-xs-12 col-md-8'>\t<p class='body'>Das Kunst-Areal ist im Stadt-Teil Max-Vorstadt. <br>Hier gibt es moderne Stra\u00dfen-Caf\u00e9s, Restaurants und <br>sch\u00f6ne Gr\u00fcn-Anlagen. <br>Die alten G\u00e4rten hier stehen unter Denkmal-Schutz. <br><br>Ein Besuch im Kunst-Areal ist ein Erlebnis. <br>Kommen Sie in Die Neue Sammlung in der Pinakothek der Moderne und <br>\u00fcberzeugen Sie sich selbst davon! <br>Wir freuen uns auf Sie! <\/p>\n<\/div>\n<\/div>\n\n\n\n\n<div  class='row'>\n\n<div  class='col col-xs-12 col-md-8'>\n\n<div class='wp-block-ho-buttons '>\n<div class=\"wp-block-ho-buttons-item\">\n\t<a href=\"https:\/\/kunstareal.de\"  target=\"\" role=\"button\" aria-pressed=\"false\" rel=\"nofollow\" class=\"ho-button is-primary has-outgoing-link-icon-left\">\n\t\t\t\t\t<span class=\"ho-button-icon icon-arrow-link\"><\/span>\n\t\t\t\t<span class=\"ho-button-label \"><strong>Zur Website<\/strong><br><strong>von dem Kunst-Areal<\/strong><\/span>\n\t<\/a>\n<\/div>\n<\/div>\n<\/div>\n<\/div>\n<\/div>\n<\/section>\n\n<section class='wp-block-ho-pattern ' data-pattern='ho\/zwei-bilder'>\n\n<div  class='container-fluid margin-bottom-7'>\n\n<div  class='row pattern-two-images-align-bottom'>\n\n<div  class='col col-xs-6'>\n\n<div  class='flex-align-bottom-center sizes-height-fill'><figure itemscope itemtype=\"http:\/\/schema.org\/ImageObject\" class=\"lazy-media-inline \" role=\"group\" aria-describedby=\"media_69e5058fe49ba\">\n<div class=\"height-container \" style=\"padding-bottom:66.740681998414%;   \">\n\t<div class=\"height-container-contents lazy-media-contents\">\n\t\n\n\t\n\t\n<div class=\"lazy-media loaded\">\n\t<img decoding=\"async\" src=\"https:\/\/staging.die-neue-sammlung.de\/wp-content\/uploads\/2024\/02\/Skulptur-vor-der-Alten-Pinakothek-\u00a9-Muenchen-Tourismus-Andreas-Heddergott-1920x1281.jpg\" srcset=\"https:\/\/staging.die-neue-sammlung.de\/wp-content\/uploads\/2024\/02\/Skulptur-vor-der-Alten-Pinakothek-\u00a9-Muenchen-Tourismus-Andreas-Heddergott-1920x1281.jpg 1920w, https:\/\/staging.die-neue-sammlung.de\/wp-content\/uploads\/2024\/02\/Skulptur-vor-der-Alten-Pinakothek-\u00a9-Muenchen-Tourismus-Andreas-Heddergott-300x200.jpg 300w, https:\/\/staging.die-neue-sammlung.de\/wp-content\/uploads\/2024\/02\/Skulptur-vor-der-Alten-Pinakothek-\u00a9-Muenchen-Tourismus-Andreas-Heddergott-1024x683.jpg 1024w, https:\/\/staging.die-neue-sammlung.de\/wp-content\/uploads\/2024\/02\/Skulptur-vor-der-Alten-Pinakothek-\u00a9-Muenchen-Tourismus-Andreas-Heddergott-768x513.jpg 768w, https:\/\/staging.die-neue-sammlung.de\/wp-content\/uploads\/2024\/02\/Skulptur-vor-der-Alten-Pinakothek-\u00a9-Muenchen-Tourismus-Andreas-Heddergott-1536x1025.jpg 1536w, https:\/\/staging.die-neue-sammlung.de\/wp-content\/uploads\/2024\/02\/Skulptur-vor-der-Alten-Pinakothek-\u00a9-Muenchen-Tourismus-Andreas-Heddergott-2048x1367.jpg 2048w, https:\/\/staging.die-neue-sammlung.de\/wp-content\/uploads\/2024\/02\/Skulptur-vor-der-Alten-Pinakothek-\u00a9-Muenchen-Tourismus-Andreas-Heddergott-440x294.jpg 440w, https:\/\/staging.die-neue-sammlung.de\/wp-content\/uploads\/2024\/02\/Skulptur-vor-der-Alten-Pinakothek-\u00a9-Muenchen-Tourismus-Andreas-Heddergott-580x387.jpg 580w, https:\/\/staging.die-neue-sammlung.de\/wp-content\/uploads\/2024\/02\/Skulptur-vor-der-Alten-Pinakothek-\u00a9-Muenchen-Tourismus-Andreas-Heddergott-720x481.jpg 720w, https:\/\/staging.die-neue-sammlung.de\/wp-content\/uploads\/2024\/02\/Skulptur-vor-der-Alten-Pinakothek-\u00a9-Muenchen-Tourismus-Andreas-Heddergott-1280x854.jpg 1280w\" sizes=\"(max-width: 763px) 100vw, (qmin-width: 764px) and (max-width: 1023px) 100vw, (min-width: 1024px) 100vw\" alt=\"An einem sonnigen Tag \" loading=\"lazy\" \/>\n<\/div>\t\t<\/div>\n<\/div>\n\n\n\n\n\n\t\t<figcaption class=\"\" id=\"media_69e5058fe49ba\">\n\t\t\t<div class=\"figcaption-wrapper\">\n\t\t\t\t\t\t\t<div class=\"lazy-media-image-label\">Menschen vor der Alten Pinakothek.<\/div>\n\t\t\t\t\t\t\t\t\t\t<div class=\"lazy-media-image-description\">\u00a9 M\u00fcnchen Tourismus, Andreas Heddergott <\/div>\n\t\t\t\t\t\t\t\t\t<\/div>\n\t\t<\/figcaption>\n\t\n<\/figure>\n\n\t\t<\/div>\n<\/div>\n\n\n\n\n<div  class='col col-xs-6'>\n\n<div  class='flex-align-bottom-center sizes-height-fill'><figure itemscope itemtype=\"http:\/\/schema.org\/ImageObject\" class=\"lazy-media-inline \" role=\"group\" aria-describedby=\"media_69e5058fe4cc2\">\n<div class=\"height-container \" style=\"padding-bottom:66.666666666667%;   \">\n\t<div class=\"height-container-contents lazy-media-contents\">\n\t\n\n\t\n\t\n<div class=\"lazy-media loaded\">\n\t<img decoding=\"async\" src=\"https:\/\/staging.die-neue-sammlung.de\/wp-content\/uploads\/2024\/01\/Junge_Nacht_Museum_Brandhorst_Juli_2023_Buehne_c_Constanza_Melendez-1920x1280.jpg\" srcset=\"https:\/\/staging.die-neue-sammlung.de\/wp-content\/uploads\/2024\/01\/Junge_Nacht_Museum_Brandhorst_Juli_2023_Buehne_c_Constanza_Melendez-1920x1280.jpg 1920w, https:\/\/staging.die-neue-sammlung.de\/wp-content\/uploads\/2024\/01\/Junge_Nacht_Museum_Brandhorst_Juli_2023_Buehne_c_Constanza_Melendez-300x200.jpg 300w, https:\/\/staging.die-neue-sammlung.de\/wp-content\/uploads\/2024\/01\/Junge_Nacht_Museum_Brandhorst_Juli_2023_Buehne_c_Constanza_Melendez-1024x683.jpg 1024w, https:\/\/staging.die-neue-sammlung.de\/wp-content\/uploads\/2024\/01\/Junge_Nacht_Museum_Brandhorst_Juli_2023_Buehne_c_Constanza_Melendez-768x512.jpg 768w, https:\/\/staging.die-neue-sammlung.de\/wp-content\/uploads\/2024\/01\/Junge_Nacht_Museum_Brandhorst_Juli_2023_Buehne_c_Constanza_Melendez-1536x1024.jpg 1536w, https:\/\/staging.die-neue-sammlung.de\/wp-content\/uploads\/2024\/01\/Junge_Nacht_Museum_Brandhorst_Juli_2023_Buehne_c_Constanza_Melendez-2048x1365.jpg 2048w, https:\/\/staging.die-neue-sammlung.de\/wp-content\/uploads\/2024\/01\/Junge_Nacht_Museum_Brandhorst_Juli_2023_Buehne_c_Constanza_Melendez-440x293.jpg 440w, https:\/\/staging.die-neue-sammlung.de\/wp-content\/uploads\/2024\/01\/Junge_Nacht_Museum_Brandhorst_Juli_2023_Buehne_c_Constanza_Melendez-580x387.jpg 580w, https:\/\/staging.die-neue-sammlung.de\/wp-content\/uploads\/2024\/01\/Junge_Nacht_Museum_Brandhorst_Juli_2023_Buehne_c_Constanza_Melendez-720x480.jpg 720w, https:\/\/staging.die-neue-sammlung.de\/wp-content\/uploads\/2024\/01\/Junge_Nacht_Museum_Brandhorst_Juli_2023_Buehne_c_Constanza_Melendez-1280x853.jpg 1280w\" sizes=\"(max-width: 763px) 50vw, (min-width: 764px) and (max-width: 1023px) 50vw, (min-width: 1024px) 50vw\" alt=\"Das Foto wurde von der B\u00fchne aus aufgenommen. Von hinten Sieht man einen DJ. Vor ihm tanzen Menschen auf der Wiese vor der Pinakothek der Moderne bei Sonnenschein.\" loading=\"lazy\" \/>\n<\/div>\t\t<\/div>\n<\/div>\n\n\n\n\n\n\t\t<figcaption class=\"\" id=\"media_69e5058fe4cc2\">\n\t\t\t<div class=\"figcaption-wrapper\">\n\t\t\t\t\t\t\t<div class=\"lazy-media-image-label\">Junge Nacht, Blick auf die Pinakothek der Moderne, Juli 2023.<\/div>\n\t\t\t\t\t\t\t\t\t\t<div class=\"lazy-media-image-description\">\u00a9 Constanza a Melendez <\/div>\n\t\t\t\t\t\t\t\t\t<\/div>\n\t\t<\/figcaption>\n\t\n<\/figure>\n\n\t\t<\/div>\n<\/div>\n<\/div>\n<\/div>\n<\/section>\n\n<section class='wp-block-ho-pattern ' data-pattern='ho\/zwei-videos'>\n\n<div  class='container-fluid margin-bottom-7'>\n\n<div  class='row pattern-two-images-align-bottom'>\n\n<div  class='col col-xs-12 col-md-6'>\n\n<div  class='flex-align-bottom-center sizes-height-fill'><figure itemscope itemtype=\"http:\/\/schema.org\/ImageObject\" class=\"lazy-media-inline \" role=\"group\" aria-describedby=\"media_69e5058fe5bb2\">\n<div class=\"height-container \" style=\"padding-bottom:56.25%;   \">\n\t<div class=\"height-container-contents lazy-media-contents\">\n\t\n\n\t\n\t\t<lazy-media-inline\n\t\t:sizes=\"{&quot;medium&quot;:{&quot;file&quot;:&quot;Bildschirmfoto-2024-02-28-um-17.54.12-300x168.png&quot;,&quot;width&quot;:300,&quot;height&quot;:168,&quot;mime-type&quot;:&quot;image\\\/png&quot;,&quot;filesize&quot;:117307},&quot;large&quot;:{&quot;file&quot;:&quot;Bildschirmfoto-2024-02-28-um-17.54.12-1024x575.png&quot;,&quot;width&quot;:1024,&quot;height&quot;:575,&quot;mime-type&quot;:&quot;image\\\/png&quot;,&quot;filesize&quot;:1097235},&quot;medium_large&quot;:{&quot;file&quot;:&quot;Bildschirmfoto-2024-02-28-um-17.54.12-768x431.png&quot;,&quot;width&quot;:768,&quot;height&quot;:431,&quot;mime-type&quot;:&quot;image\\\/png&quot;,&quot;filesize&quot;:661640},&quot;small&quot;:{&quot;file&quot;:&quot;Bildschirmfoto-2024-02-28-um-17.54.12-440x247.png&quot;,&quot;width&quot;:440,&quot;height&quot;:247,&quot;mime-type&quot;:&quot;image\\\/png&quot;,&quot;filesize&quot;:240284},&quot;semi&quot;:{&quot;file&quot;:&quot;Bildschirmfoto-2024-02-28-um-17.54.12-580x325.png&quot;,&quot;width&quot;:580,&quot;height&quot;:325,&quot;mime-type&quot;:&quot;image\\\/png&quot;,&quot;filesize&quot;:398510},&quot;mobile&quot;:{&quot;file&quot;:&quot;Bildschirmfoto-2024-02-28-um-17.54.12-720x404.png&quot;,&quot;width&quot;:720,&quot;height&quot;:404,&quot;mime-type&quot;:&quot;image\\\/png&quot;,&quot;filesize&quot;:605098},&quot;hd&quot;:{&quot;file&quot;:&quot;Bildschirmfoto-2024-02-28-um-17.54.12-1280x718.png&quot;,&quot;width&quot;:1280,&quot;height&quot;:718,&quot;mime-type&quot;:&quot;image\\\/png&quot;,&quot;filesize&quot;:1604929},&quot;original&quot;:{&quot;file&quot;:&quot;Bildschirmfoto-2024-02-28-um-17.54.12.png&quot;,&quot;width&quot;:1440,&quot;height&quot;:808}}\"\n\t\t:alt=\"&quot;&quot;\"\n\t\t:path=\"&quot;\\\/wp-content\\\/uploads\\\/2024\\\/02\\\/&quot;\"\n\t\t:video=\"&quot;https:\\\/\\\/www.die-neue-sammlung.de\\\/wp-content\\\/uploads\\\/2023\\\/11\\\/flowers.mp4&quot;\"\n\t\t:autoplay=\"null\"\n\t\t:youtube=\"&quot;https:\\\/\\\/www.youtube.com\\\/watch?v=wGu72R_ytW4&quot;\"\n\t\t:youtubelabel=\"&quot;play&quot;\"\n\t\t:brightness=\"1\"\n\t\t:crop=\"{&quot;x&quot;:0.5,&quot;y&quot;:0.5}\"\n\t\t:background=\"true\"\n\t\t:scale=\"1\"\n\t\t:zoom=\"false\"\n\t\t:annotations=\"null\"><\/lazy-media-inline>\n\t\t\t<\/div>\n<\/div>\n\n\n\n\n\n\t\t<figcaption class=\"\" id=\"media_69e5058fe5bb2\">\n\t\t\t<div class=\"figcaption-wrapper\">\n\t\t\t\t\t\t\t<div class=\"lazy-media-image-label\">Imgage-Film, Kunstareal M\u00fcnchen<\/div>\n\t\t\t\t\t\t\t\t\t\t<div class=\"lazy-media-image-description\">Video: Kunstareal M\u00fcnchen <\/div>\n\t\t\t\t\t\t\t\t\t<\/div>\n\t\t<\/figcaption>\n\t\n<\/figure>\n\n\t\t<\/div>\n<\/div>\n\n\n\n\n<div  class='col col-xs-12 col-md-6'>\n\n<div  class='flex-align-bottom-center sizes-height-fill'><figure itemscope itemtype=\"http:\/\/schema.org\/ImageObject\" class=\"lazy-media-inline \" role=\"group\" aria-describedby=\"media_69e5058fe5de7\">\n<div class=\"height-container \" style=\"padding-bottom:56.25%;   \">\n\t<div class=\"height-container-contents lazy-media-contents\">\n\t\n\n\t\n\t\t<lazy-media-inline\n\t\t:sizes=\"{&quot;medium&quot;:{&quot;file&quot;:&quot;Bildschirmfoto-2024-02-28-um-18.08.52-300x165.png&quot;,&quot;width&quot;:300,&quot;height&quot;:165,&quot;mime-type&quot;:&quot;image\\\/png&quot;,&quot;filesize&quot;:111041},&quot;large&quot;:{&quot;file&quot;:&quot;Bildschirmfoto-2024-02-28-um-18.08.52-1024x563.png&quot;,&quot;width&quot;:1024,&quot;height&quot;:563,&quot;mime-type&quot;:&quot;image\\\/png&quot;,&quot;filesize&quot;:970483},&quot;medium_large&quot;:{&quot;file&quot;:&quot;Bildschirmfoto-2024-02-28-um-18.08.52-768x422.png&quot;,&quot;width&quot;:768,&quot;height&quot;:422,&quot;mime-type&quot;:&quot;image\\\/png&quot;,&quot;filesize&quot;:604120},&quot;small&quot;:{&quot;file&quot;:&quot;Bildschirmfoto-2024-02-28-um-18.08.52-440x242.png&quot;,&quot;width&quot;:440,&quot;height&quot;:242,&quot;mime-type&quot;:&quot;image\\\/png&quot;,&quot;filesize&quot;:227385},&quot;semi&quot;:{&quot;file&quot;:&quot;Bildschirmfoto-2024-02-28-um-18.08.52-580x319.png&quot;,&quot;width&quot;:580,&quot;height&quot;:319,&quot;mime-type&quot;:&quot;image\\\/png&quot;,&quot;filesize&quot;:373041},&quot;mobile&quot;:{&quot;file&quot;:&quot;Bildschirmfoto-2024-02-28-um-18.08.52-720x396.png&quot;,&quot;width&quot;:720,&quot;height&quot;:396,&quot;mime-type&quot;:&quot;image\\\/png&quot;,&quot;filesize&quot;:553627},&quot;hd&quot;:{&quot;file&quot;:&quot;Bildschirmfoto-2024-02-28-um-18.08.52-1280x704.png&quot;,&quot;width&quot;:1280,&quot;height&quot;:704,&quot;mime-type&quot;:&quot;image\\\/png&quot;,&quot;filesize&quot;:1385872},&quot;original&quot;:{&quot;file&quot;:&quot;Bildschirmfoto-2024-02-28-um-18.08.52.png&quot;,&quot;width&quot;:1440,&quot;height&quot;:792}}\"\n\t\t:alt=\"&quot;&quot;\"\n\t\t:path=\"&quot;\\\/wp-content\\\/uploads\\\/2024\\\/02\\\/&quot;\"\n\t\t:video=\"&quot;https:\\\/\\\/www.die-neue-sammlung.de\\\/wp-content\\\/uploads\\\/2023\\\/11\\\/flowers.mp4&quot;\"\n\t\t:autoplay=\"null\"\n\t\t:youtube=\"&quot;https:\\\/\\\/www.youtube.com\\\/watch?v=UUYhFoIR_80&amp;t=136s&quot;\"\n\t\t:youtubelabel=\"&quot;play&quot;\"\n\t\t:brightness=\"1\"\n\t\t:crop=\"{&quot;x&quot;:0.5,&quot;y&quot;:0.5}\"\n\t\t:background=\"true\"\n\t\t:scale=\"1\"\n\t\t:zoom=\"false\"\n\t\t:annotations=\"null\"><\/lazy-media-inline>\n\t\t\t<\/div>\n<\/div>\n\n\n\n\n\n\t\t<figcaption class=\"\" id=\"media_69e5058fe5de7\">\n\t\t\t<div class=\"figcaption-wrapper\">\n\t\t\t\t\t\t\t<div class=\"lazy-media-image-label\">Prof. Dr. Angelika Nollert, Direktorin von Die Neue Sammlung, und Guido Redlich, Vorsitzender des F\u00f6rderkreises Kunstareal, im Gespr\u00e4ch mit Markus Stampfls von Culture Talk, 2021.<\/div>\n\t\t\t\t\t\t\t\t\t\t<div class=\"lazy-media-image-description\">Video: Culture Talks <\/div>\n\t\t\t\t\t\t\t\t\t<\/div>\n\t\t<\/figcaption>\n\t\n<\/figure>\n\n\t\t<\/div>\n<\/div>\n<\/div>\n<\/div>\n<\/section>\n\n<section class='wp-block-ho-pattern ' data-pattern='ho\/sponsoren-logos'>\n\n<div  class='container-fluid'><ul class=\"wp-block wp-block-ho-grid row row middle-xs center-xs\">\n\t<li class=\"wp-block-ho-grid-item col col-xs-6 col-sm-3\">\n\t<figure itemscope itemtype=\"http:\/\/schema.org\/ImageObject\" class=\"lazy-media-inline \" role=\"group\" aria-describedby=\"media_69e5058fe8f36\">\n<div class=\"height-container \" style=\"padding-bottom:78.343949044586%;   \">\n\t<div class=\"height-container-contents lazy-media-contents\">\n\t\n\n\t\n\t\n<div class=\"lazy-media loaded\">\n\t<img decoding=\"async\" src=\"https:\/\/staging.die-neue-sammlung.de\/wp-content\/uploads\/2024\/02\/Screenshot-2024-02-28-at-20-21-43-Die-Neue-Sammlung-\u2013-The-Design-Museum-DNS_Onepager-Website_A2_bf-PDF.pdf.png\" srcset=\"https:\/\/staging.die-neue-sammlung.de\/wp-content\/uploads\/2024\/02\/Screenshot-2024-02-28-at-20-21-43-Die-Neue-Sammlung-\u2013-The-Design-Museum-DNS_Onepager-Website_A2_bf-PDF.pdf.png 314w, https:\/\/staging.die-neue-sammlung.de\/wp-content\/uploads\/2024\/02\/Screenshot-2024-02-28-at-20-21-43-Die-Neue-Sammlung-\u2013-The-Design-Museum-DNS_Onepager-Website_A2_bf-PDF.pdf-300x235.png 300w\" sizes=\"(max-width: 763px) 50vw, (min-width: 764px) and (max-width: 1023px) 50vw, (min-width: 1024px) 50vw\" alt=\"\" loading=\"lazy\" \/>\n<\/div>\t\t<\/div>\n<\/div>\n\n\n\n\n\n\n<\/figure>\n\n\t\t<\/li><li class=\"wp-block-ho-grid-item col col-xs-6 col-sm-3\">\n\t<figure itemscope itemtype=\"http:\/\/schema.org\/ImageObject\" class=\"lazy-media-inline \" role=\"group\" aria-describedby=\"media_69e5058fe9323\">\n<div class=\"height-container \" style=\"padding-bottom:42.010309278351%;   \">\n\t<div class=\"height-container-contents lazy-media-contents\">\n\t\n\n\t\n\t\n<div class=\"lazy-media loaded\">\n\t<img decoding=\"async\" src=\"https:\/\/staging.die-neue-sammlung.de\/wp-content\/uploads\/2024\/02\/Screenshot-2024-02-28-at-20-20-02-Die-Neue-Sammlung-\u2013-The-Design-Museum-DNS_Onepager-Website_A2_bf-PDF.pdf.png\" srcset=\"https:\/\/staging.die-neue-sammlung.de\/wp-content\/uploads\/2024\/02\/Screenshot-2024-02-28-at-20-20-02-Die-Neue-Sammlung-\u2013-The-Design-Museum-DNS_Onepager-Website_A2_bf-PDF.pdf.png 388w, https:\/\/staging.die-neue-sammlung.de\/wp-content\/uploads\/2024\/02\/Screenshot-2024-02-28-at-20-20-02-Die-Neue-Sammlung-\u2013-The-Design-Museum-DNS_Onepager-Website_A2_bf-PDF.pdf-300x126.png 300w\" sizes=\"(max-width: 763px) 50vw, (min-width: 764px) and (max-width: 1023px) 50vw, (min-width: 1024px) 50vw\" alt=\"\" loading=\"lazy\" \/>\n<\/div>\t\t<\/div>\n<\/div>\n\n\n\n\n\n\n<\/figure>\n\n\t\t<\/li><\/ul><\/div>\n<\/section>","protected":false},"excerpt":{"rendered":"<p>Kultur-Geschichte in der Mitte von M\u00fcnchen <\/p>\n","protected":false},"author":6,"featured_media":6854,"parent":0,"menu_order":15,"comment_status":"closed","ping_status":"closed","template":"","meta":{"_acf_changed":false,"ho_image_focal_point":"","footnotes":""},"class_list":["post-6907","page","type-page","status-publish","has-post-thumbnail","hentry"],"acf":{"audio":"","video":"","poster":"","noindex":false,"keywords":"","seo_titel":""},"_links":{"self":[{"href":"https:\/\/staging.die-neue-sammlung.de\/ls\/wp-json\/wp\/v2\/pages\/6907","targetHints":{"allow":["GET"]}}],"collection":[{"href":"https:\/\/staging.die-neue-sammlung.de\/ls\/wp-json\/wp\/v2\/pages"}],"about":[{"href":"https:\/\/staging.die-neue-sammlung.de\/ls\/wp-json\/wp\/v2\/types\/page"}],"author":[{"embeddable":true,"href":"https:\/\/staging.die-neue-sammlung.de\/ls\/wp-json\/wp\/v2\/users\/6"}],"replies":[{"embeddable":true,"href":"https:\/\/staging.die-neue-sammlung.de\/ls\/wp-json\/wp\/v2\/comments?post=6907"}],"version-history":[{"count":9,"href":"https:\/\/staging.die-neue-sammlung.de\/ls\/wp-json\/wp\/v2\/pages\/6907\/revisions"}],"predecessor-version":[{"id":13889,"href":"https:\/\/staging.die-neue-sammlung.de\/ls\/wp-json\/wp\/v2\/pages\/6907\/revisions\/13889"}],"wp:featuredmedia":[{"embeddable":true,"href":"https:\/\/staging.die-neue-sammlung.de\/ls\/wp-json\/wp\/v2\/media\/6854"}],"wp:attachment":[{"href":"https:\/\/staging.die-neue-sammlung.de\/ls\/wp-json\/wp\/v2\/media?parent=6907"}],"curies":[{"name":"wp","href":"https:\/\/api.w.org\/{rel}","templated":true}]}}