{"id":6783,"date":"2024-01-30T12:53:03","date_gmt":"2024-01-30T11:53:03","guid":{"rendered":"https:\/\/www.die-neue-sammlung.de\/eine-spezialbibliothek\/"},"modified":"2024-03-26T10:01:18","modified_gmt":"2024-03-26T09:01:18","slug":"eine-spezialbibliothek","status":"publish","type":"page","link":"https:\/\/staging.die-neue-sammlung.de\/ls\/eine-spezialbibliothek\/","title":{"rendered":"Die Bibliothek"},"content":{"rendered":"<section class='wp-block-ho-pattern ' data-pattern='ho\/header-text-und-bild'>\n\n<div  class='container-fluid margin-bottom-7'>\n\n<div  class='row'>\n\n<div  class='col col-xs-12 col-md-6'>\n\n<div  class='margin-bottom-4'>\n<h1>Die Bibliothek<\/h1>\n<\/div>\n<\/div>\n<\/div>\n\n\n\n\n<div  class='row'>\n\n<div  class='col col-xs-12 col-md-6'>\n\n<div  class='margin-bottom-4'><div class=body-large>mit 21.000 B\u00fcchern<\/div><\/div>\n<\/div>\n<\/div>\n\n\n\n\n<div  class='row'>\n\n<div  class='col col-xs-12'>\n\n<div  class='margin-bottom-4'><div class=\"wp-block-ho-slot \">\n<div class=\"accessibility-menu\">\n\t<div class=\"wp-block-ho-buttons\">\n\t\t\t\t<div class=\"wp-block-ho-buttons-item\">\n\t\t\t<a href=\"https:\/\/staging.die-neue-sammlung.de\/eine-spezialbibliothek\/\" class=\"ho-button is-senary icon-with-text-outside-left is-small  invert\" aria-label=\"Leichte Sprache\" rel=\"alternate\">\n\t\t\t\t<span class=\"ho-button-icon icon-leichtesprache\" aria-hidden=\"true\"><\/span>\n\t\t\t\t<span class=\"ho-button-label\">Leichte Sprache<\/span>\n\t\t\t<\/a>\n\t\t<\/div>\n\t\t\n\t\t\n\n\t\t\t<\/div>\n<\/div>\n\n<\/div>\n<\/div>\n<\/div>\n<\/div>\n\n\n\n\n<div  class='row'>\n\n<div  class='col col-xs-12'>\n\n<div  class='margin-bottom-4'><figure itemscope itemtype=\"http:\/\/schema.org\/ImageObject\" class=\"lazy-media-inline \" role=\"group\" aria-describedby=\"media_69e51782d1c03\">\n<div class=\"height-container \" style=\"padding-bottom:34.63%;   \">\n\t<div class=\"height-container-contents lazy-media-contents\">\n\t\n\n\t\n\t\t<lazy-media-inline\n\t\t:sizes=\"{&quot;medium&quot;:{&quot;file&quot;:&quot;hr_0032_a-laurenzo-300x199.jpg&quot;,&quot;width&quot;:300,&quot;height&quot;:199,&quot;mime-type&quot;:&quot;image\\\/jpeg&quot;,&quot;filesize&quot;:20143},&quot;large&quot;:{&quot;file&quot;:&quot;hr_0032_a-laurenzo-1024x681.jpg&quot;,&quot;width&quot;:1024,&quot;height&quot;:681,&quot;mime-type&quot;:&quot;image\\\/jpeg&quot;,&quot;filesize&quot;:153025},&quot;medium_large&quot;:{&quot;file&quot;:&quot;hr_0032_a-laurenzo-768x511.jpg&quot;,&quot;width&quot;:768,&quot;height&quot;:511,&quot;mime-type&quot;:&quot;image\\\/jpeg&quot;,&quot;filesize&quot;:94637},&quot;1536x1536&quot;:{&quot;file&quot;:&quot;hr_0032_a-laurenzo-1536x1021.jpg&quot;,&quot;width&quot;:1536,&quot;height&quot;:1021,&quot;mime-type&quot;:&quot;image\\\/jpeg&quot;,&quot;filesize&quot;:297233},&quot;2048x2048&quot;:{&quot;file&quot;:&quot;hr_0032_a-laurenzo-2048x1362.jpg&quot;,&quot;width&quot;:2048,&quot;height&quot;:1362,&quot;mime-type&quot;:&quot;image\\\/jpeg&quot;,&quot;filesize&quot;:480797},&quot;small&quot;:{&quot;file&quot;:&quot;hr_0032_a-laurenzo-440x293.jpg&quot;,&quot;width&quot;:440,&quot;height&quot;:293,&quot;mime-type&quot;:&quot;image\\\/jpeg&quot;,&quot;filesize&quot;:37798},&quot;semi&quot;:{&quot;file&quot;:&quot;hr_0032_a-laurenzo-580x386.jpg&quot;,&quot;width&quot;:580,&quot;height&quot;:386,&quot;mime-type&quot;:&quot;image\\\/jpeg&quot;,&quot;filesize&quot;:60320},&quot;mobile&quot;:{&quot;file&quot;:&quot;hr_0032_a-laurenzo-720x479.jpg&quot;,&quot;width&quot;:720,&quot;height&quot;:479,&quot;mime-type&quot;:&quot;image\\\/jpeg&quot;,&quot;filesize&quot;:85245},&quot;hd&quot;:{&quot;file&quot;:&quot;hr_0032_a-laurenzo-1280x851.jpg&quot;,&quot;width&quot;:1280,&quot;height&quot;:851,&quot;mime-type&quot;:&quot;image\\\/jpeg&quot;,&quot;filesize&quot;:220591},&quot;full&quot;:{&quot;file&quot;:&quot;hr_0032_a-laurenzo-1920x1277.jpg&quot;,&quot;width&quot;:1920,&quot;height&quot;:1277,&quot;mime-type&quot;:&quot;image\\\/jpeg&quot;,&quot;filesize&quot;:431145},&quot;original&quot;:{&quot;file&quot;:&quot;hr_0032_a-laurenzo.jpg&quot;,&quot;width&quot;:3008,&quot;height&quot;:2000}}\"\n\t\t:alt=\"&quot;Das Bild zeigt einen Gang mit B\\u00fcchern. Rechts, links und am Ende des Ganges befinden sich graue Regale mit B\\u00fcchern und Zeitschriften. Die niedrige Kastendecke ist ausgeleuchtet.&quot;\"\n\t\t:path=\"&quot;\\\/wp-content\\\/uploads\\\/2024\\\/01\\\/&quot;\"\n\t\t:video=\"&quot;&quot;\"\n\t\t:autoplay=\"null\"\n\t\t:youtube=\"&quot;&quot;\"\n\t\t:youtubelabel=\"&quot;play&quot;\"\n\t\t:brightness=\"1\"\n\t\t:crop=\"{&quot;x&quot;:0.5,&quot;y&quot;:0.5}\"\n\t\t:background=\"true\"\n\t\t:scale=\"1\"\n\t\t:zoom=\"false\"\n\t\t:annotations=\"null\"><\/lazy-media-inline>\n\t\t\t<\/div>\n<\/div>\n\n\n\n\n\n\t\t<figcaption class=\"\" id=\"media_69e51782d1c03\">\n\t\t\t<div class=\"figcaption-wrapper\">\n\t\t\t\t\t\t\t<div class=\"lazy-media-image-label\">Blick auf die Regale der Bibliothek.<\/div>\n\t\t\t\t\t\t\t\t\t\t<div class=\"lazy-media-image-description\">Foto: Die Neue Sammlung (A. Laurenzo) <\/div>\n\t\t\t\t\t\t\t\t\t<\/div>\n\t\t<\/figcaption>\n\t\n<\/figure>\n\n\t\t<\/div>\n<\/div>\n<\/div>\n<\/div>\n<\/section>\n\n<section class='wp-block-ho-pattern ' data-pattern='ho\/uberschrift-mit-text'>\n\n<div  class='container-fluid margin-bottom-7'>\n\n<div  class='row padding-bottom-4'>\n\n<div  class='col col-xs-12 col-md-8'>\n<h2 class='h2' style=\"white-space: normal;\">Unsere Bibliothek im Museum<\/h2>\n<\/div>\n<\/div>\n\n\n\n\n<div  class='row'>\n\n<div  class='col col-xs-12 col-md-8'>\t<p class='body'>Die Neue Sammlung \u2013 The Design Museum ist nicht nur ein Museum. <br>Sie hat auch eine ganz <strong>besondere<\/strong> <strong>Bibliothek<\/strong>. <br>Der Eingang von dieser Bibliothek ist in der T\u00fcrken-Stra\u00dfe.<br><br>Unser Museum hat eine gro\u00dfe B\u00fccher-Sammlung zur Geschichte: <br>\u2022 von der <strong>angewandten Kunst<\/strong> <br>Mit der angewandten Kunst m\u00f6chte man  <br>Alltags-Gegenst\u00e4nde sch\u00f6n gestalten. <br>\u2022 vom <strong>Design<\/strong> <br>Design spricht man so aus: Di-sein. <br>Das bedeutet: Form-Gebung oder Gestaltung. <br>Das Design bestimmt,  <br>wie ein Gegenstand aussieht. <br>\u2022 und zu den <strong>Spezial-Gebieten<\/strong> vom Museum <br>Zum Beispiel: Glas, Keramik oder Plakate. <br><br>In der Bibliothek sind ungef\u00e4hr 21.000 Medien. <br>Zu diesen Medien geh\u00f6ren: <br>\u2022 Mono-Grafien <br>Das sind B\u00fccher \u00fcber eine einzige Person oder \u00fcber ein einziges Thema.  <br>\u2022 Fach-B\u00fccher <br>\u2022 Kataloge <br>\u2022 Zeitschriften  <br><br>Sie k\u00f6nnen im Internet in einem Verzeichnis nach bestimmten <strong>Medien suchen<\/strong>. <br>Klicken Sie daf\u00fcr auf diesen Link:  <br><a href=\"https:\/\/bybtp20.bib-bvb.de\/TouchPoint\/start.do?View=nsm&amp;SearchType=2&amp;BaseURL=this\">Online-Verzeichnis von den Medien in der Bibliothek<\/a>. <br>Diese Seite ist aber in schwer verst\u00e4ndlicher Sprache. <br><br>Sie k\u00f6nnen die Medien leider <strong>nicht ausleihen<\/strong>, <br>weil unsere Bibliothek nicht \u00f6ffentlich ist. <br>Sie k\u00f6nnen aber einen <strong>Termin<\/strong> ausmachen, <br>wenn Sie bei uns \u00fcber etwas forschen m\u00f6chten. <br><br>Bitte schreiben Sie uns daf\u00fcr eine <strong>E-Mail<\/strong> an:  <br><a href=\"mailto:bibliothek@die-neue-sammlung.de\">bibliothek@die-neue-sammlung.de<\/a> <br><br>Geben Sie in der E-Mail Ihren Namen an.  <br>Schreiben Sie uns,  <br>woran Sie forschen m\u00f6chten. <br>Geben Sie bitte auch an, <br>welche B\u00fccher Sie dazu brauchen.  <\/p>\n<\/div>\n<\/div>\n<\/div>\n<\/section>\n\n<section class='wp-block-ho-pattern ' data-pattern='ho\/sponsoren-logos'>\n\n<div  class='container-fluid'><ul class=\"wp-block wp-block-ho-grid row row middle-xs center-xs\">\n\t<li class=\"wp-block-ho-grid-item col col-xs-6 col-sm-3\">\n\t<figure itemscope itemtype=\"http:\/\/schema.org\/ImageObject\" class=\"lazy-media-inline \" role=\"group\" aria-describedby=\"media_69e51782d4bb1\">\n<div class=\"height-container \" style=\"padding-bottom:78.343949044586%;   \">\n\t<div class=\"height-container-contents lazy-media-contents\">\n\t\n\n\t\n\t\n<div class=\"lazy-media loaded\">\n\t<img decoding=\"async\" src=\"https:\/\/staging.die-neue-sammlung.de\/wp-content\/uploads\/2024\/02\/Screenshot-2024-02-28-at-20-21-43-Die-Neue-Sammlung-\u2013-The-Design-Museum-DNS_Onepager-Website_A2_bf-PDF.pdf.png\" srcset=\"https:\/\/staging.die-neue-sammlung.de\/wp-content\/uploads\/2024\/02\/Screenshot-2024-02-28-at-20-21-43-Die-Neue-Sammlung-\u2013-The-Design-Museum-DNS_Onepager-Website_A2_bf-PDF.pdf.png 314w, https:\/\/staging.die-neue-sammlung.de\/wp-content\/uploads\/2024\/02\/Screenshot-2024-02-28-at-20-21-43-Die-Neue-Sammlung-\u2013-The-Design-Museum-DNS_Onepager-Website_A2_bf-PDF.pdf-300x235.png 300w\" sizes=\"(max-width: 763px) 50vw, (min-width: 764px) and (max-width: 1023px) 50vw, (min-width: 1024px) 50vw\" alt=\"\" loading=\"lazy\" \/>\n<\/div>\t\t<\/div>\n<\/div>\n\n\n\n\n\n\n<\/figure>\n\n\t\t<\/li><li class=\"wp-block-ho-grid-item col col-xs-6 col-sm-3\">\n\t<figure itemscope itemtype=\"http:\/\/schema.org\/ImageObject\" class=\"lazy-media-inline \" role=\"group\" aria-describedby=\"media_69e51782d4fdf\">\n<div class=\"height-container \" style=\"padding-bottom:42.010309278351%;   \">\n\t<div class=\"height-container-contents lazy-media-contents\">\n\t\n\n\t\n\t\n<div class=\"lazy-media loaded\">\n\t<img decoding=\"async\" src=\"https:\/\/staging.die-neue-sammlung.de\/wp-content\/uploads\/2024\/02\/Screenshot-2024-02-28-at-20-20-02-Die-Neue-Sammlung-\u2013-The-Design-Museum-DNS_Onepager-Website_A2_bf-PDF.pdf.png\" srcset=\"https:\/\/staging.die-neue-sammlung.de\/wp-content\/uploads\/2024\/02\/Screenshot-2024-02-28-at-20-20-02-Die-Neue-Sammlung-\u2013-The-Design-Museum-DNS_Onepager-Website_A2_bf-PDF.pdf.png 388w, https:\/\/staging.die-neue-sammlung.de\/wp-content\/uploads\/2024\/02\/Screenshot-2024-02-28-at-20-20-02-Die-Neue-Sammlung-\u2013-The-Design-Museum-DNS_Onepager-Website_A2_bf-PDF.pdf-300x126.png 300w\" sizes=\"(max-width: 763px) 50vw, (min-width: 764px) and (max-width: 1023px) 50vw, (min-width: 1024px) 50vw\" alt=\"\" loading=\"lazy\" \/>\n<\/div>\t\t<\/div>\n<\/div>\n\n\n\n\n\n\n<\/figure>\n\n\t\t<\/li><\/ul><\/div>\n<\/section>\n\n<section class='wp-block-ho-pattern ' data-pattern='ho\/zwei-bilder'>\n\n<div  class='container-fluid margin-bottom-7'>\n\n<div  class='row pattern-two-images-align-bottom'>\n\n<div  class='col col-xs-6'>\n\n<div  class='flex-align-bottom-center sizes-height-fill'><figure itemscope itemtype=\"http:\/\/schema.org\/ImageObject\" class=\"lazy-media-inline \" role=\"group\" aria-describedby=\"media_69e51782d6ac1\">\n<div class=\"height-container \" style=\"padding-bottom:66.489361702128%;   \">\n\t<div class=\"height-container-contents lazy-media-contents\">\n\t\n\n\t\n\t\n<div class=\"lazy-media loaded\">\n\t<img decoding=\"async\" src=\"https:\/\/staging.die-neue-sammlung.de\/wp-content\/uploads\/2024\/01\/hr_0021_a-laurenzo-1920x1277.jpg\" srcset=\"https:\/\/staging.die-neue-sammlung.de\/wp-content\/uploads\/2024\/01\/hr_0021_a-laurenzo-1920x1277.jpg 1920w, https:\/\/staging.die-neue-sammlung.de\/wp-content\/uploads\/2024\/01\/hr_0021_a-laurenzo-300x199.jpg 300w, https:\/\/staging.die-neue-sammlung.de\/wp-content\/uploads\/2024\/01\/hr_0021_a-laurenzo-1024x681.jpg 1024w, https:\/\/staging.die-neue-sammlung.de\/wp-content\/uploads\/2024\/01\/hr_0021_a-laurenzo-768x511.jpg 768w, https:\/\/staging.die-neue-sammlung.de\/wp-content\/uploads\/2024\/01\/hr_0021_a-laurenzo-1536x1021.jpg 1536w, https:\/\/staging.die-neue-sammlung.de\/wp-content\/uploads\/2024\/01\/hr_0021_a-laurenzo-2048x1362.jpg 2048w, https:\/\/staging.die-neue-sammlung.de\/wp-content\/uploads\/2024\/01\/hr_0021_a-laurenzo-440x293.jpg 440w, https:\/\/staging.die-neue-sammlung.de\/wp-content\/uploads\/2024\/01\/hr_0021_a-laurenzo-580x386.jpg 580w, https:\/\/staging.die-neue-sammlung.de\/wp-content\/uploads\/2024\/01\/hr_0021_a-laurenzo-720x479.jpg 720w, https:\/\/staging.die-neue-sammlung.de\/wp-content\/uploads\/2024\/01\/hr_0021_a-laurenzo-1280x851.jpg 1280w\" sizes=\"(max-width: 763px) 100vw, (qmin-width: 764px) and (max-width: 1023px) 100vw, (min-width: 1024px) 100vw\" alt=\"Das Bild zeigt die Bibliothek mit hohen Decken, Glasfenstern mit Jalousin und \" loading=\"lazy\" \/>\n<\/div>\t\t<\/div>\n<\/div>\n\n\n\n\n\n\t\t<figcaption class=\"\" id=\"media_69e51782d6ac1\">\n\t\t\t<div class=\"figcaption-wrapper\">\n\t\t\t\t\t\t\t<div class=\"lazy-media-image-label\">Blick in die Bibliothek.<\/div>\n\t\t\t\t\t\t\t\t\t\t<div class=\"lazy-media-image-description\">Foto: Die Neue Sammlung (A. Laurenzo) <\/div>\n\t\t\t\t\t\t\t\t\t<\/div>\n\t\t<\/figcaption>\n\t\n<\/figure>\n\n\t\t<\/div>\n<\/div>\n\n\n\n\n<div  class='col col-xs-6'>\n\n<div  class='flex-align-bottom-center sizes-height-fill'><figure itemscope itemtype=\"http:\/\/schema.org\/ImageObject\" class=\"lazy-media-inline \" role=\"group\" aria-describedby=\"media_69e51782d6de6\">\n<div class=\"height-container \" style=\"padding-bottom:66.489361702128%;   \">\n\t<div class=\"height-container-contents lazy-media-contents\">\n\t\n\n\t\n\t\n<div class=\"lazy-media loaded\">\n\t<img decoding=\"async\" src=\"https:\/\/staging.die-neue-sammlung.de\/wp-content\/uploads\/2024\/01\/hr_0001_a-laurenzo-1920x1277.jpg\" srcset=\"https:\/\/staging.die-neue-sammlung.de\/wp-content\/uploads\/2024\/01\/hr_0001_a-laurenzo-1920x1277.jpg 1920w, https:\/\/staging.die-neue-sammlung.de\/wp-content\/uploads\/2024\/01\/hr_0001_a-laurenzo-300x199.jpg 300w, https:\/\/staging.die-neue-sammlung.de\/wp-content\/uploads\/2024\/01\/hr_0001_a-laurenzo-1024x681.jpg 1024w, https:\/\/staging.die-neue-sammlung.de\/wp-content\/uploads\/2024\/01\/hr_0001_a-laurenzo-768x511.jpg 768w, https:\/\/staging.die-neue-sammlung.de\/wp-content\/uploads\/2024\/01\/hr_0001_a-laurenzo-1536x1021.jpg 1536w, https:\/\/staging.die-neue-sammlung.de\/wp-content\/uploads\/2024\/01\/hr_0001_a-laurenzo-2048x1362.jpg 2048w, https:\/\/staging.die-neue-sammlung.de\/wp-content\/uploads\/2024\/01\/hr_0001_a-laurenzo-440x293.jpg 440w, https:\/\/staging.die-neue-sammlung.de\/wp-content\/uploads\/2024\/01\/hr_0001_a-laurenzo-580x386.jpg 580w, https:\/\/staging.die-neue-sammlung.de\/wp-content\/uploads\/2024\/01\/hr_0001_a-laurenzo-720x479.jpg 720w, https:\/\/staging.die-neue-sammlung.de\/wp-content\/uploads\/2024\/01\/hr_0001_a-laurenzo-1280x851.jpg 1280w\" sizes=\"(max-width: 763px) 50vw, (min-width: 764px) and (max-width: 1023px) 50vw, (min-width: 1024px) 50vw\" alt=\"Zu sehen ist ein Blick in die helle Bibliothek. Der Boden ist grau, die W\u00e4nde sind wei\u00df. Links sind an einer gro\u00dfen Fensterfront schwarze Tische und St\u00fchle. Rechts sind offene, wei\u00dfe Regale. Man blickt auf eine Treppe, die auf die Empore links f\u00fchrt. \" loading=\"lazy\" \/>\n<\/div>\t\t<\/div>\n<\/div>\n\n\n\n\n\n\t\t<figcaption class=\"\" id=\"media_69e51782d6de6\">\n\t\t\t<div class=\"figcaption-wrapper\">\n\t\t\t\t\t\t\t<div class=\"lazy-media-image-label\">Blick auf die Treppe in das 1. Obergescho\u00df der Bibliothek.<\/div>\n\t\t\t\t\t\t\t\t\t\t<div class=\"lazy-media-image-description\">Foto: Die Neue Sammlung (A. Laurenzo) <\/div>\n\t\t\t\t\t\t\t\t\t<\/div>\n\t\t<\/figcaption>\n\t\n<\/figure>\n\n\t\t<\/div>\n<\/div>\n<\/div>\n<\/div>\n<\/section>\n\n<section class='wp-block-ho-pattern ' data-pattern='ho\/teaser-magazin-aufmacher-auf-schwarzem-hintergrund'>\n\n<div  class='margin-bottom-7'><div class=\"structure-content-color button-invert\" style=\"--content-color-foreground: #FFFFFF;--content-color-background: #131313;color: #FFFFFF;background: #131313;\">\n<div class='structure-content-color-content'>\n\n<div  class='padding-top-5 padding-bottom-5'>\n\n<div  class='container-fluid'>\n\n<div  class='row'>\n\n<div  class='col col-xs-12 col-md-5'>\n\n<div  class='margin-bottom-4'>\n<h2 class='h3' style=\"white-space: normal;\">Mehr zu Forschung am Museum<\/h2>\n<\/div>\n<\/div>\n<\/div>\n\n\n\n\n<div  class='teaser-huge row'>\n\n<div  class='col col-xs-12 col-md-5'>\n\n<div  class='sizes-height-fill flex-align-bottom-left'>\n\n<div  class='flex-align-bottom-right'>\n\n<div class=\"wp-block-ho-div\">\n\n<div  class='margin-bottom-4'>\t<p class='teaser-headline-large'>Future Talks<\/p>\n<\/div>\n\n\n\n\n<div  class='margin-bottom-4'>\t<p class='teaser-copy'>Ein international anerkanntes Forum der Restaurierung<\/p>\n<\/div>\n\n\n\n\n<div class=\"wp-block-ho-div\">\n\n<div class='wp-block-ho-buttons '>\n<div class=\"wp-block-ho-buttons-item\">\n\t<a href=\"https:\/\/www.die-neue-sammlung.de\/future-talks\/\"  target=\"\" role=\"button\" aria-pressed=\"false\" rel=\"nofollow\" class=\"ho-button is-tertiary has-outgoing-link-icon-left\">\n\t\t\t\t<span class=\"ho-button-label \">Mehr erfahren<\/span>\n\t<\/a>\n<\/div>\n<\/div>\n<\/div>\n<\/div>\n<\/div>\n<\/div>\n<\/div>\n\n\n\n\n<div  class='col col-xs-12 col-md-7 mobile-margin-bottom-4'><figure itemscope itemtype=\"http:\/\/schema.org\/ImageObject\" class=\"lazy-media-inline \" role=\"group\" aria-describedby=\"media_69e51782d8cc7\">\n<div class=\"height-container \" style=\"padding-bottom:75%;   \">\n\t<div class=\"height-container-contents lazy-media-contents\">\n\t\n\n\t\n\t\n<div class=\"lazy-media loaded\">\n\t<img decoding=\"async\" src=\"https:\/\/staging.die-neue-sammlung.de\/wp-content\/uploads\/2024\/02\/Future-Talks-2-1920x1440.jpg\" srcset=\"https:\/\/staging.die-neue-sammlung.de\/wp-content\/uploads\/2024\/02\/Future-Talks-2-1920x1440.jpg 1920w, https:\/\/staging.die-neue-sammlung.de\/wp-content\/uploads\/2024\/02\/Future-Talks-2-300x225.jpg 300w, https:\/\/staging.die-neue-sammlung.de\/wp-content\/uploads\/2024\/02\/Future-Talks-2-1024x768.jpg 1024w, https:\/\/staging.die-neue-sammlung.de\/wp-content\/uploads\/2024\/02\/Future-Talks-2-768x576.jpg 768w, https:\/\/staging.die-neue-sammlung.de\/wp-content\/uploads\/2024\/02\/Future-Talks-2-1536x1152.jpg 1536w, https:\/\/staging.die-neue-sammlung.de\/wp-content\/uploads\/2024\/02\/Future-Talks-2-2048x1536.jpg 2048w, https:\/\/staging.die-neue-sammlung.de\/wp-content\/uploads\/2024\/02\/Future-Talks-2-440x330.jpg 440w, https:\/\/staging.die-neue-sammlung.de\/wp-content\/uploads\/2024\/02\/Future-Talks-2-580x435.jpg 580w, https:\/\/staging.die-neue-sammlung.de\/wp-content\/uploads\/2024\/02\/Future-Talks-2-720x540.jpg 720w, https:\/\/staging.die-neue-sammlung.de\/wp-content\/uploads\/2024\/02\/Future-Talks-2-1280x960.jpg 1280w\" sizes=\"(max-width: 763px) 100vw, (min-width: 764px) and (max-width: 1023px) 41.666666666667vw, (min-width: 1024px) 41.666666666667vw\" alt=\"Zwei Teilnehmerinnen unterhalten sich auf der Terrasse der Pinakothek der Moderne. Sie sitzen auf hellgr\u00fcnen St\u00fchlen. AUf der Betonwand im Hintergrund steht der\" loading=\"lazy\" \/>\n<\/div>\t\t<\/div>\n<\/div>\n\n\n\n\n\n\t\t<figcaption class=\"\" id=\"media_69e51782d8cc7\">\n\t\t\t<div class=\"figcaption-wrapper\">\n\t\t\t\t\t\t\t<div class=\"lazy-media-image-label\">Future Talks<\/div>\n\t\t\t\t\t\t\t\t\t\t<div class=\"lazy-media-image-description\">(c) DNS <\/div>\n\t\t\t\t\t\t\t\t\t<\/div>\n\t\t<\/figcaption>\n\t\n<\/figure>\n\n\t\t<\/div>\n<\/div>\n<\/div>\n<\/div>\n<\/div>\n<\/div>\n<\/div>\n<\/section>","protected":false},"excerpt":{"rendered":"<p>mit 21.000 B\u00fcchern<\/p>\n","protected":false},"author":6,"featured_media":990,"parent":0,"menu_order":9,"comment_status":"closed","ping_status":"closed","template":"","meta":{"_acf_changed":false,"ho_image_focal_point":"","footnotes":""},"class_list":["post-6783","page","type-page","status-publish","has-post-thumbnail","hentry"],"acf":{"audio":"","video":"","poster":"","noindex":false,"keywords":"","seo_titel":""},"_links":{"self":[{"href":"https:\/\/staging.die-neue-sammlung.de\/ls\/wp-json\/wp\/v2\/pages\/6783","targetHints":{"allow":["GET"]}}],"collection":[{"href":"https:\/\/staging.die-neue-sammlung.de\/ls\/wp-json\/wp\/v2\/pages"}],"about":[{"href":"https:\/\/staging.die-neue-sammlung.de\/ls\/wp-json\/wp\/v2\/types\/page"}],"author":[{"embeddable":true,"href":"https:\/\/staging.die-neue-sammlung.de\/ls\/wp-json\/wp\/v2\/users\/6"}],"replies":[{"embeddable":true,"href":"https:\/\/staging.die-neue-sammlung.de\/ls\/wp-json\/wp\/v2\/comments?post=6783"}],"version-history":[{"count":8,"href":"https:\/\/staging.die-neue-sammlung.de\/ls\/wp-json\/wp\/v2\/pages\/6783\/revisions"}],"predecessor-version":[{"id":13896,"href":"https:\/\/staging.die-neue-sammlung.de\/ls\/wp-json\/wp\/v2\/pages\/6783\/revisions\/13896"}],"wp:featuredmedia":[{"embeddable":true,"href":"https:\/\/staging.die-neue-sammlung.de\/ls\/wp-json\/wp\/v2\/media\/990"}],"wp:attachment":[{"href":"https:\/\/staging.die-neue-sammlung.de\/ls\/wp-json\/wp\/v2\/media?parent=6783"}],"curies":[{"name":"wp","href":"https:\/\/api.w.org\/{rel}","templated":true}]}}