{"id":1797,"date":"2024-01-30T15:55:30","date_gmt":"2024-01-30T14:55:30","guid":{"rendered":"https:\/\/www.die-neue-sammlung.de\/?page_id=1797"},"modified":"2025-07-02T18:16:34","modified_gmt":"2025-07-02T16:16:34","slug":"das-team","status":"publish","type":"page","link":"https:\/\/staging.die-neue-sammlung.de\/ls\/das-team\/","title":{"rendered":"Das Team"},"content":{"rendered":"<section class='wp-block-ho-pattern ' data-pattern='ho\/header-text-und-bild'>\n\n<div  class='container-fluid margin-bottom-7'>\n\n<div  class='row'>\n\n<div  class='col col-xs-12 col-md-6'>\n\n<div  class='margin-bottom-4'>\n<h1>Das Team<\/h1>\n<\/div>\n<\/div>\n<\/div>\n\n\n\n\n<div  class='row'>\n\n<div  class='col col-xs-12 col-md-6'>\n\n<div  class='margin-bottom-4'><div class=body-large>Wer arbeitet am Museum?<\/div><\/div>\n<\/div>\n<\/div>\n\n\n\n\n<div  class='row'>\n\n<div  class='col col-xs-12'>\n\n<div  class='margin-bottom-4'><div class=\"wp-block-ho-slot \">\n<div class=\"accessibility-menu\">\n\t<div class=\"wp-block-ho-buttons\">\n\t\t\t\t<div class=\"wp-block-ho-buttons-item\">\n\t\t\t<a href=\"https:\/\/staging.die-neue-sammlung.de\/das-team\/\" class=\"ho-button is-senary icon-with-text-outside-left is-small  invert\" aria-label=\"Leichte Sprache\" rel=\"alternate\">\n\t\t\t\t<span class=\"ho-button-icon icon-leichtesprache\" aria-hidden=\"true\"><\/span>\n\t\t\t\t<span class=\"ho-button-label\">Leichte Sprache<\/span>\n\t\t\t<\/a>\n\t\t<\/div>\n\t\t\n\t\t\n\n\t\t\t<\/div>\n<\/div>\n\n<\/div>\n<\/div>\n<\/div>\n<\/div>\n\n\n\n\n<div  class='row'>\n\n<div  class='col col-xs-12'>\n\n<div  class='margin-bottom-4'><figure itemscope itemtype=\"http:\/\/schema.org\/ImageObject\" class=\"lazy-media-inline \" role=\"group\" aria-describedby=\"media_RXlaOe\">\n<div class=\"height-container \" style=\"padding-bottom:34.63%;   \">\n\t<div class=\"height-container-contents lazy-media-contents\">\n\t\n\n\t\n\t\t<lazy-media-inline\n\t\t:sizes=\"{&quot;medium&quot;:{&quot;file&quot;:&quot;vier-teammitglieder-die-gemeinsamkeit-ausdruecken-300x200.jpg&quot;,&quot;width&quot;:300,&quot;height&quot;:200,&quot;mime-type&quot;:&quot;image\\\/jpeg&quot;,&quot;filesize&quot;:13750},&quot;large&quot;:{&quot;file&quot;:&quot;vier-teammitglieder-die-gemeinsamkeit-ausdruecken-1024x683.jpg&quot;,&quot;width&quot;:1024,&quot;height&quot;:683,&quot;mime-type&quot;:&quot;image\\\/jpeg&quot;,&quot;filesize&quot;:87786},&quot;medium_large&quot;:{&quot;file&quot;:&quot;vier-teammitglieder-die-gemeinsamkeit-ausdruecken-768x512.jpg&quot;,&quot;width&quot;:768,&quot;height&quot;:512,&quot;mime-type&quot;:&quot;image\\\/jpeg&quot;,&quot;filesize&quot;:55505},&quot;1536x1536&quot;:{&quot;file&quot;:&quot;vier-teammitglieder-die-gemeinsamkeit-ausdruecken-1536x1024.jpg&quot;,&quot;width&quot;:1536,&quot;height&quot;:1024,&quot;mime-type&quot;:&quot;image\\\/jpeg&quot;,&quot;filesize&quot;:170093},&quot;2048x2048&quot;:{&quot;file&quot;:&quot;vier-teammitglieder-die-gemeinsamkeit-ausdruecken-2048x1365.jpg&quot;,&quot;width&quot;:2048,&quot;height&quot;:1365,&quot;mime-type&quot;:&quot;image\\\/jpeg&quot;,&quot;filesize&quot;:280152},&quot;small&quot;:{&quot;file&quot;:&quot;vier-teammitglieder-die-gemeinsamkeit-ausdruecken-440x293.jpg&quot;,&quot;width&quot;:440,&quot;height&quot;:293,&quot;mime-type&quot;:&quot;image\\\/jpeg&quot;,&quot;filesize&quot;:24269},&quot;semi&quot;:{&quot;file&quot;:&quot;vier-teammitglieder-die-gemeinsamkeit-ausdruecken-580x387.jpg&quot;,&quot;width&quot;:580,&quot;height&quot;:387,&quot;mime-type&quot;:&quot;image\\\/jpeg&quot;,&quot;filesize&quot;:36721},&quot;mobile&quot;:{&quot;file&quot;:&quot;vier-teammitglieder-die-gemeinsamkeit-ausdruecken-720x480.jpg&quot;,&quot;width&quot;:720,&quot;height&quot;:480,&quot;mime-type&quot;:&quot;image\\\/jpeg&quot;,&quot;filesize&quot;:50205},&quot;hd&quot;:{&quot;file&quot;:&quot;vier-teammitglieder-die-gemeinsamkeit-ausdruecken-1280x853.jpg&quot;,&quot;width&quot;:1280,&quot;height&quot;:853,&quot;mime-type&quot;:&quot;image\\\/jpeg&quot;,&quot;filesize&quot;:126252},&quot;full&quot;:{&quot;file&quot;:&quot;vier-teammitglieder-die-gemeinsamkeit-ausdruecken-1920x1280.jpg&quot;,&quot;width&quot;:1920,&quot;height&quot;:1280,&quot;mime-type&quot;:&quot;image\\\/jpeg&quot;,&quot;filesize&quot;:249718},&quot;xxl&quot;:{&quot;file&quot;:&quot;vier-teammitglieder-die-gemeinsamkeit-ausdruecken-4048x2699.jpg&quot;,&quot;width&quot;:4048,&quot;height&quot;:2699,&quot;mime-type&quot;:&quot;image\\\/jpeg&quot;,&quot;filesize&quot;:1045118},&quot;original&quot;:{&quot;file&quot;:&quot;vier-teammitglieder-die-gemeinsamkeit-ausdruecken.jpg&quot;,&quot;width&quot;:5472,&quot;height&quot;:3648}}\"\n\t\t:alt=\"&quot;Zu sehen sind sieben H\\u00e4nde von menschen unterschiedlichen Alters. Sie liegen in der Mitte aufeinander. Ansonsten erkennt man nur graue und wei\\u00dfe \\u00c4rmel von Blusen und Sackos.&quot;\"\n\t\t:path=\"&quot;\\\/wp-content\\\/uploads\\\/2024\\\/02\\\/&quot;\"\n\t\t:video=\"&quot;&quot;\"\n\t\t:autoplay=\"null\"\n\t\t:youtube=\"&quot;&quot;\"\n\t\t:youtubelabel=\"&quot;play&quot;\"\n\t\t:brightness=\"1\"\n\t\t:crop=\"{&quot;x&quot;:0.5,&quot;y&quot;:0.5}\"\n\t\t:background=\"true\"\n\t\t:scale=\"1\"\n\t\t:zoom=\"false\"\n\t\t:annotations=\"null\"><\/lazy-media-inline>\n\t\t\t<\/div>\n<\/div>\n\n\n\n\n\n\n<\/figure>\n\n\t\t<\/div>\n<\/div>\n<\/div>\n<\/div>\n<\/section>\n\n<section class='wp-block-ho-pattern ' data-pattern='ho\/einfacher-text'>\n\n<div  class='container-fluid margin-bottom-7'>\n\n<div  class='row'>\n\n<div  class='col col-xs-12 col-md-8'>\t<p class='body'><strong>Direktion<\/strong><br><a href=\"mailto:direktion@die-neue-sammlung.de\">direktion@die-neue-sammlung.de<\/a><br><br>Prof. Dr. Angelika Nollert<br>Sie ist die Direktorin von: Die Neue Sammlung. <br><a href=\"mailto:angelika.nollert@die-neue-sammlung.de\">angelika.nollert@die-neue-sammlung.de<\/a><br><br>Dr. Josef Stra\u00dfer<br>Er ist der stellvertretende Direktor von: Die Neue Sammlung.<br><a href=\"mailto:josef.strasser@die-neue-sammlung.de\">josef.strasser@die-neue-sammlung.de<\/a><br>  <br> <br><strong>Sekretariat<\/strong><br>Theofano Kenjar<br>Sie ist Sekret\u00e4rin in: Die Neue Sammlung.<a href=\"mailto:direktion@die-neue-sammlung.de\"><br><\/a><a href=\"mailto:theofano.kenjar@die-neue-sammlung.de\">theofano.kenjar@die-neue-sammlung.de<\/a><br><br> <br><strong>Sammlung und Ausstellungen<\/strong><br>Dr. Caroline Fuchs<br>Sie ist Konservatorin in: Die Neue Sammlung.<br><a href=\"mailto:caroline.fuchs@die-neue-sammlung.de\">caroline.fuchs@die-neue-sammlung.de<\/a><br><br>Dr. Polina Gedova<br>Sie ist Konservatorin in: Die Neue Sammlung.<br><a href=\"mailto:polina.gedova@die-neue-sammlung.de\">polina.gedova@die-neue-sammlung.de<\/a><br><br>Dr. Petra H\u00f6lscher<br>Sie ist Konservatorin in: Die Neue Sammlung.<br><a href=\"mailto:petra.hoelscher@die-neue-sammlung.de\">petra.hoelscher@die-neue-sammlung.de<\/a><br><br>Dr. Xenia Riemann-Tyroller<br>Sie ist Konservatorin in: Die Neue Sammlung.<br><a href=\"mailto:xenia.riemann-tyroller@die-neue-sammlung.de\">xenia.riemann-tyroller@die-neue-sammlung.de<\/a><br><br>Dr. Sabine Roeckl<br>Sie ist Konservatorin in: Die Neue Sammlung.<br><a href=\"mailto:sabine.roeckl@die-neue-sammlung.de\">sabine.roeckl@die-neue-sammlung.de<\/a><br><br><br><strong>Volontariat<\/strong><br>Alexander Brockhoff, M.A.<br>Er ist bis Dezember 2025 in: Die Neue Sammlung.<br><a href=\"mailto:alexander.brockhoff@die-neue-sammlung.de\">alexander.brockhoff@die-neue-sammlung.de<\/a><br><br><br><strong>Inklusion und digitale Kulturvermittlung<\/strong><br>Frauke Maria Petry, M.A.<br>Sie leitet das Projekt: Design inklusiv erleben.<br><a href=\"mailto:frauke.petry@die-neue-sammlung.de\">frauke.petry@die-neue-sammlung.de<\/a><br><br> <br><strong>Online Redaktion<\/strong><br>Andrea Czermak, M.A. <br>Sie macht Instagram von: Die Neue Sammlung.<br><a href=\"andrea.czermak@die-neue-sammlung.de\">andrea.czermak@die-neue-sammlung.de <\/a><br> <br>Rainer Schmitzberger<br>Er macht Facebook und die Website von: Die Neue Sammlung.<br><a href=\"mailto:rainer.schmitzberger@die-neue-sammlung.de\">rainer.schmitzberger@die-neue-sammlung.de<\/a><br> <br><br><strong>Mediathek \/ Research<\/strong><br>Michaela Klaube, M.A. <br>Sie k\u00fcmmert sich um Bilder und Bildrechte in: Die Neue Sammlung.<br><a href=\"mailto:michaela.klaube@die-neue-sammlung.de\">michaela.klaube@die-neue-sammlung.de<\/a><br> <br><br><strong>Registrarin<\/strong><br>Mag. Waltraud Wiedenbauer, M.A.<br>Sie k\u00fcmmert sich um Vertr\u00e4ge f\u00fcr Kunstwerke und Objekte in: Die Neue Sammlung.<br><a href=\"mailto:waltraud.wiedenbauer@die-neue-sammlung.de\">waltraud.wiedenbauer@die-neue-sammlung.de<\/a><br> <br><br><strong>Inventarisierung<\/strong><br>Mag. Oliver Krug<br>Er k\u00fcmmert sich um die Sammlung in: Die Neue Sammlung.<br><a href=\"mailto:oliver.krug@die-neue-sammlung.de\">oliver.krug@die-neue-sammlung.de<\/a><br> <br><br><strong>Restaurierung<\/strong><br>Tim Bechthold, Dipl.-Rest. Univ. <br>Er leitet die Restaurierung in: Die Neue Sammlung.<br><a href=\"mailto:conservation@die-neue-sammlung.de\"><\/a><a href=\"mailto:tim.bechthold@die-neue-sammlung.de\">tim.bechthold@die-neue-sammlung.de<\/a><br><br>Julia Demeter, Dipl.-Rest. Univ.<br><a href=\"mailto:julia.demeter@die-neue-sammlung.de\">julia.demeter@die-neue-sammlung.de<\/a><br><br>Christian Huber, Rest. M.A. Univ. <br><a href=\"mailto:christian.huber@die-neue-sammlung.de\">christian.huber@die-neue-sammlung.de<\/a><br><br><br><strong>Bibliothek<\/strong><br>Katharina Noack, M.A., Dipl.-Bibl. (FH)<br>Sie ist Bibliothekarin in: Die Neue Sammlung.<br><a href=\"mailto:bibliothek@die-neue-sammlung.de\">bibliothek@die-neue-sammlung.de<\/a><br> <br><br><strong>Fotoatelier \/ Digitalisierung<\/strong><br>Kai Mewes, M.A. <br>Er leitet das Fotostudio in: Die Neue Sammlung.<br><a href=\"mailto:kai.mewes@die-neue-sammlung.de\">kai.mewes@die-neue-sammlung.de<\/a><br> <br>Jasmin Minne, B.A.<br>Sie ist Fotografin in: Die Neue Sammlung.<br><a href=\"jasmin.minne@die-neue-sammlung.de\">jasmin.minne@die-neue-sammlung.de<\/a><br><br><br><strong>Technischer Dienst \/ Ausstellungstechnik <\/strong><br>Michael Daume <br><a href=\"mailto:michael.daume@die-neue-sammlung.de\">michael.daume@die-neue-sammlung.de<\/a><br><br>Cornelius von Heyking <br><a href=\"mailto:cornelius.vonheyking@die-neue-sammlung.de\">cornelius.vonheyking@die-neue-sammlung.de<\/a><br><br>Florian Westphal <br><a href=\"florian.westphal@die-neue-sammlung.de\">florian.westphal@die-neue-sammlung.de<\/a><br> <br> <br><strong>Weitere Abteilungen: <\/strong><br> <br><strong>Presse und \u00d6ffentlichkeitsarbeit <\/strong><br>Tine Nehler, M.A.<br>Sie leitet die Kommunikation von Ausstellungen in: Die Pinakothek der Moderne.<br><a href=\"mailto:presse@pinakothek.de\">presse@pinakothek.de<\/a> <br> <br>Eric Dietenmeier<br>Er leitet die Kommunikation in: Die Pinakothek der Moderne.<br><a href=\"mailto:presse@pinakothek-der-moderne.de\">presse@pinakothek-der-moderne.de<\/a> <br> <br><br><strong>Kunstvermittlung und Besucherservice<\/strong><br>Pia L\u00f6wenstein, M.A.<br>Sie organisiert F\u00fchrungen und Workshops in: Die Pinakothek der Moderne.<br><a href=\"mailto:buchung@pinakothek-der-moderne.de\">buchung@pinakothek-der-moderne.de<\/a> <\/p>\n<\/div>\n<\/div>\n<\/div>\n<\/section>","protected":false},"excerpt":{"rendered":"<p>Wer arbeitet am Museum?<\/p>\n","protected":false},"author":6,"featured_media":1646,"parent":0,"menu_order":6,"comment_status":"closed","ping_status":"closed","template":"","meta":{"_acf_changed":false,"ho_image_focal_point":"","footnotes":""},"class_list":["post-1797","page","type-page","status-publish","has-post-thumbnail","hentry"],"acf":{"audio":"","video":"","poster":"","noindex":false,"keywords":"","seo_titel":""},"_links":{"self":[{"href":"https:\/\/staging.die-neue-sammlung.de\/ls\/wp-json\/wp\/v2\/pages\/1797","targetHints":{"allow":["GET"]}}],"collection":[{"href":"https:\/\/staging.die-neue-sammlung.de\/ls\/wp-json\/wp\/v2\/pages"}],"about":[{"href":"https:\/\/staging.die-neue-sammlung.de\/ls\/wp-json\/wp\/v2\/types\/page"}],"author":[{"embeddable":true,"href":"https:\/\/staging.die-neue-sammlung.de\/ls\/wp-json\/wp\/v2\/users\/6"}],"replies":[{"embeddable":true,"href":"https:\/\/staging.die-neue-sammlung.de\/ls\/wp-json\/wp\/v2\/comments?post=1797"}],"version-history":[{"count":26,"href":"https:\/\/staging.die-neue-sammlung.de\/ls\/wp-json\/wp\/v2\/pages\/1797\/revisions"}],"predecessor-version":[{"id":50788,"href":"https:\/\/staging.die-neue-sammlung.de\/ls\/wp-json\/wp\/v2\/pages\/1797\/revisions\/50788"}],"wp:featuredmedia":[{"embeddable":true,"href":"https:\/\/staging.die-neue-sammlung.de\/ls\/wp-json\/wp\/v2\/media\/1646"}],"wp:attachment":[{"href":"https:\/\/staging.die-neue-sammlung.de\/ls\/wp-json\/wp\/v2\/media?parent=1797"}],"curies":[{"name":"wp","href":"https:\/\/api.w.org\/{rel}","templated":true}]}}