{"id":7019,"date":"2024-02-28T19:51:56","date_gmt":"2024-02-28T18:51:56","guid":{"rendered":"https:\/\/www.die-neue-sammlung.de\/das-museum-2\/"},"modified":"2024-03-26T09:36:01","modified_gmt":"2024-03-26T08:36:01","slug":"das-museum-2","status":"publish","type":"page","link":"https:\/\/staging.die-neue-sammlung.de\/er\/das-museum-2\/","title":{"rendered":"Die Neue Sammlung"},"content":{"rendered":"<section class='wp-block-ho-pattern ' data-pattern='ho\/header-text-und-bild'>\n\n<div  class='container-fluid margin-bottom-7'>\n\n<div  class='row'>\n\n<div  class='col col-xs-12 col-md-6'>\n\n<div  class='margin-bottom-4'>\n<h1>Die Neue Sammlung<\/h1>\n<\/div>\n<\/div>\n<\/div>\n\n\n\n\n<div  class='row'>\n\n<div  class='col col-xs-12 col-md-6'>\n\n<div  class='margin-bottom-4'><div class=body-large>Over 100 Years Design<\/div><\/div>\n<\/div>\n<\/div>\n\n\n\n\n<div  class='row'>\n\n<div  class='col col-xs-12'>\n\n<div  class='margin-bottom-4'><div class=\"wp-block-ho-slot \">\n<div class=\"accessibility-menu\">\n\t<div class=\"wp-block-ho-buttons\">\n\t\t\t\t<div class=\"wp-block-ho-buttons-item\">\n\t\t\t<a href=\"https:\/\/staging.die-neue-sammlung.de\/en\/das-museum-2\/\" class=\"ho-button is-senary icon-with-text-outside-left is-small  invert\" aria-label=\"Easy-to-read\" rel=\"alternate\">\n\t\t\t\t<span class=\"ho-button-icon icon-leichtesprache\" aria-hidden=\"true\"><\/span>\n\t\t\t\t<span class=\"ho-button-label\">Easy-to-read<\/span>\n\t\t\t<\/a>\n\t\t<\/div>\n\t\t\n\t\t\n\n\t\t\t<\/div>\n<\/div>\n\n<\/div>\n<\/div>\n<\/div>\n<\/div>\n\n\n\n\n<div  class='row'>\n\n<div  class='col col-xs-12'>\n\n<div  class='margin-bottom-4'><figure itemscope itemtype=\"http:\/\/schema.org\/ImageObject\" class=\"lazy-media-inline \" role=\"group\" aria-describedby=\"media_69e5178f549cb\">\n<div class=\"height-container \" style=\"padding-bottom:34.63%;   \">\n\t<div class=\"height-container-contents lazy-media-contents\">\n\t\n\n\t\n\t\t<lazy-media-inline\n\t\t:sizes=\"{&quot;medium&quot;:{&quot;file&quot;:&quot;Setzkasten-300x235.jpg&quot;,&quot;width&quot;:300,&quot;height&quot;:235,&quot;mime-type&quot;:&quot;image\\\/jpeg&quot;,&quot;filesize&quot;:17319},&quot;large&quot;:{&quot;file&quot;:&quot;Setzkasten-1024x801.jpg&quot;,&quot;width&quot;:1024,&quot;height&quot;:801,&quot;mime-type&quot;:&quot;image\\\/jpeg&quot;,&quot;filesize&quot;:112045},&quot;medium_large&quot;:{&quot;file&quot;:&quot;Setzkasten-768x601.jpg&quot;,&quot;width&quot;:768,&quot;height&quot;:601,&quot;mime-type&quot;:&quot;image\\\/jpeg&quot;,&quot;filesize&quot;:71685},&quot;1536x1536&quot;:{&quot;file&quot;:&quot;Setzkasten-1536x1201.jpg&quot;,&quot;width&quot;:1536,&quot;height&quot;:1201,&quot;mime-type&quot;:&quot;image\\\/jpeg&quot;,&quot;filesize&quot;:210135},&quot;2048x2048&quot;:{&quot;file&quot;:&quot;Setzkasten-2048x1602.jpg&quot;,&quot;width&quot;:2048,&quot;height&quot;:1602,&quot;mime-type&quot;:&quot;image\\\/jpeg&quot;,&quot;filesize&quot;:332628},&quot;small&quot;:{&quot;file&quot;:&quot;Setzkasten-440x344.jpg&quot;,&quot;width&quot;:440,&quot;height&quot;:344,&quot;mime-type&quot;:&quot;image\\\/jpeg&quot;,&quot;filesize&quot;:30253},&quot;semi&quot;:{&quot;file&quot;:&quot;Setzkasten-580x454.jpg&quot;,&quot;width&quot;:580,&quot;height&quot;:454,&quot;mime-type&quot;:&quot;image\\\/jpeg&quot;,&quot;filesize&quot;:46305},&quot;mobile&quot;:{&quot;file&quot;:&quot;Setzkasten-720x563.jpg&quot;,&quot;width&quot;:720,&quot;height&quot;:563,&quot;mime-type&quot;:&quot;image\\\/jpeg&quot;,&quot;filesize&quot;:66010},&quot;hd&quot;:{&quot;file&quot;:&quot;Setzkasten-1280x1001.jpg&quot;,&quot;width&quot;:1280,&quot;height&quot;:1001,&quot;mime-type&quot;:&quot;image\\\/jpeg&quot;,&quot;filesize&quot;:157902},&quot;full&quot;:{&quot;file&quot;:&quot;Setzkasten-1920x1502.jpg&quot;,&quot;width&quot;:1920,&quot;height&quot;:1502,&quot;mime-type&quot;:&quot;image\\\/jpeg&quot;,&quot;filesize&quot;:296808},&quot;original&quot;:{&quot;file&quot;:&quot;Setzkasten.jpg&quot;,&quot;width&quot;:2126,&quot;height&quot;:1663}}\"\n\t\t:alt=\"&quot;The picture shows a type case with white walls. It is illuminated from behind. The individual boxes contain furniture, machines and the design of a car. These are objects from the museum&amp;#039;s collection.&quot;\"\n\t\t:path=\"&quot;\\\/wp-content\\\/uploads\\\/2024\\\/02\\\/&quot;\"\n\t\t:video=\"&quot;&quot;\"\n\t\t:autoplay=\"null\"\n\t\t:youtube=\"&quot;&quot;\"\n\t\t:youtubelabel=\"&quot;play&quot;\"\n\t\t:brightness=\"1\"\n\t\t:crop=\"{&quot;x&quot;:0.5,&quot;y&quot;:0.5}\"\n\t\t:background=\"true\"\n\t\t:scale=\"1\"\n\t\t:zoom=\"false\"\n\t\t:annotations=\"null\"><\/lazy-media-inline>\n\t\t\t<\/div>\n<\/div>\n\n\n\n\n\n\t\t<figcaption class=\"\" id=\"media_69e5178f549cb\">\n\t\t\t<div class=\"figcaption-wrapper\">\n\t\t\t\t\t\t\t<div class=\"lazy-media-image-label\">The first thing you see before you reach the stairs to the Design Museum is the type case.<\/div>\n\t\t\t\t\t\t\t\t\t\t<div class=\"lazy-media-image-description\">Photo: Die Neue Sammlung <\/div>\n\t\t\t\t\t\t\t\t\t<\/div>\n\t\t<\/figcaption>\n\t\n<\/figure>\n\n\t\t<\/div>\n<\/div>\n<\/div>\n<\/div>\n<\/section>\n\n<section class='wp-block-ho-pattern ' data-pattern='ho\/einfacher-text'>\n\n<div  class='container-fluid margin-bottom-7'>\n\n<div  class='row'>\n\n<div  class='col col-xs-12 col-md-8'>\t<p class='body'><strong>What is Die Neue Sammlung?<\/strong><br><br><strong>Die Neue Sammlung<\/strong> is the <strong>Design Museum<\/strong><br>in the city of Munich.<br>Design means to shape or to compose something,<br>for example a chair you use every day.<br>Design also means applied art.<br>Applied art focuses on the design of everyday objects.<br>Die Neue Sammlung is one of the most important and<strong><br>oldest design museums<\/strong> in the world.<\/p>\n<\/div>\n<\/div>\n<\/div>\n<\/section>\n\n<section class='wp-block-ho-pattern ' data-pattern='ho\/bild-rechts'>\n\n<div  class='container-fluid margin-bottom-7'>\n\n<div  class='row'>\n\n<div  class='col col-xs-8 col-md-6 col-md-offset-6 col-xs-offset-4'><figure itemscope itemtype=\"http:\/\/schema.org\/ImageObject\" class=\"lazy-media-inline \" role=\"group\" aria-describedby=\"media_69e5178f57c2f\">\n<div class=\"height-container \" style=\"padding-bottom:138.46153846154%;   \">\n\t<div class=\"height-container-contents lazy-media-contents\">\n\t\n\n\t\n\t\n<div class=\"lazy-media loaded\">\n\t<img decoding=\"async\" src=\"https:\/\/staging.die-neue-sammlung.de\/wp-content\/uploads\/2024\/03\/7288-1982_hr_11876-1387x1920.jpg\" srcset=\"https:\/\/staging.die-neue-sammlung.de\/wp-content\/uploads\/2024\/03\/7288-1982_hr_11876-1387x1920.jpg 1387w, https:\/\/staging.die-neue-sammlung.de\/wp-content\/uploads\/2024\/03\/7288-1982_hr_11876-217x300.jpg 217w, https:\/\/staging.die-neue-sammlung.de\/wp-content\/uploads\/2024\/03\/7288-1982_hr_11876-740x1024.jpg 740w, https:\/\/staging.die-neue-sammlung.de\/wp-content\/uploads\/2024\/03\/7288-1982_hr_11876-768x1063.jpg 768w, https:\/\/staging.die-neue-sammlung.de\/wp-content\/uploads\/2024\/03\/7288-1982_hr_11876-1109x1536.jpg 1109w, https:\/\/staging.die-neue-sammlung.de\/wp-content\/uploads\/2024\/03\/7288-1982_hr_11876-1479x2048.jpg 1479w, https:\/\/staging.die-neue-sammlung.de\/wp-content\/uploads\/2024\/03\/7288-1982_hr_11876-318x440.jpg 318w, https:\/\/staging.die-neue-sammlung.de\/wp-content\/uploads\/2024\/03\/7288-1982_hr_11876-419x580.jpg 419w, https:\/\/staging.die-neue-sammlung.de\/wp-content\/uploads\/2024\/03\/7288-1982_hr_11876-520x720.jpg 520w, https:\/\/staging.die-neue-sammlung.de\/wp-content\/uploads\/2024\/03\/7288-1982_hr_11876-924x1280.jpg 924w\" sizes=\"(max-width: 763px) 100vw, (qmin-width: 764px) and (max-width: 1023px) 100vw, (min-width: 1024px) 100vw\" alt=\"The poster reads Die Neue Sammlung in black letters. Below it is an orange sun. In the rays is written ceramics, metals, posters, books, fabrics and glass. Below it says the first exhibition of the Bavarian National Museum. the Department of Trade: Art in the Study Building at Prinzregentenstra\u00dfe 3.\" loading=\"lazy\" \/>\n<\/div>\t\t<\/div>\n<\/div>\n\n\n\n\n\n\t\t<figcaption class=\"\" id=\"media_69e5178f57c2f\">\n\t\t\t<div class=\"figcaption-wrapper\">\n\t\t\t\t\t\t\t<div class=\"lazy-media-image-label\">Poster for the first exhibition of the Bavarian National Museum, Department of Applied Arts, 1926.<\/div>\n\t\t\t\t\t\t\t\t\t\t<div class=\"lazy-media-image-description\">Photo: Archive Die Neue Sammlung <\/div>\n\t\t\t\t\t\t\t\t\t<\/div>\n\t\t<\/figcaption>\n\t\n<\/figure>\n\n\t\t<\/div>\n<\/div>\n<\/div>\n<\/section>\n\n<section class='wp-block-ho-pattern ' data-pattern='ho\/einfacher-text'>\n\n<div  class='container-fluid margin-bottom-7'>\n\n<div  class='row'>\n\n<div  class='col col-xs-12 col-md-8'>\t<p class='body'><strong>What is in the museum?<\/strong><br><br>Die Neue Sammlung has <strong>more than 120 thousand objects<\/strong>.<br><strong>Objects<\/strong> are the things you can see in an exhibition.<br>The museum owns lots of objects from the last 150 years.<br>The museum collects objects out<br>of <strong>20 different types of design<\/strong>, for example:<br>\u2022 Industry<br>Industry produces things you find around the house<br>or use every day.<br>For example: washing machines, furniture or cars.<br>\u2022 graphic<br>For example: books, posters or boxes that you buy things in.<br>\u2022 computers<br>For example: computers save information.<br>\u2022 mobility<br>This means: to get from one place to another by public<br>transport.<br>\u2022 other areas are:<br>ceramics, metal, glass, clothes and jewellery.<\/p>\n<\/div>\n<\/div>\n<\/div>\n<\/section>\n\n<section class='wp-block-ho-pattern ' data-pattern='ho\/video-rechts'>\n\n<div  class='container-fluid margin-bottom-7'>\n\n<div  class='row'>\n\n<div  class='col col-xs-8 col-md-6 col-md-offset-6 col-xs-offset-4'><figure itemscope itemtype=\"http:\/\/schema.org\/ImageObject\" class=\"lazy-media-inline \" role=\"group\" aria-describedby=\"media_69e5178f59545\">\n<div class=\"height-container \" style=\"padding-bottom:56.25%;   \">\n\t<div class=\"height-container-contents lazy-media-contents\">\n\t\n\n\t\n\t\t<lazy-media-inline\n\t\t:sizes=\"{&quot;medium&quot;:{&quot;file&quot;:&quot;Bildschirmfoto-2024-02-28-um-19.16.53-300x163.png&quot;,&quot;width&quot;:300,&quot;height&quot;:163,&quot;mime-type&quot;:&quot;image\\\/png&quot;,&quot;filesize&quot;:24972},&quot;large&quot;:{&quot;file&quot;:&quot;Bildschirmfoto-2024-02-28-um-19.16.53-1024x557.png&quot;,&quot;width&quot;:1024,&quot;height&quot;:557,&quot;mime-type&quot;:&quot;image\\\/png&quot;,&quot;filesize&quot;:155065},&quot;medium_large&quot;:{&quot;file&quot;:&quot;Bildschirmfoto-2024-02-28-um-19.16.53-768x418.png&quot;,&quot;width&quot;:768,&quot;height&quot;:418,&quot;mime-type&quot;:&quot;image\\\/png&quot;,&quot;filesize&quot;:102652},&quot;small&quot;:{&quot;file&quot;:&quot;Bildschirmfoto-2024-02-28-um-19.16.53-440x240.png&quot;,&quot;width&quot;:440,&quot;height&quot;:240,&quot;mime-type&quot;:&quot;image\\\/png&quot;,&quot;filesize&quot;:44878},&quot;semi&quot;:{&quot;file&quot;:&quot;Bildschirmfoto-2024-02-28-um-19.16.53-580x316.png&quot;,&quot;width&quot;:580,&quot;height&quot;:316,&quot;mime-type&quot;:&quot;image\\\/png&quot;,&quot;filesize&quot;:67671},&quot;mobile&quot;:{&quot;file&quot;:&quot;Bildschirmfoto-2024-02-28-um-19.16.53-720x392.png&quot;,&quot;width&quot;:720,&quot;height&quot;:392,&quot;mime-type&quot;:&quot;image\\\/png&quot;,&quot;filesize&quot;:92695},&quot;hd&quot;:{&quot;file&quot;:&quot;Bildschirmfoto-2024-02-28-um-19.16.53-1280x697.png&quot;,&quot;width&quot;:1280,&quot;height&quot;:697,&quot;mime-type&quot;:&quot;image\\\/png&quot;,&quot;filesize&quot;:212299},&quot;original&quot;:{&quot;file&quot;:&quot;Bildschirmfoto-2024-02-28-um-19.16.53.png&quot;,&quot;width&quot;:1418,&quot;height&quot;:772}}\"\n\t\t:alt=\"&quot;&quot;\"\n\t\t:path=\"&quot;\\\/wp-content\\\/uploads\\\/2024\\\/02\\\/&quot;\"\n\t\t:video=\"&quot;https:\\\/\\\/www.die-neue-sammlung.de\\\/wp-content\\\/uploads\\\/2023\\\/11\\\/flowers.mp4&quot;\"\n\t\t:autoplay=\"null\"\n\t\t:youtube=\"&quot;https:\\\/\\\/www.youtube.com\\\/watch?v=ZFx7bOsbKS0&quot;\"\n\t\t:youtubelabel=\"&quot;play&quot;\"\n\t\t:brightness=\"1\"\n\t\t:crop=\"{&quot;x&quot;:0.5,&quot;y&quot;:0.5}\"\n\t\t:background=\"true\"\n\t\t:scale=\"1\"\n\t\t:zoom=\"false\"\n\t\t:annotations=\"null\"><\/lazy-media-inline>\n\t\t\t<\/div>\n<\/div>\n\n\n\n\n\n\t\t<figcaption class=\"\" id=\"media_69e5178f59545\">\n\t\t\t<div class=\"figcaption-wrapper\">\n\t\t\t\t\t\t\t<div class=\"lazy-media-image-label\">Image-Video<\/div>\n\t\t\t\t\t\t\t\t\t\t<div class=\"lazy-media-image-description\">Die Neue Sammlung <\/div>\n\t\t\t\t\t\t\t\t\t<\/div>\n\t\t<\/figcaption>\n\t\n<\/figure>\n\n\t\t<\/div>\n<\/div>\n<\/div>\n<\/section>\n\n<section class='wp-block-ho-pattern ' data-pattern='ho\/einfacher-text'>\n\n<div  class='container-fluid margin-bottom-7'>\n\n<div  class='row'>\n\n<div  class='col col-xs-12 col-md-8'>\t<p class='body'><strong>When did the museum start?<\/strong><br><br>The museum started in 1903.<br>At that time, the museum for Applied Art<br>was called:<br>M\u00fcnchner Vereinigung f\u00fcr angewandte Kunst.<br>In 1911, it was called: M\u00fcnchner Bund.<br><br>The collecting of design objects started in 1912.<br>It was called: <strong>The Modern Model Collection<\/strong>.<br>Modern design objects were shown in this collection.<br><br><strong>1925<\/strong> was the start of:<br><strong>Die Neue Sammlung &#8211; The Design Museum<\/strong>.<br>One year later, the museum opened in Prinz-Regenten-Stra\u00dfe<\/p>\n<\/div>\n<\/div>\n<\/div>\n<\/section>\n\n<section class='wp-block-ho-pattern ' data-pattern='ho\/zwei-bilder'>\n\n<div  class='container-fluid margin-bottom-7'>\n\n<div  class='row pattern-two-images-align-bottom'>\n\n<div  class='col col-xs-6'>\n\n<div  class='flex-align-bottom-center sizes-height-fill'><figure itemscope itemtype=\"http:\/\/schema.org\/ImageObject\" class=\"lazy-media-inline \" role=\"group\" aria-describedby=\"media_69e5178f64961\">\n<div class=\"height-container \" style=\"padding-bottom:66.666666666667%;   \">\n\t<div class=\"height-container-contents lazy-media-contents\">\n\t\n\n\t\n\t\n<div class=\"lazy-media loaded\">\n\t<img decoding=\"async\" src=\"https:\/\/staging.die-neue-sammlung.de\/wp-content\/uploads\/2024\/02\/Futuro-Haus-vor-Museum-Brandhorst-\u00a9-Muenchen-Tourismus-Peter-Neusser-1920x1280.jpg\" srcset=\"https:\/\/staging.die-neue-sammlung.de\/wp-content\/uploads\/2024\/02\/Futuro-Haus-vor-Museum-Brandhorst-\u00a9-Muenchen-Tourismus-Peter-Neusser-1920x1280.jpg 1920w, https:\/\/staging.die-neue-sammlung.de\/wp-content\/uploads\/2024\/02\/Futuro-Haus-vor-Museum-Brandhorst-\u00a9-Muenchen-Tourismus-Peter-Neusser-300x200.jpg 300w, https:\/\/staging.die-neue-sammlung.de\/wp-content\/uploads\/2024\/02\/Futuro-Haus-vor-Museum-Brandhorst-\u00a9-Muenchen-Tourismus-Peter-Neusser-1024x683.jpg 1024w, https:\/\/staging.die-neue-sammlung.de\/wp-content\/uploads\/2024\/02\/Futuro-Haus-vor-Museum-Brandhorst-\u00a9-Muenchen-Tourismus-Peter-Neusser-768x512.jpg 768w, https:\/\/staging.die-neue-sammlung.de\/wp-content\/uploads\/2024\/02\/Futuro-Haus-vor-Museum-Brandhorst-\u00a9-Muenchen-Tourismus-Peter-Neusser-1536x1024.jpg 1536w, https:\/\/staging.die-neue-sammlung.de\/wp-content\/uploads\/2024\/02\/Futuro-Haus-vor-Museum-Brandhorst-\u00a9-Muenchen-Tourismus-Peter-Neusser-2048x1365.jpg 2048w, https:\/\/staging.die-neue-sammlung.de\/wp-content\/uploads\/2024\/02\/Futuro-Haus-vor-Museum-Brandhorst-\u00a9-Muenchen-Tourismus-Peter-Neusser-440x293.jpg 440w, https:\/\/staging.die-neue-sammlung.de\/wp-content\/uploads\/2024\/02\/Futuro-Haus-vor-Museum-Brandhorst-\u00a9-Muenchen-Tourismus-Peter-Neusser-580x387.jpg 580w, https:\/\/staging.die-neue-sammlung.de\/wp-content\/uploads\/2024\/02\/Futuro-Haus-vor-Museum-Brandhorst-\u00a9-Muenchen-Tourismus-Peter-Neusser-720x480.jpg 720w, https:\/\/staging.die-neue-sammlung.de\/wp-content\/uploads\/2024\/02\/Futuro-Haus-vor-Museum-Brandhorst-\u00a9-Muenchen-Tourismus-Peter-Neusser-1280x853.jpg 1280w\" sizes=\"(max-width: 763px) 100vw, (qmin-width: 764px) and (max-width: 1023px) 100vw, (min-width: 1024px) 100vw\" alt=\"The picture shows the mobile home Futuro, which resembles a UFO. It stands on a meadow in front of the Pinakothek der Poderne. In the background you can see the square, colourful building of the Museum Brandhorst.\" loading=\"lazy\" \/>\n<\/div>\t\t<\/div>\n<\/div>\n\n\n\n\n\n\t\t<figcaption class=\"\" id=\"media_69e5178f64961\">\n\t\t\t<div class=\"figcaption-wrapper\">\n\t\t\t\t\t\t\t<div class=\"lazy-media-image-label\">Futuro House in front of the Museum Brandhorst.<\/div>\n\t\t\t\t\t\t\t\t\t\t<div class=\"lazy-media-image-description\">\u00a9 M\u00fcnchen Tourismus Peter Neusser <\/div>\n\t\t\t\t\t\t\t\t\t<\/div>\n\t\t<\/figcaption>\n\t\n<\/figure>\n\n\t\t<\/div>\n<\/div>\n\n\n\n\n<div  class='col col-xs-6'>\n\n<div  class='flex-align-bottom-center sizes-height-fill'><figure itemscope itemtype=\"http:\/\/schema.org\/ImageObject\" class=\"lazy-media-inline \" role=\"group\" aria-describedby=\"media_69e5178f64d88\">\n<div class=\"height-container \" style=\"padding-bottom:74.975235264983%;   \">\n\t<div class=\"height-container-contents lazy-media-contents\">\n\t\n\n\t\n\t\n<div class=\"lazy-media loaded\">\n\t<img decoding=\"async\" src=\"https:\/\/staging.die-neue-sammlung.de\/wp-content\/uploads\/2024\/02\/dns-xd_CF214410_kellermann-1920x1440.jpg\" srcset=\"https:\/\/staging.die-neue-sammlung.de\/wp-content\/uploads\/2024\/02\/dns-xd_CF214410_kellermann-1920x1440.jpg 1920w, https:\/\/staging.die-neue-sammlung.de\/wp-content\/uploads\/2024\/02\/dns-xd_CF214410_kellermann-300x225.jpg 300w, https:\/\/staging.die-neue-sammlung.de\/wp-content\/uploads\/2024\/02\/dns-xd_CF214410_kellermann-1024x768.jpg 1024w, https:\/\/staging.die-neue-sammlung.de\/wp-content\/uploads\/2024\/02\/dns-xd_CF214410_kellermann-768x576.jpg 768w, https:\/\/staging.die-neue-sammlung.de\/wp-content\/uploads\/2024\/02\/dns-xd_CF214410_kellermann-1536x1152.jpg 1536w, https:\/\/staging.die-neue-sammlung.de\/wp-content\/uploads\/2024\/02\/dns-xd_CF214410_kellermann-2048x1535.jpg 2048w, https:\/\/staging.die-neue-sammlung.de\/wp-content\/uploads\/2024\/02\/dns-xd_CF214410_kellermann-440x330.jpg 440w, https:\/\/staging.die-neue-sammlung.de\/wp-content\/uploads\/2024\/02\/dns-xd_CF214410_kellermann-580x435.jpg 580w, https:\/\/staging.die-neue-sammlung.de\/wp-content\/uploads\/2024\/02\/dns-xd_CF214410_kellermann-720x540.jpg 720w, https:\/\/staging.die-neue-sammlung.de\/wp-content\/uploads\/2024\/02\/dns-xd_CF214410_kellermann-1280x960.jpg 1280w\" sizes=\"(max-width: 763px) 50vw, (min-width: 764px) and (max-width: 1023px) 50vw, (min-width: 1024px) 50vw\" alt=\"The picture shows a corridor with a black floor and white ballustrades. On the right are glass cabinets, on the left you can see into the X-D-E-P-O-T with high shelves. The shelves contain various colourful collection objects, such as furniture.\" loading=\"lazy\" \/>\n<\/div>\t\t<\/div>\n<\/div>\n\n\n\n\n\n\t\t<figcaption class=\"\" id=\"media_69e5178f64d88\">\n\t\t\t<div class=\"figcaption-wrapper\">\n\t\t\t\t\t\t\t<div class=\"lazy-media-image-label\">X-D-E-P-O-T, 2021.<\/div>\n\t\t\t\t\t\t\t\t\t\t<div class=\"lazy-media-image-description\">Photo: Kellermann <\/div>\n\t\t\t\t\t\t\t\t\t<\/div>\n\t\t<\/figcaption>\n\t\n<\/figure>\n\n\t\t<\/div>\n<\/div>\n<\/div>\n<\/div>\n<\/section>\n\n<section class='wp-block-ho-pattern ' data-pattern='ho\/uberschrift-mit-text-und-zwei-buttons'>\n\n<div  class='container-fluid margin-bottom-7'>\n\n<div  class='row padding-bottom-4'>\n\n<div  class='col col-xs-12 col-md-8'>\n<h2 class='h2' style=\"white-space: normal;\">Where is the museum now?<\/h2>\n<\/div>\n<\/div>\n\n\n\n\n<div  class='row padding-bottom-4'>\n\n<div  class='col col-xs-12 col-md-8'>\t<p class='body'>Since 2002, Die Neue Sammlung &#8211; The Design Museum<br>has been on show at the <strong>Pinakothek der Moderne<\/strong>.<br>A Pinakothek is a large museum.<br>The Pinakothek der Moderne is <strong>4 museums<\/strong> made into 1:<br>\u2022 art<br>\u2022 architecture<br>\u2022 graphics<br>\u2022 design<br><br>The Pinakothek der Moderne is in the <strong>Kunst-Areal<\/strong><br>in the <strong>Maxvorstadt<\/strong> district.<br>Kunst-Areal means:<br>There are lots of other museums nearby.<br>For example:<br>\u2022 Alte Pinakothek<br>\u2022 Lenbach-Haus<br>\u2022 Museum Brandhorst<br>Around the Pinakothek der Moderne, there are buildings<br>that belong to the Technical University of Munich.<br><br>Before that,<br>these buildings were the Turkish barracks.<br><strong>Barracks<\/strong> are places where soldiers live.<br>In the Second World War, the barracks were almost destroyed.<br>After that, the Roncalli Circus used the area for<br>almost 20 years.<br><br>In 1990, the Bavarian state government decided:<br>We should build a museum on the square.<br><strong>Stephan Braunfels<\/strong> is an <strong>architect<\/strong> from the city of Munich.<br>Braunfels planned the new museum, which is called:<br>Pinakothek der Moderne.<br>The <strong>entrance<\/strong> is in <strong>Barerstra\u00dfe<\/strong>.<br>The new building creates a connection between<br>the Alte Pinakothek and the Neue Pinakothek.<br>And a connection to the city centre also exists.<\/p>\n<\/div>\n<\/div>\n\n\n\n\n<div  class='row'>\n\n<div  class='col col-xs-12 col-md-8'>\n\n<div class='wp-block-ho-buttons '>\n<div class=\"wp-block-ho-buttons-item\">\n\t<a href=\"https:\/\/www.die-neue-sammlung.de\/ls\/das-kunstareal\/\"  target=\"\" role=\"button\" aria-pressed=\"false\" rel=\"nofollow\" class=\"ho-button is-primary has-outgoing-link-icon-left\">\n\t\t\t\t<span class=\"ho-button-label \">About the Kunst-Areal<\/span>\n\t<\/a>\n<\/div>\n\n\n\n<div class=\"wp-block-ho-buttons-item\">\n\t<a href=\"https:\/\/www.die-neue-sammlung.de\/ls\/die-standorte\/\"  target=\"\" role=\"button\" aria-pressed=\"false\" rel=\"nofollow\" class=\"ho-button is-tertiary has-outgoing-link-icon-left\">\n\t\t\t\t<span class=\"ho-button-label \">About the location<\/span>\n\t<\/a>\n<\/div>\n<\/div>\n<\/div>\n<\/div>\n<\/div>\n<\/section>\n\n<section class='wp-block-ho-pattern ' data-pattern='ho\/sponsoren-logos'>\n\n<div  class='container-fluid'><ul class=\"wp-block wp-block-ho-grid row row middle-xs center-xs\">\n\t<li class=\"wp-block-ho-grid-item col col-xs-6 col-sm-3\">\n\t<figure itemscope itemtype=\"http:\/\/schema.org\/ImageObject\" class=\"lazy-media-inline \" role=\"group\" aria-describedby=\"media_69e5178f6ae0c\">\n<div class=\"height-container \" style=\"padding-bottom:78.343949044586%;   \">\n\t<div class=\"height-container-contents lazy-media-contents\">\n\t\n\n\t\n\t\n<div class=\"lazy-media loaded\">\n\t<img decoding=\"async\" src=\"https:\/\/staging.die-neue-sammlung.de\/wp-content\/uploads\/2024\/02\/Screenshot-2024-02-28-at-20-21-43-Die-Neue-Sammlung-\u2013-The-Design-Museum-DNS_Onepager-Website_A2_bf-PDF.pdf.png\" srcset=\"https:\/\/staging.die-neue-sammlung.de\/wp-content\/uploads\/2024\/02\/Screenshot-2024-02-28-at-20-21-43-Die-Neue-Sammlung-\u2013-The-Design-Museum-DNS_Onepager-Website_A2_bf-PDF.pdf.png 314w, https:\/\/staging.die-neue-sammlung.de\/wp-content\/uploads\/2024\/02\/Screenshot-2024-02-28-at-20-21-43-Die-Neue-Sammlung-\u2013-The-Design-Museum-DNS_Onepager-Website_A2_bf-PDF.pdf-300x235.png 300w\" sizes=\"(max-width: 763px) 50vw, (min-width: 764px) and (max-width: 1023px) 50vw, (min-width: 1024px) 50vw\" alt=\"Das ist das Pr\u00fcfsiegel f\u00fcr das Sprachlevel A2. Es ist ein gelber Kreis mit gr\u00fcnem Rand. Darin steht LL und unten drunter A2. Unter dem Kreis steht in Gr\u00fcn Leicht Lesen.\" loading=\"lazy\" \/>\n<\/div>\t\t<\/div>\n<\/div>\n\n\n\n\n\n\n<\/figure>\n\n\t\t<\/li><li class=\"wp-block-ho-grid-item col col-xs-6 col-sm-3\">\n\t<figure itemscope itemtype=\"http:\/\/schema.org\/ImageObject\" class=\"lazy-media-inline \" role=\"group\" aria-describedby=\"media_69e5178f6b47f\">\n<div class=\"height-container \" style=\"padding-bottom:42.010309278351%;   \">\n\t<div class=\"height-container-contents lazy-media-contents\">\n\t\n\n\t\n\t\n<div class=\"lazy-media loaded\">\n\t<img decoding=\"async\" src=\"https:\/\/staging.die-neue-sammlung.de\/wp-content\/uploads\/2024\/02\/Screenshot-2024-02-28-at-20-20-02-Die-Neue-Sammlung-\u2013-The-Design-Museum-DNS_Onepager-Website_A2_bf-PDF.pdf.png\" srcset=\"https:\/\/staging.die-neue-sammlung.de\/wp-content\/uploads\/2024\/02\/Screenshot-2024-02-28-at-20-20-02-Die-Neue-Sammlung-\u2013-The-Design-Museum-DNS_Onepager-Website_A2_bf-PDF.pdf.png 388w, https:\/\/staging.die-neue-sammlung.de\/wp-content\/uploads\/2024\/02\/Screenshot-2024-02-28-at-20-20-02-Die-Neue-Sammlung-\u2013-The-Design-Museum-DNS_Onepager-Website_A2_bf-PDF.pdf-300x126.png 300w\" sizes=\"(max-width: 763px) 50vw, (min-width: 764px) and (max-width: 1023px) 50vw, (min-width: 1024px) 50vw\" alt=\"Das Logo von capito M\u00fcnchen hat ein rotes Quadrat und schwarze Schrift daneben.\" loading=\"lazy\" \/>\n<\/div>\t\t<\/div>\n<\/div>\n\n\n\n\n\n\n<\/figure>\n\n\t\t<\/li><\/ul><\/div>\n<\/section>","protected":false},"excerpt":{"rendered":"<p>Over 100 Years Design<\/p>\n","protected":false},"author":6,"featured_media":6972,"parent":0,"menu_order":0,"comment_status":"closed","ping_status":"closed","template":"","meta":{"_acf_changed":false,"ho_image_focal_point":"","footnotes":""},"class_list":["post-7019","page","type-page","status-publish","has-post-thumbnail","hentry"],"acf":{"audio":"","video":"","poster":"","noindex":false,"keywords":"","seo_titel":""},"_links":{"self":[{"href":"https:\/\/staging.die-neue-sammlung.de\/er\/wp-json\/wp\/v2\/pages\/7019","targetHints":{"allow":["GET"]}}],"collection":[{"href":"https:\/\/staging.die-neue-sammlung.de\/er\/wp-json\/wp\/v2\/pages"}],"about":[{"href":"https:\/\/staging.die-neue-sammlung.de\/er\/wp-json\/wp\/v2\/types\/page"}],"author":[{"embeddable":true,"href":"https:\/\/staging.die-neue-sammlung.de\/er\/wp-json\/wp\/v2\/users\/6"}],"replies":[{"embeddable":true,"href":"https:\/\/staging.die-neue-sammlung.de\/er\/wp-json\/wp\/v2\/comments?post=7019"}],"version-history":[{"count":7,"href":"https:\/\/staging.die-neue-sammlung.de\/er\/wp-json\/wp\/v2\/pages\/7019\/revisions"}],"predecessor-version":[{"id":13851,"href":"https:\/\/staging.die-neue-sammlung.de\/er\/wp-json\/wp\/v2\/pages\/7019\/revisions\/13851"}],"wp:featuredmedia":[{"embeddable":true,"href":"https:\/\/staging.die-neue-sammlung.de\/er\/wp-json\/wp\/v2\/media\/6972"}],"wp:attachment":[{"href":"https:\/\/staging.die-neue-sammlung.de\/er\/wp-json\/wp\/v2\/media?parent=7019"}],"curies":[{"name":"wp","href":"https:\/\/api.w.org\/{rel}","templated":true}]}}