{"id":1640,"date":"2024-01-19T11:05:46","date_gmt":"2024-01-19T10:05:46","guid":{"rendered":"https:\/\/www.die-neue-sammlung.de\/?page_id=1640"},"modified":"2024-06-10T11:00:04","modified_gmt":"2024-06-10T09:00:04","slug":"information-on-visiting-easy-read","status":"publish","type":"page","link":"https:\/\/staging.die-neue-sammlung.de\/er\/information-on-visiting-easy-read\/","title":{"rendered":"Plan your visit"},"content":{"rendered":"<section class='wp-block-ho-pattern ' data-pattern='ho\/header-text-und-bild'>\n\n<div  class='container-fluid margin-bottom-7'>\n\n<div  class='row'>\n\n<div  class='col col-xs-12 col-md-6'>\n\n<div  class='margin-bottom-4'>\n<h1>Plan your visit<\/h1>\n<\/div>\n<\/div>\n<\/div>\n\n\n\n\n<div  class='row'>\n\n<div  class='col col-xs-12 col-md-6'>\n\n<div  class='margin-bottom-4'><div class=body-large>All information on your visit<\/div><\/div>\n<\/div>\n<\/div>\n\n\n\n\n<div  class='row'>\n\n<div  class='col col-xs-12'>\n\n<div  class='margin-bottom-4'><div class=\"wp-block-ho-slot \">\n<div class=\"accessibility-menu\">\n\t<div class=\"wp-block-ho-buttons\">\n\t\t\t\t<div class=\"wp-block-ho-buttons-item\">\n\t\t\t<a href=\"https:\/\/staging.die-neue-sammlung.de\/en\/information-on-visiting\/\" class=\"ho-button is-senary icon-with-text-outside-left is-small  invert\" aria-label=\"Easy-to-read\" rel=\"alternate\">\n\t\t\t\t<span class=\"ho-button-icon icon-leichtesprache\" aria-hidden=\"true\"><\/span>\n\t\t\t\t<span class=\"ho-button-label\">Easy-to-read<\/span>\n\t\t\t<\/a>\n\t\t<\/div>\n\t\t\n\t\t\n\n\t\t\t<\/div>\n<\/div>\n\n<\/div>\n<\/div>\n<\/div>\n<\/div>\n\n\n\n\n<div  class='row'>\n\n<div  class='col col-xs-12'>\n\n<div  class='margin-bottom-4'><figure itemscope itemtype=\"http:\/\/schema.org\/ImageObject\" class=\"lazy-media-inline \" role=\"group\" aria-describedby=\"media_WwSZTl\">\n<div class=\"height-container \" style=\"padding-bottom:34.63%;   \">\n\t<div class=\"height-container-contents lazy-media-contents\">\n\t\n\n\t\n\t\t<lazy-media-inline\n\t\t:sizes=\"{&quot;medium&quot;:{&quot;file&quot;:&quot;CAfe_ASF_0987_Foto-Anna-Seibel-scaled-1200x800-1-300x200.jpg&quot;,&quot;width&quot;:300,&quot;height&quot;:200,&quot;mime-type&quot;:&quot;image\\\/jpeg&quot;,&quot;filesize&quot;:17388},&quot;large&quot;:{&quot;file&quot;:&quot;CAfe_ASF_0987_Foto-Anna-Seibel-scaled-1200x800-1-1024x683.jpg&quot;,&quot;width&quot;:1024,&quot;height&quot;:683,&quot;mime-type&quot;:&quot;image\\\/jpeg&quot;,&quot;filesize&quot;:129382},&quot;medium_large&quot;:{&quot;file&quot;:&quot;CAfe_ASF_0987_Foto-Anna-Seibel-scaled-1200x800-1-768x512.jpg&quot;,&quot;width&quot;:768,&quot;height&quot;:512,&quot;mime-type&quot;:&quot;image\\\/jpeg&quot;,&quot;filesize&quot;:81176},&quot;small&quot;:{&quot;file&quot;:&quot;CAfe_ASF_0987_Foto-Anna-Seibel-scaled-1200x800-1-440x293.jpg&quot;,&quot;width&quot;:440,&quot;height&quot;:293,&quot;mime-type&quot;:&quot;image\\\/jpeg&quot;,&quot;filesize&quot;:32786},&quot;semi&quot;:{&quot;file&quot;:&quot;CAfe_ASF_0987_Foto-Anna-Seibel-scaled-1200x800-1-580x387.jpg&quot;,&quot;width&quot;:580,&quot;height&quot;:387,&quot;mime-type&quot;:&quot;image\\\/jpeg&quot;,&quot;filesize&quot;:52335},&quot;mobile&quot;:{&quot;file&quot;:&quot;CAfe_ASF_0987_Foto-Anna-Seibel-scaled-1200x800-1-720x480.jpg&quot;,&quot;width&quot;:720,&quot;height&quot;:480,&quot;mime-type&quot;:&quot;image\\\/jpeg&quot;,&quot;filesize&quot;:73457},&quot;original&quot;:{&quot;file&quot;:&quot;CAfe_ASF_0987_Foto-Anna-Seibel-scaled-1200x800-1.jpg&quot;,&quot;width&quot;:1200,&quot;height&quot;:800}}\"\n\t\t:alt=\"&quot;Menschen im lichtdurchfluteten Caf\\u00e9 der Pinakothek der Moderne. An der Glasfront befinden sich 6 B\\u00f6ume im Innenraum.&quot;\"\n\t\t:path=\"&quot;\\\/wp-content\\\/uploads\\\/2024\\\/03\\\/&quot;\"\n\t\t:video=\"&quot;&quot;\"\n\t\t:autoplay=\"null\"\n\t\t:youtube=\"&quot;&quot;\"\n\t\t:youtubelabel=\"&quot;play&quot;\"\n\t\t:brightness=\"1\"\n\t\t:crop=\"{&quot;x&quot;:0.5,&quot;y&quot;:0.5}\"\n\t\t:background=\"true\"\n\t\t:scale=\"1\"\n\t\t:zoom=\"false\"\n\t\t:annotations=\"null\"><\/lazy-media-inline>\n\t\t\t<\/div>\n<\/div>\n\n\n\n\n\n\t\t<figcaption class=\"\" id=\"media_WwSZTl\">\n\t\t\t<div class=\"figcaption-wrapper\">\n\t\t\t\t\t\t\t<div class=\"lazy-media-image-label\">Caf\u00e9 in the Pinakothek der Moderne.<\/div>\n\t\t\t\t\t\t\t\t\t\t<div class=\"lazy-media-image-description\">Photo: Anna Seibel <\/div>\n\t\t\t\t\t\t\t\t\t<\/div>\n\t\t<\/figcaption>\n\t\n<\/figure>\n\n\t\t<\/div>\n<\/div>\n<\/div>\n<\/div>\n<\/section>\n\n<section class='wp-block-ho-pattern ' data-pattern='ho\/uberschrift-mit-text'>\n\n<div  class='container-fluid margin-bottom-7'>\n\n<div  class='row padding-bottom-4'>\n\n<div  class='col col-xs-12 col-md-8'>\n<h2 class='h2' style=\"white-space: normal;\">Where is Die Neue Sammlung?  <\/h2>\n<\/div>\n<\/div>\n\n\n\n\n<div  class='row'>\n\n<div  class='col col-xs-12 col-md-8'>\t<p class='body'>Die Neue Sammlung &#8211; The Design Museum<br>is in the Pinakothek der Moderne in Munich.  <br> <br>The address is:   <br>Barer Stra\u00dfe 40   <br>80333 Munich  <br> <br>The telephone number is:   <br><a href=\"tel:0049 89 27 27 250\">0049 89 27 27 250 <\/a><\/p>\n<\/div>\n<\/div>\n<\/div>\n<\/section>\n\n<section class='wp-block-ho-pattern ' data-pattern='ho\/uberschrift-mit-text'>\n\n<div  class='container-fluid margin-bottom-7'>\n\n<div  class='row padding-bottom-4'>\n\n<div  class='col col-xs-12 col-md-8'>\n<h2 class='h2' style=\"white-space: normal;\">What are the opening hours  at Pinakothek der Moderne? <\/h2>\n<\/div>\n<\/div>\n\n\n\n\n<div  class='row'>\n\n<div  class='col col-xs-12 col-md-8'>\t<p class='body'>Die Neue Sammlung is open   <br>from <strong>Tuesday to Sunday from 10 a.m. to 6 p.m.<\/strong> and   <br>on <strong>Thursday from 10 a.m. to 8 p.m.<\/strong>   <br>The exhibition is closed on Mondays. <br><\/p>\n<\/div>\n<\/div>\n<\/div>\n<\/section>\n\n<section class='wp-block-ho-pattern ' data-pattern='ho\/uberschrift-mit-text'>\n\n<div  class='container-fluid margin-bottom-7'>\n\n<div  class='row padding-bottom-4'>\n\n<div  class='col col-xs-12 col-md-8'>\n<h2 class='h2' style=\"white-space: normal;\">How much does it cost?<\/h2>\n<\/div>\n<\/div>\n\n\n\n\n<div  class='row'>\n\n<div  class='col col-xs-12 col-md-8'>\t<p class='body'>Ticket for adults: 10 Euro.   <br>Reduced ticket: 7 Euro.<br>On Sunday, tickets cost only: 1 Euro.<br><br>Free admission: Children under the age of 18 <br><br>Pinakothek der Moderne cooperates with <a href=\"https:\/\/www.kulturraum-muenchen.de\/\">KulturRaum M\u00fcnchen<\/a>.<\/p>\n<\/div>\n<\/div>\n<\/div>\n<\/section>\n\n<section class='wp-block-ho-pattern ' data-pattern='ho\/text-mit-button'>\n\n<div  class='container-fluid margin-bottom-7'>\n\n<div  class='row padding-bottom-4'>\n\n<div  class='col col-xs-12 col-md-8'>\t<p class='body'><\/p>\n<\/div>\n<\/div>\n\n\n\n\n<div  class='row'>\n\n<div  class='col col-xs-12 col-md-8'>\n\n<div class='wp-block-ho-buttons '>\n<div class=\"wp-block-ho-buttons-item\">\n\t<a href=\"https:\/\/www.pinakothek-der-moderne.de\/en\/special-opening-hours\/\"  target=\"\" role=\"button\" aria-pressed=\"false\" rel=\"nofollow\" class=\"ho-button is-primary has-outgoing-link-icon-left\">\n\t\t\t\t\t<span class=\"ho-button-icon icon-arrow-link\"><\/span>\n\t\t\t\t<span class=\"ho-button-label \">More infos about special openings<br>and reduced tickets<\/span>\n\t<\/a>\n<\/div>\n<\/div>\n<\/div>\n<\/div>\n<\/div>\n<\/section>\n\n<section class='wp-block-ho-pattern ' data-pattern='ho\/grosses-video'>\n\n<div  class='margin-bottom-7 container-fluid'>\n\n<div  class='row'>\n\n<div  class='col col-xs-12'><figure itemscope itemtype=\"http:\/\/schema.org\/ImageObject\" class=\"lazy-media-inline \" role=\"group\" aria-describedby=\"media_9Xd6V1\">\n<div class=\"height-container \" style=\"padding-bottom:56.25%;   \">\n\t<div class=\"height-container-contents lazy-media-contents\">\n\t\n\n\t\n\t\t<lazy-media-inline\n\t\t:sizes=\"{&quot;medium&quot;:{&quot;file&quot;:&quot;Thumbnail_Wegevideo_EN-300x142.jpg&quot;,&quot;width&quot;:300,&quot;height&quot;:142,&quot;mime-type&quot;:&quot;image\\\/jpeg&quot;,&quot;filesize&quot;:3974},&quot;large&quot;:{&quot;file&quot;:&quot;Thumbnail_Wegevideo_EN-1024x485.jpg&quot;,&quot;width&quot;:1024,&quot;height&quot;:485,&quot;mime-type&quot;:&quot;image\\\/jpeg&quot;,&quot;filesize&quot;:22371},&quot;medium_large&quot;:{&quot;file&quot;:&quot;Thumbnail_Wegevideo_EN-768x363.jpg&quot;,&quot;width&quot;:768,&quot;height&quot;:363,&quot;mime-type&quot;:&quot;image\\\/jpeg&quot;,&quot;filesize&quot;:15551},&quot;small&quot;:{&quot;file&quot;:&quot;Thumbnail_Wegevideo_EN-440x208.jpg&quot;,&quot;width&quot;:440,&quot;height&quot;:208,&quot;mime-type&quot;:&quot;image\\\/jpeg&quot;,&quot;filesize&quot;:7226},&quot;semi&quot;:{&quot;file&quot;:&quot;Thumbnail_Wegevideo_EN-580x275.jpg&quot;,&quot;width&quot;:580,&quot;height&quot;:275,&quot;mime-type&quot;:&quot;image\\\/jpeg&quot;,&quot;filesize&quot;:10648},&quot;mobile&quot;:{&quot;file&quot;:&quot;Thumbnail_Wegevideo_EN-720x341.jpg&quot;,&quot;width&quot;:720,&quot;height&quot;:341,&quot;mime-type&quot;:&quot;image\\\/jpeg&quot;,&quot;filesize&quot;:14021},&quot;hd&quot;:{&quot;file&quot;:&quot;Thumbnail_Wegevideo_EN-1280x606.jpg&quot;,&quot;width&quot;:1280,&quot;height&quot;:606,&quot;mime-type&quot;:&quot;image\\\/jpeg&quot;,&quot;filesize&quot;:31740},&quot;original&quot;:{&quot;file&quot;:&quot;Thumbnail_Wegevideo_EN.jpg&quot;,&quot;width&quot;:1479,&quot;height&quot;:700}}\"\n\t\t:alt=\"&quot;&quot;\"\n\t\t:path=\"&quot;\\\/wp-content\\\/uploads\\\/2024\\\/02\\\/&quot;\"\n\t\t:video=\"&quot;https:\\\/\\\/www.die-neue-sammlung.de\\\/wp-content\\\/uploads\\\/2024\\\/03\\\/DNS_Wege-Video-ENfinal_080324.mp4&quot;\"\n\t\t:autoplay=\"null\"\n\t\t:youtube=\"&quot;&quot;\"\n\t\t:youtubelabel=\"&quot;play&quot;\"\n\t\t:brightness=\"1\"\n\t\t:crop=\"{&quot;x&quot;:0.5,&quot;y&quot;:0.5}\"\n\t\t:background=\"true\"\n\t\t:scale=\"1\"\n\t\t:zoom=\"false\"\n\t\t:annotations=\"null\"><\/lazy-media-inline>\n\t\t\t<\/div>\n<\/div>\n\n\n\n\n\n\n<\/figure>\n\n\t\t<\/div>\n<\/div>\n<\/div>\n<\/section>\n\n<section class='wp-block-ho-pattern ' data-pattern='ho\/akkordeon-auf-grauem-hintergrund'>\n\n<div  class='margin-bottom-7'><div class=\"structure-content-color\" style=\"--content-color-foreground: #000000;--content-color-background: #EEEEEE;color: #000000;background: #EEEEEE;\">\n<div class='structure-content-color-content'>\n\n<div  class='container-fluid padding-bottom-7'>\n\n<div  class='row padding-top-5 padding-bottom-5'>\n\n<div  class='col col-xs-12'>\n<h4 class='h2' style=\"white-space: normal;\">For a pleasant visit:<\/h4>\n<\/div>\n<\/div>\n\n\n\n\n<div  class='row'>\n\n<div  class='col col-xs-12'>\n<accordion>\n\t<accordion-item item-id=\"Parking\" accordion-id=\"acc_69e505ed3e415\" accordion-title-id=\"acc_title_69e505ed3e416\" aria-expanded=\"false\" :is-open=\"false\" head-icon-open=\"icon-open\" head-icon-close=\"icon-open\" head-label-class=\"body-bold\" title=\"Parking\" content=\"We offer 20 parking lots for people with a disability. A reservation of a parking lot is possible by phone:&lt;br&gt;&lt;a href=&quot;tel:+49 89 23805 360&quot;&gt;+49 (0)89 23805 360&lt;\/a&gt;&lt;br&gt;Please show the disability-ID at the gateway Gabelsbergerstra\u00dfe.&lt;br&gt;&lt;br&gt;Nearby public parking lots are unfortunately very scarce.&lt;br&gt;&lt;br&gt;We recommend the use of public transportation:&lt;br&gt;Bus 100 (Museumslinie, stop Pinakotheken)&lt;br&gt;Tram 27 (stop Pinakotheken)&lt;br&gt;Underground 2 or 8 (stop K\u00f6nigsplatz or Theresienstra\u00dfe)&lt;br&gt;Underground 3 or 5 or 6 (stop Odeonsplatz or Universit\u00e4t)\"><\/accordion-item><accordion-item item-id=\"Quietervisitinghoursforsensitivepeople\" accordion-id=\"acc_69e505ed3e480\" accordion-title-id=\"acc_title_69e505ed3e481\" aria-expanded=\"false\" :is-open=\"false\" head-icon-open=\"icon-open\" head-icon-close=\"icon-open\" head-label-class=\"body-bold\" title=\"Quieter visiting hours for sensitive people\" content=\"We recommend you to visit Tuesday to Thursday between 10 a.m. and 2 p.m., when there are less visitors in the museum.\"><\/accordion-item><accordion-item item-id=\"QuietercornersinthePinakothekderModerne\" accordion-id=\"acc_69e505ed3e504\" accordion-title-id=\"acc_title_69e505ed3e505\" aria-expanded=\"false\" :is-open=\"false\" head-icon-open=\"icon-open\" head-icon-close=\"icon-open\" head-label-class=\"body-bold\" title=\"Quieter corners in the Pinakothek der Moderne\" content=\"Quieter areas to sit down or regain energy can be found on&lt;br&gt;1st Floor, Staircase West, in front of the rooms 1\/2\/3\/4&lt;br&gt;1st Floor, Staircase North, in front of the room 32\"><\/accordion-item><accordion-item item-id=\"WhatcanyouborrowattheMuseum\" accordion-id=\"acc_69e505ed3e570\" accordion-title-id=\"acc_title_69e505ed3e571\" aria-expanded=\"false\" :is-open=\"false\" head-icon-open=\"icon-open\" head-icon-close=\"icon-open\" head-label-class=\"body-bold\" title=\"What can you borrow at the Museum?\" content=\"We lend portable induction slings, chairs and wheelchairs.&lt;br&gt;Please ask at the information desk.&lt;br&gt;&lt;br&gt;The number of items is limited. We recommend coming at quieter visiting times.\"><\/accordion-item><\/accordion>\n<\/div>\n<\/div>\n<\/div>\n<\/div>\n<\/div>\n<\/div>\n<\/section>\n\n<section class='wp-block-ho-pattern ' data-pattern='ho\/uberschrift'>\n\n<div  class='container-fluid margin-bottom-7'>\n\n<div  class='row'>\n\n<div  class='col col-xs-12 col-md-8'>\n<h2 class='h2' style=\"white-space: normal;\">We have two more Museums:<\/h2>\n<\/div>\n<\/div>\n<\/div>\n<\/section>\n\n<section class='wp-block-ho-pattern ' data-pattern='ho\/infos-zum-besuch'>\n\n<div  class='container-fluid margin-bottom-7'>\n\n<div  class='row padding-bottom-5'>\n\n<div  class='col col-xs-12 col-md-8'>\n<h2 class='h2' style=\"white-space: normal;\">Plan your visit at<br \/>\nNeues Museum N\u00fcrnberg<\/h2>\n<\/div>\n<\/div>\n\n\n\n\n<div  class='row padding-bottom-2'>\n\n<div  class='col col-xs-12 col-md-8'>\n<h3 class='h3' style=\"white-space: normal;\">Where?<\/h3>\n<\/div>\n<\/div>\n\n\n\n\n<div  class='row padding-bottom-4'>\n\n<div  class='col col-xs-12 col-md-8 padding-bottom-3'><ul class=\"wp-block wp-block-ho-grid row grid-infos-zum-besuch\">\n\t<li class=\"wp-block-ho-grid-item \">\n\t\t<p class='body'>Klarissenplatz, 90402 Nuremberg<\/p>\n<\/li><li class=\"wp-block-ho-grid-item \">\n\t\t<p class='body'><strong><a href=\"https:\/\/www.google.de\/maps\/place\/Neues+Museum+-+Staatliches+Museum+f%C3%BCr+Kunst+und+Design+N%C3%BCrnberg\/@49.4478085,11.0773742,17z\/data=!3m1!4b1!4m6!3m5!1s0x479f57a722fa0a3b:0x32fa85a4ccb5f553!8m2!3d49.4478085!4d11.0799491!16s%2Fm%2F0gjcd91?entry=ttu\">Show on Google Maps<\/a><\/strong><\/p>\n<\/li><\/ul><\/div>\n\n\n\n\n<div  class='col col-xs-12'>\n\n<div  class='line-light-grey'><\/div>\n<\/div>\n<\/div>\n\n\n\n\n<div  class='row padding-bottom-2'>\n\n<div  class='col col-xs-12 col-md-8'>\n<h3 class='h3' style=\"white-space: normal;\">Open:<\/h3>\n<\/div>\n<\/div>\n\n\n\n\n<div  class='row padding-bottom-4'>\n\n<div  class='col col-xs-12 col-md-8 padding-bottom-3'><ul class=\"wp-block wp-block-ho-grid row grid-infos-zum-besuch\">\n\t<li class=\"wp-block-ho-grid-item \">\n\t\t<p class='body'><strong>Daily<\/strong> 10 a.m. \u2013 06 p.m.<\/p>\n<\/li><li class=\"wp-block-ho-grid-item \">\n\t\t<p class='body'><strong>On Mondays<\/strong> closed<\/p>\n<\/li><li class=\"wp-block-ho-grid-item \">\n\t\t<p class='body'><strong>On Thursdays<\/strong> 10 a.m. \u2013 08 p.m.<\/p>\n<\/li><\/ul><\/div>\n<\/div>\n\n\n\n\n<div  class='row'>\n\n<div  class='col col-xs-12 col-md-8'>\n\n<div class='wp-block-ho-buttons '>\n<div class=\"wp-block-ho-buttons-item\">\n\t<a href=\"https:\/\/www.nmn.de\/en\/home-1.htm\"  target=\"\" role=\"button\" aria-pressed=\"false\" rel=\"nofollow\" class=\"ho-button is-tertiary has-outgoing-link-icon-left\">\n\t\t\t\t\t<span class=\"ho-button-icon icon-arrow-link\"><\/span>\n\t\t\t\t<span class=\"ho-button-label \">To the Website<\/span>\n\t<\/a>\n<\/div>\n\n\n\n<div class=\"wp-block-ho-buttons-item\">\n\t<a href=\"https:\/\/www.nmn.de\/en\/visit\/accessibility\/accessibility.htm\"  target=\"\" role=\"button\" aria-pressed=\"false\" rel=\"nofollow\" class=\"ho-button is-primary has-outgoing-link-icon-left\">\n\t\t\t\t\t<span class=\"ho-button-icon icon-arrow-link\"><\/span>\n\t\t\t\t<span class=\"ho-button-label \">Accessibility<\/span>\n\t<\/a>\n<\/div>\n<\/div>\n<\/div>\n<\/div>\n<\/div>\n<\/section>\n\n<section class='wp-block-ho-pattern ' data-pattern='ho\/infos-zum-besuch'>\n\n<div  class='container-fluid margin-bottom-7'>\n\n<div  class='row padding-bottom-5'>\n\n<div  class='col col-xs-12 col-md-8'>\n<h2 class='h2' style=\"white-space: normal;\">Plan your visit to <br \/>\nInternationales Keramik-Museum Weiden<\/h2>\n<\/div>\n<\/div>\n\n\n\n\n<div  class='row padding-bottom-2'>\n\n<div  class='col col-xs-12 col-md-8'>\n<h3 class='h3' style=\"white-space: normal;\">Where?<\/h3>\n<\/div>\n<\/div>\n\n\n\n\n<div  class='row padding-bottom-4'>\n\n<div  class='col col-xs-12 col-md-8 padding-bottom-3'><ul class=\"wp-block wp-block-ho-grid row grid-infos-zum-besuch\">\n\t<li class=\"wp-block-ho-grid-item \">\n\t\t<p class='body'>Luitpoldstra\u00dfe 25, 92637 Weiden<\/p>\n<\/li><li class=\"wp-block-ho-grid-item \">\n\t\t<p class='body'><a href=\"https:\/\/www.google.de\/maps\/place\/Internationales+Keramik-Museum+Weiden\/@49.6782188,12.161646,17z\/data=!3m2!4b1!5s0x47a038efa4214355:0x251448a303491dbf!4m6!3m5!1s0x47a038fa98857e3b:0x40331958f8cd7af1!8m2!3d49.6782188!4d12.1642209!16s%2Fg%2F121n8x3x?entry=ttu\"><strong>Show on Google Maps<\/strong><\/a><\/p>\n<\/li><\/ul><\/div>\n\n\n\n\n<div  class='col col-xs-12'>\n\n<div  class='line-light-grey'><\/div>\n<\/div>\n<\/div>\n\n\n\n\n<div  class='row padding-bottom-2'>\n\n<div  class='col col-xs-12 col-md-8'>\n<h3 class='h3' style=\"white-space: normal;\">Opening hours:<\/h3>\n<\/div>\n<\/div>\n\n\n\n\n<div  class='row padding-bottom-4'>\n\n<div  class='col col-xs-12 col-md-8 padding-bottom-3'><ul class=\"wp-block wp-block-ho-grid row grid-infos-zum-besuch\">\n\t<li class=\"wp-block-ho-grid-item \">\n\t\t<p class='body'><strong>Daily<\/strong> 11:00 \u2013 17:00<\/p>\n<\/li><li class=\"wp-block-ho-grid-item \">\n\t\t<p class='body'><strong>Monday<\/strong> closed<\/p>\n<\/li><li class=\"wp-block-ho-grid-item \">\n\t\t<p class='body'><\/p>\n<\/li><\/ul><\/div>\n<\/div>\n\n\n\n\n<div  class='row'>\n\n<div  class='col col-xs-12 col-md-8'>\n\n<div class='wp-block-ho-buttons '>\n<div class=\"wp-block-ho-buttons-item\">\n\t<a href=\"https:\/\/www.weiden.de\/kultur\/kultur\/keramikmuseum\"  target=\"_blank\" role=\"button\" aria-pressed=\"false\" rel=\"nofollow\" class=\"ho-button is-tertiary has-outgoing-link-icon-left\">\n\t\t\t\t\t<span class=\"ho-button-icon icon-arrow-link\"><\/span>\n\t\t\t\t<span class=\"ho-button-label \">To the Website<\/span>\n\t<\/a>\n<\/div>\n\n\n\n<div class=\"wp-block-ho-buttons-item\">\n\t<a href=\"https:\/\/www.die-neue-sammlung.de\/en\/die-standorte\/\"  target=\"\" role=\"button\" aria-pressed=\"false\" rel=\"nofollow\" class=\"ho-button is-primary has-outgoing-link-icon-left\">\n\t\t\t\t<span class=\"ho-button-label \">About the locations<\/span>\n\t<\/a>\n<\/div>\n<\/div>\n<\/div>\n<\/div>\n<\/div>\n<\/section>","protected":false},"excerpt":{"rendered":"<p>All information on your visit<\/p>\n","protected":false},"author":6,"featured_media":8151,"parent":0,"menu_order":4,"comment_status":"closed","ping_status":"closed","template":"","meta":{"_acf_changed":false,"ho_image_focal_point":"","footnotes":""},"class_list":["post-1640","page","type-page","status-publish","has-post-thumbnail","hentry"],"acf":{"audio":"","video":"","poster":"","noindex":false,"keywords":"\u00d6ffnungszeiten, anfahrt, bus, parkplatz","seo_titel":""},"_links":{"self":[{"href":"https:\/\/staging.die-neue-sammlung.de\/er\/wp-json\/wp\/v2\/pages\/1640","targetHints":{"allow":["GET"]}}],"collection":[{"href":"https:\/\/staging.die-neue-sammlung.de\/er\/wp-json\/wp\/v2\/pages"}],"about":[{"href":"https:\/\/staging.die-neue-sammlung.de\/er\/wp-json\/wp\/v2\/types\/page"}],"author":[{"embeddable":true,"href":"https:\/\/staging.die-neue-sammlung.de\/er\/wp-json\/wp\/v2\/users\/6"}],"replies":[{"embeddable":true,"href":"https:\/\/staging.die-neue-sammlung.de\/er\/wp-json\/wp\/v2\/comments?post=1640"}],"version-history":[{"count":39,"href":"https:\/\/staging.die-neue-sammlung.de\/er\/wp-json\/wp\/v2\/pages\/1640\/revisions"}],"predecessor-version":[{"id":20110,"href":"https:\/\/staging.die-neue-sammlung.de\/er\/wp-json\/wp\/v2\/pages\/1640\/revisions\/20110"}],"wp:featuredmedia":[{"embeddable":true,"href":"https:\/\/staging.die-neue-sammlung.de\/er\/wp-json\/wp\/v2\/media\/8151"}],"wp:attachment":[{"href":"https:\/\/staging.die-neue-sammlung.de\/er\/wp-json\/wp\/v2\/media?parent=1640"}],"curies":[{"name":"wp","href":"https:\/\/api.w.org\/{rel}","templated":true}]}}