{"id":8164,"date":"2024-03-04T16:30:51","date_gmt":"2024-03-04T15:30:51","guid":{"rendered":"https:\/\/www.die-neue-sammlung.de\/informationen-in-leichter-sprache\/"},"modified":"2024-04-09T18:05:45","modified_gmt":"2024-04-09T16:05:45","slug":"informationen-in-leichter-sprache","status":"publish","type":"page","link":"https:\/\/staging.die-neue-sammlung.de\/en\/informationen-in-leichter-sprache\/","title":{"rendered":"Information in easy-to-read"},"content":{"rendered":"<section class='wp-block-ho-pattern ' data-pattern='ho\/header-text-und-bild'>\n\n<div  class='container-fluid margin-bottom-7'>\n\n<div  class='row'>\n\n<div  class='col col-xs-12 col-md-6'>\n\n<div  class='margin-bottom-4'>\n<h1>Information in easy-to-read<\/h1>\n<\/div>\n<\/div>\n<\/div>\n\n\n\n\n<div  class='row'>\n\n<div  class='col col-xs-12 col-md-6'>\n\n<div  class='margin-bottom-4'><div class=body-large>Welcome to the Website of Die Neue Sammlung<\/div><\/div>\n<\/div>\n<\/div>\n\n\n\n\n<div  class='row'>\n\n<div  class='col col-xs-12'>\n\n<div  class='margin-bottom-4'><div class=\"wp-block-ho-slot \">\n<div class=\"accessibility-menu\">\n\t<div class=\"wp-block-ho-buttons\">\n\t\t\t\t<div class=\"wp-block-ho-buttons-item\">\n\t\t\t<a href=\"https:\/\/staging.die-neue-sammlung.de\/er\/informationen-in-leichter-sprache\/\" class=\"ho-button is-senary icon-with-text-outside-left is-small \" aria-label=\"Easy-to-read\" rel=\"alternate\">\n\t\t\t\t<span class=\"ho-button-icon icon-leichtesprache\" aria-hidden=\"true\"><\/span>\n\t\t\t\t<span class=\"ho-button-label\">Easy-to-read<\/span>\n\t\t\t<\/a>\n\t\t<\/div>\n\t\t\n\t\t\n\n\t\t\t<\/div>\n<\/div>\n\n<\/div>\n<\/div>\n<\/div>\n<\/div>\n\n\n\n\n<div  class='row'>\n\n<div  class='col col-xs-12'>\n\n<div  class='margin-bottom-4'><figure itemscope itemtype=\"http:\/\/schema.org\/ImageObject\" class=\"lazy-media-inline \" role=\"group\" aria-describedby=\"media_69e505f3902b7\">\n<div class=\"height-container \" style=\"padding-bottom:34.63%;   \">\n\t<div class=\"height-container-contents lazy-media-contents\">\n\t\n\n\t\n\t\t<lazy-media-inline\n\t\t:sizes=\"{&quot;medium&quot;:{&quot;file&quot;:&quot;MG_1527-300x211.jpg&quot;,&quot;width&quot;:300,&quot;height&quot;:211,&quot;mime-type&quot;:&quot;image\\\/jpeg&quot;,&quot;filesize&quot;:16482},&quot;large&quot;:{&quot;file&quot;:&quot;MG_1527-1024x722.jpg&quot;,&quot;width&quot;:1024,&quot;height&quot;:722,&quot;mime-type&quot;:&quot;image\\\/jpeg&quot;,&quot;filesize&quot;:104314},&quot;medium_large&quot;:{&quot;file&quot;:&quot;MG_1527-768x541.jpg&quot;,&quot;width&quot;:768,&quot;height&quot;:541,&quot;mime-type&quot;:&quot;image\\\/jpeg&quot;,&quot;filesize&quot;:66899},&quot;1536x1536&quot;:{&quot;file&quot;:&quot;MG_1527-1536x1083.jpg&quot;,&quot;width&quot;:1536,&quot;height&quot;:1083,&quot;mime-type&quot;:&quot;image\\\/jpeg&quot;,&quot;filesize&quot;:194968},&quot;2048x2048&quot;:{&quot;file&quot;:&quot;MG_1527-2048x1444.jpg&quot;,&quot;width&quot;:2048,&quot;height&quot;:1444,&quot;mime-type&quot;:&quot;image\\\/jpeg&quot;,&quot;filesize&quot;:306747},&quot;small&quot;:{&quot;file&quot;:&quot;MG_1527-440x310.jpg&quot;,&quot;width&quot;:440,&quot;height&quot;:310,&quot;mime-type&quot;:&quot;image\\\/jpeg&quot;,&quot;filesize&quot;:29102},&quot;semi&quot;:{&quot;file&quot;:&quot;MG_1527-580x409.jpg&quot;,&quot;width&quot;:580,&quot;height&quot;:409,&quot;mime-type&quot;:&quot;image\\\/jpeg&quot;,&quot;filesize&quot;:44250},&quot;mobile&quot;:{&quot;file&quot;:&quot;MG_1527-720x508.jpg&quot;,&quot;width&quot;:720,&quot;height&quot;:508,&quot;mime-type&quot;:&quot;image\\\/jpeg&quot;,&quot;filesize&quot;:60393},&quot;hd&quot;:{&quot;file&quot;:&quot;MG_1527-1280x902.jpg&quot;,&quot;width&quot;:1280,&quot;height&quot;:902,&quot;mime-type&quot;:&quot;image\\\/jpeg&quot;,&quot;filesize&quot;:146598},&quot;full&quot;:{&quot;file&quot;:&quot;MG_1527-1920x1353.jpg&quot;,&quot;width&quot;:1920,&quot;height&quot;:1353,&quot;mime-type&quot;:&quot;image\\\/jpeg&quot;,&quot;filesize&quot;:276475},&quot;xxl&quot;:{&quot;file&quot;:&quot;MG_1527-4048x2853.jpg&quot;,&quot;width&quot;:4048,&quot;height&quot;:2853,&quot;mime-type&quot;:&quot;image\\\/jpeg&quot;,&quot;filesize&quot;:880826},&quot;original&quot;:{&quot;file&quot;:&quot;MG_1527.jpg&quot;,&quot;width&quot;:5306,&quot;height&quot;:3740}}\"\n\t\t:alt=\"&quot;The picture shows an exhibition in front of the setting box with creative, colorful chairs. They stand in a line. The photo was taken from the top of the stairs. On the left, a group of people is moving towards the stairs. Further back, you can see a supervisor and a man bending over an information board.&quot;\"\n\t\t:path=\"&quot;\\\/wp-content\\\/uploads\\\/2024\\\/03\\\/&quot;\"\n\t\t:video=\"&quot;&quot;\"\n\t\t:autoplay=\"null\"\n\t\t:youtube=\"&quot;&quot;\"\n\t\t:youtubelabel=\"&quot;play&quot;\"\n\t\t:brightness=\"1\"\n\t\t:crop=\"{&quot;x&quot;:0.5,&quot;y&quot;:0.5}\"\n\t\t:background=\"true\"\n\t\t:scale=\"1\"\n\t\t:zoom=\"false\"\n\t\t:annotations=\"null\"><\/lazy-media-inline>\n\t\t\t<\/div>\n<\/div>\n\n\n\n\n\n\t\t<figcaption class=\"image_copyright_only\" id=\"media_69e505f3902b7\">\n\t\t\t<div class=\"figcaption-wrapper\">\n\t\t\t\t\t\t\t\t\t\t<div class=\"lazy-media-image-description\">Photo: Die Neue Sammlung (A. Laurenzo) <\/div>\n\t\t\t\t\t\t\t\t\t<\/div>\n\t\t<\/figcaption>\n\t\n<\/figure>\n\n\t\t<\/div>\n<\/div>\n<\/div>\n<\/div>\n<\/section>\n\n<section class='wp-block-ho-pattern ' data-pattern='ho\/text-mit-button'>\n\n<div  class='container-fluid margin-bottom-7'>\n\n<div  class='row padding-bottom-4'>\n\n<div  class='col col-xs-12 col-md-8'>\t<p class='body'>On this website, you will find information about:<br>   \u2022 The museum itself<br>      &#8211; Die Neue Sammlung<br>      &#8211; Exhibitions<br>      &#8211; The story of the museum<br>      &#8211; About the museum building<br>   \u2022 Opening hours<br>   \u2022 Entrance fees<br>   \u2022 Barrier-free offers<br><br><br><strong>What is Die Neue Sammlung?<\/strong><br><br><strong>Die Neue Sammlung<\/strong> is the <strong>Design Museum<\/strong><br>in the city of Munich.<br>Design means to shape or to compose something,<br>for example a chair you use every day.<br>Design also means applied art.<br>Applied art focuses on the design of everyday objects.<br>Die Neue Sammlung is one of the most important and<br><strong>oldest design museums<\/strong> in the world.<br><br><br><strong>What is in the museum?<\/strong><br><br>Die Neue Sammlung has <strong>more than 120 thousand<\/strong> <strong>objects.<\/strong><br><strong>Objects <\/strong>are the things you can see in an exhibition.<br>The museum owns lots of objects from the last 150 years.<br>The museum collects objects out<br>of <strong>20 different types of design<\/strong>, for example:<br>\u2022 Industry<br>   Industry produces things you find around the house<br>   or use every day.<br>   For example: washing machines, furniture or cars.<br>\u2022 graphic<br>   For example: books, posters or boxes that you buy     <br>   things in.<br>\u2022 computers<br>   For example: computers save information.<br>\u2022 mobility<br>   This means: to get from one place to another  <br>   by public transport.<br>\u2022 other areas are:<br>  ceramics, metal, glass, clothes and jewellery.<\/p>\n<\/div>\n<\/div>\n\n\n\n\n<div  class='row'>\n\n<div  class='col col-xs-12 col-md-8'>\n\n<div class='wp-block-ho-buttons '>\n<div class=\"wp-block-ho-buttons-item\">\n\t<a href=\"https:\/\/www.die-neue-sammlung.de\/wp-admin\/post.php?post=7824&#038;action=edit&#038;lang=en&#038;update_needed=1&#038;trid=208&#038;language_code=en\"  target=\"\" role=\"button\" aria-pressed=\"false\" rel=\"nofollow\" class=\"ho-button is-primary has-outgoing-link-icon-left\">\n\t\t\t\t<span class=\"ho-button-label \">To the Exhibitions<\/span>\n\t<\/a>\n<\/div>\n<\/div>\n<\/div>\n<\/div>\n<\/div>\n<\/section>\n\n<section class='wp-block-ho-pattern ' data-pattern='ho\/text-mit-button'>\n\n<div  class='container-fluid margin-bottom-7'>\n\n<div  class='row padding-bottom-4'>\n\n<div  class='col col-xs-12 col-md-8'>\t<p class='body'><strong>When did the museum start?<\/strong><br><br>The museum started in 1903.<br>At that time, the museum for Applied Art<br>was called:<br>M\u00fcnchner Vereinigung f\u00fcr angewandte Kunst.<br>In 1911, it was called: M\u00fcnchner Bund.<br><br>The collecting of design objects started in 1912.<br>It was called: <strong>The Modern Model Collection.<\/strong><br>Modern design objects were shown in this collection.<br><br>1925 was the start of:<br><strong>Die Neue Sammlung &#8211; The Design Museum.<\/strong><br>One year later, the museum opened in Prinz-Regenten-Stra\u00dfe.<br><br><br><strong>Where is the museum now?<\/strong><br><br>Since 2002, Die Neue Sammlung &#8211; The Design Museum<br>has been on show at the <strong>Pinakothek der Moderne.<\/strong><br>A Pinakothek is a large museum.<br><br>The <strong>Pinakothek <\/strong>der Moderne is 4 museums made into 1:<br>   \u2022 art<br>   \u2022 architecture<br>   \u2022 graphics<br>   \u2022 design<br><br>The Pinakothek der Moderne is in the <strong>Kunst-Areal<\/strong><br>in the <strong>Maxvorstadt <\/strong>district.<br>Kunst-Areal means:<br>There are lots of other museums nearby.<br>For example:<br>   \u2022 Alte Pinakothek<br>   \u2022 Lenbach-Haus<br>   \u2022 Museum Brandhorst<br>Around the Pinakothek der Moderne, there are buildings<br>that belong to the Technical University of Munich.<br><br>Before that,<br>these buildings were the Turkish barracks.<br><strong>Barracks <\/strong>are places where soldiers live.<br>In the Second World War, the barracks were almost destroyed.<br>After that, the Roncalli Circus used the area for<br>almost 20 years.<br><br>In 1990, the Bavarian state government decided:<br>We should build a museum on the square.<br><strong>Stephan Braunfels<\/strong> is an <strong>architect <\/strong>from the city of Munich.<br>Braunfels planned the new museum, which is called:<br>Pinakothek der Moderne.<br>The <strong>entrance <\/strong>is in <strong>Barerstra\u00dfe<\/strong>.<br>The new building creates a connection between<br>the Alte Pinakothek and the Neue Pinakothek.<br>And a connection to the city centre also exists.<br><br><br><strong>When is the museum open?<\/strong><br><br>The museum opens:<br>from <strong>Tuesday to Sunday<\/strong> from <strong>10 AM to 6 PM<\/strong>,<br>on <strong>Thursdays <\/strong>from <strong>10 AM to 8 PM<\/strong>.<br>On <strong>Mondays<\/strong>, the museum is <strong>closed<\/strong>.<br><br><strong>The museum is also closed on these special days:<\/strong><br>   \u2022 Shrove Tuesday<br>   \u2022 Labour Day: 1st May<br>   \u2022 Assumption Day: 15th August<br>   \u2022 German Reunification Day: 3rd October<br>   \u2022 Christmas: 24th December and 25th December<br>   \u2022 New Year&#8217;s Eve: 31st December<br><br><br><strong>What is the entrance fee?<\/strong><br><br>A ticket for adults costs <strong>10 Euro.<\/strong><br><strong>Children and young people<\/strong> under 18 get free entry.<br>On <strong>Sunday<\/strong>, a ticket for adults costs <strong>1 Euro.<\/strong><br>Some people <strong>pay less for a ticket<\/strong>, for example:<br>   \u2022 students<br>   \u2022 adults aged 65 and over<br>   \u2022 groups<br>   \u2022 people with severe disabilities<br><br>Companions of people with severe disabilities get free entry.<br>Please bring your ID card with you.<\/p>\n<\/div>\n<\/div>\n\n\n\n\n<div  class='row'>\n\n<div  class='col col-xs-12 col-md-8'>\n\n<div class='wp-block-ho-buttons '>\n<div class=\"wp-block-ho-buttons-item\">\n\t<a href=\"https:\/\/www.die-neue-sammlung.de\/wp-admin\/post.php?post=829&#038;action=edit&#038;lang=en\"  target=\"\" role=\"button\" aria-pressed=\"false\" rel=\"nofollow\" class=\"ho-button is-primary has-outgoing-link-icon-left\">\n\t\t\t\t<span class=\"ho-button-label \">Plan your visit<\/span>\n\t<\/a>\n<\/div>\n<\/div>\n<\/div>\n<\/div>\n<\/div>\n<\/section>\n\n<section class='wp-block-ho-pattern ' data-pattern='ho\/text-mit-button'>\n\n<div  class='container-fluid margin-bottom-7'>\n\n<div  class='row padding-bottom-4'>\n\n<div  class='col col-xs-12 col-md-8'>\t<p class='body'><strong>What barrier-free offers are there?<\/strong><br><br>Since 2020, Die Neue Sammlung \u2013 The Design museum has<br>had barrier-free offers.<br>That means:<br>People with and without disabilities<br>can visit the exhibition in different ways.<br><br>The programme is available in <strong>analog and digital<\/strong> format.<br>Analog means: hard-copy texts on paper or on the wall.<br>Digital means here:<br>You can read the texts and other information on your<br>smartphone, tablet and computer.<br><br>You can get the texts of the exhibition in<br><strong>easy-to-read language.<\/strong><br>You can listen to <strong>audio guides.<\/strong><br>There are <strong>tours <\/strong>for people with visual disabilities.<br>And there are <strong>tours in German Sign Language<\/strong> for people with hearing disabilities.<br><br>In the X-D-E-P-O-T, there is a inclusive touch station for:<br>   \u2022 people with visual disabilities<br>   \u2022 people with hearing disabilities<br>   \u2022 people with learning disabilities<br>   \u2022 people with difficulties in movement<\/p>\n<\/div>\n<\/div>\n\n\n\n\n<div  class='row'>\n\n<div  class='col col-xs-12 col-md-8'>\n\n<div class='wp-block-ho-buttons '>\n<div class=\"wp-block-ho-buttons-item\">\n\t<a href=\"https:\/\/www.die-neue-sammlung.de\/wp-admin\/post.php?post=6665&#038;action=edit&#038;lang=en&#038;update_needed=1&#038;trid=116&#038;language_code=en\"  target=\"\" role=\"button\" aria-pressed=\"false\" rel=\"nofollow\" class=\"ho-button is-primary has-outgoing-link-icon-left\">\n\t\t\t\t<span class=\"ho-button-label \">To the touch station<\/span>\n\t<\/a>\n<\/div>\n<\/div>\n<\/div>\n<\/div>\n<\/div>\n<\/section>\n\n<section class='wp-block-ho-pattern ' data-pattern='ho\/sponsoren-logos'>\n\n<div  class='container-fluid'><ul class=\"wp-block wp-block-ho-grid row row middle-xs center-xs\">\n\t<li class=\"wp-block-ho-grid-item col col-xs-6 col-sm-3\">\n\t<figure itemscope itemtype=\"http:\/\/schema.org\/ImageObject\" class=\"lazy-media-inline \" role=\"group\" aria-describedby=\"media_69e505f395bac\">\n<div class=\"height-container \" style=\"padding-bottom:78.343949044586%;   \">\n\t<div class=\"height-container-contents lazy-media-contents\">\n\t\n\n\t\n\t\n<div class=\"lazy-media loaded\">\n\t<img decoding=\"async\" src=\"https:\/\/staging.die-neue-sammlung.de\/wp-content\/uploads\/2024\/02\/Screenshot-2024-02-28-at-20-21-43-Die-Neue-Sammlung-\u2013-The-Design-Museum-DNS_Onepager-Website_A2_bf-PDF.pdf.png\" srcset=\"https:\/\/staging.die-neue-sammlung.de\/wp-content\/uploads\/2024\/02\/Screenshot-2024-02-28-at-20-21-43-Die-Neue-Sammlung-\u2013-The-Design-Museum-DNS_Onepager-Website_A2_bf-PDF.pdf.png 314w, https:\/\/staging.die-neue-sammlung.de\/wp-content\/uploads\/2024\/02\/Screenshot-2024-02-28-at-20-21-43-Die-Neue-Sammlung-\u2013-The-Design-Museum-DNS_Onepager-Website_A2_bf-PDF.pdf-300x235.png 300w\" sizes=\"(max-width: 763px) 50vw, (min-width: 764px) and (max-width: 1023px) 50vw, (min-width: 1024px) 50vw\" alt=\"This is the test seal for language level A2. It is a yellow circle with a green border. It says LL inside and A2 underneath. Under the circle it says Leicht Lesen in green.\" loading=\"lazy\" \/>\n<\/div>\t\t<\/div>\n<\/div>\n\n\n\n\n\n\n<\/figure>\n\n\t\t<\/li><li class=\"wp-block-ho-grid-item col col-xs-6 col-sm-3\">\n\t<figure itemscope itemtype=\"http:\/\/schema.org\/ImageObject\" class=\"lazy-media-inline \" role=\"group\" aria-describedby=\"media_69e505f396192\">\n<div class=\"height-container \" style=\"padding-bottom:42.010309278351%;   \">\n\t<div class=\"height-container-contents lazy-media-contents\">\n\t\n\n\t\n\t\n<div class=\"lazy-media loaded\">\n\t<img decoding=\"async\" src=\"https:\/\/staging.die-neue-sammlung.de\/wp-content\/uploads\/2024\/02\/Screenshot-2024-02-28-at-20-20-02-Die-Neue-Sammlung-\u2013-The-Design-Museum-DNS_Onepager-Website_A2_bf-PDF.pdf.png\" srcset=\"https:\/\/staging.die-neue-sammlung.de\/wp-content\/uploads\/2024\/02\/Screenshot-2024-02-28-at-20-20-02-Die-Neue-Sammlung-\u2013-The-Design-Museum-DNS_Onepager-Website_A2_bf-PDF.pdf.png 388w, https:\/\/staging.die-neue-sammlung.de\/wp-content\/uploads\/2024\/02\/Screenshot-2024-02-28-at-20-20-02-Die-Neue-Sammlung-\u2013-The-Design-Museum-DNS_Onepager-Website_A2_bf-PDF.pdf-300x126.png 300w\" sizes=\"(max-width: 763px) 50vw, (min-width: 764px) and (max-width: 1023px) 50vw, (min-width: 1024px) 50vw\" alt=\"The capito M\u00fcnchen logo has a red square and black lettering next to it.\" loading=\"lazy\" \/>\n<\/div>\t\t<\/div>\n<\/div>\n\n\n\n\n\n\n<\/figure>\n\n\t\t<\/li><\/ul><\/div>\n<\/section>","protected":false},"excerpt":{"rendered":"<p>Welcome to the Website of Die Neue Sammlung<\/p>\n","protected":false},"author":6,"featured_media":7692,"parent":0,"menu_order":0,"comment_status":"closed","ping_status":"closed","template":"","meta":{"_acf_changed":false,"ho_image_focal_point":"","footnotes":""},"class_list":["post-8164","page","type-page","status-publish","has-post-thumbnail","hentry"],"acf":{"audio":"","video":"","poster":"","noindex":false,"keywords":"","seo_titel":""},"_links":{"self":[{"href":"https:\/\/staging.die-neue-sammlung.de\/en\/wp-json\/wp\/v2\/pages\/8164","targetHints":{"allow":["GET"]}}],"collection":[{"href":"https:\/\/staging.die-neue-sammlung.de\/en\/wp-json\/wp\/v2\/pages"}],"about":[{"href":"https:\/\/staging.die-neue-sammlung.de\/en\/wp-json\/wp\/v2\/types\/page"}],"author":[{"embeddable":true,"href":"https:\/\/staging.die-neue-sammlung.de\/en\/wp-json\/wp\/v2\/users\/6"}],"replies":[{"embeddable":true,"href":"https:\/\/staging.die-neue-sammlung.de\/en\/wp-json\/wp\/v2\/comments?post=8164"}],"version-history":[{"count":13,"href":"https:\/\/staging.die-neue-sammlung.de\/en\/wp-json\/wp\/v2\/pages\/8164\/revisions"}],"predecessor-version":[{"id":16231,"href":"https:\/\/staging.die-neue-sammlung.de\/en\/wp-json\/wp\/v2\/pages\/8164\/revisions\/16231"}],"wp:featuredmedia":[{"embeddable":true,"href":"https:\/\/staging.die-neue-sammlung.de\/en\/wp-json\/wp\/v2\/media\/7692"}],"wp:attachment":[{"href":"https:\/\/staging.die-neue-sammlung.de\/en\/wp-json\/wp\/v2\/media?parent=8164"}],"curies":[{"name":"wp","href":"https:\/\/api.w.org\/{rel}","templated":true}]}}