{"id":6918,"date":"2024-02-19T10:56:40","date_gmt":"2024-02-19T09:56:40","guid":{"rendered":"https:\/\/www.die-neue-sammlung.de\/die-standorte\/"},"modified":"2025-02-11T09:36:48","modified_gmt":"2025-02-11T08:36:48","slug":"die-standorte","status":"publish","type":"page","link":"https:\/\/staging.die-neue-sammlung.de\/en\/die-standorte\/","title":{"rendered":"Location"},"content":{"rendered":"<section class='wp-block-ho-pattern ' data-pattern='ho\/header-text-und-bild'>\n\n<div  class='container-fluid margin-bottom-7'>\n\n<div  class='row'>\n\n<div  class='col col-xs-12 col-md-6'>\n\n<div  class='margin-bottom-4'>\n<h1>Location<\/h1>\n<\/div>\n<\/div>\n<\/div>\n\n\n\n\n<div  class='row'>\n\n<div  class='col col-xs-12 col-md-6'>\n\n<div  class='margin-bottom-4'><div class=body-large>Three Museums \u2013 Three Locations<\/div><\/div>\n<\/div>\n<\/div>\n\n\n\n\n<div  class='row'>\n\n<div  class='col col-xs-12'>\n\n<div  class='margin-bottom-4'><div class=\"wp-block-ho-slot \">\n<div class=\"accessibility-menu\">\n\t<div class=\"wp-block-ho-buttons\">\n\t\t\t\t<div class=\"wp-block-ho-buttons-item\">\n\t\t\t<a href=\"https:\/\/staging.die-neue-sammlung.de\/er\/die-standorte\/\" class=\"ho-button is-senary icon-with-text-outside-left is-small \" aria-label=\"Easy-to-read\" rel=\"alternate\">\n\t\t\t\t<span class=\"ho-button-icon icon-leichtesprache\" aria-hidden=\"true\"><\/span>\n\t\t\t\t<span class=\"ho-button-label\">Easy-to-read<\/span>\n\t\t\t<\/a>\n\t\t<\/div>\n\t\t\n\t\t\n\n\t\t\t<\/div>\n<\/div>\n\n<\/div>\n<\/div>\n<\/div>\n<\/div>\n\n\n\n\n<div  class='row'>\n\n<div  class='col col-xs-12'>\n\n<div  class='margin-bottom-4'><figure itemscope itemtype=\"http:\/\/schema.org\/ImageObject\" class=\"lazy-media-inline \" role=\"group\" aria-describedby=\"media_HP2Re4\">\n<div class=\"height-container \" style=\"padding-bottom:34.63%;   \">\n\t<div class=\"height-container-contents lazy-media-contents\">\n\t\n\n\t\n\t\t<lazy-media-inline\n\t\t:sizes=\"{&quot;medium&quot;:{&quot;file&quot;:&quot;pdm-suedfass_MG_4152_al-300x182.jpg&quot;,&quot;width&quot;:300,&quot;height&quot;:182,&quot;mime-type&quot;:&quot;image\\\/jpeg&quot;,&quot;filesize&quot;:11318},&quot;large&quot;:{&quot;file&quot;:&quot;pdm-suedfass_MG_4152_al-1024x620.jpg&quot;,&quot;width&quot;:1024,&quot;height&quot;:620,&quot;mime-type&quot;:&quot;image\\\/jpeg&quot;,&quot;filesize&quot;:93170},&quot;medium_large&quot;:{&quot;file&quot;:&quot;pdm-suedfass_MG_4152_al-768x465.jpg&quot;,&quot;width&quot;:768,&quot;height&quot;:465,&quot;mime-type&quot;:&quot;image\\\/jpeg&quot;,&quot;filesize&quot;:55912},&quot;1536x1536&quot;:{&quot;file&quot;:&quot;pdm-suedfass_MG_4152_al-1536x930.jpg&quot;,&quot;width&quot;:1536,&quot;height&quot;:930,&quot;mime-type&quot;:&quot;image\\\/jpeg&quot;,&quot;filesize&quot;:193827},&quot;2048x2048&quot;:{&quot;file&quot;:&quot;pdm-suedfass_MG_4152_al-2048x1241.jpg&quot;,&quot;width&quot;:2048,&quot;height&quot;:1241,&quot;mime-type&quot;:&quot;image\\\/jpeg&quot;,&quot;filesize&quot;:322065},&quot;small&quot;:{&quot;file&quot;:&quot;pdm-suedfass_MG_4152_al-440x267.jpg&quot;,&quot;width&quot;:440,&quot;height&quot;:267,&quot;mime-type&quot;:&quot;image\\\/jpeg&quot;,&quot;filesize&quot;:21239},&quot;semi&quot;:{&quot;file&quot;:&quot;pdm-suedfass_MG_4152_al-580x351.jpg&quot;,&quot;width&quot;:580,&quot;height&quot;:351,&quot;mime-type&quot;:&quot;image\\\/jpeg&quot;,&quot;filesize&quot;:34123},&quot;mobile&quot;:{&quot;file&quot;:&quot;pdm-suedfass_MG_4152_al-720x436.jpg&quot;,&quot;width&quot;:720,&quot;height&quot;:436,&quot;mime-type&quot;:&quot;image\\\/jpeg&quot;,&quot;filesize&quot;:49761},&quot;hd&quot;:{&quot;file&quot;:&quot;pdm-suedfass_MG_4152_al-1280x775.jpg&quot;,&quot;width&quot;:1280,&quot;height&quot;:775,&quot;mime-type&quot;:&quot;image\\\/jpeg&quot;,&quot;filesize&quot;:138806},&quot;full&quot;:{&quot;file&quot;:&quot;pdm-suedfass_MG_4152_al-1920x1163.jpg&quot;,&quot;width&quot;:1920,&quot;height&quot;:1163,&quot;mime-type&quot;:&quot;image\\\/jpeg&quot;,&quot;filesize&quot;:287426},&quot;xxl&quot;:{&quot;file&quot;:&quot;pdm-suedfass_MG_4152_al-4048x2452.jpg&quot;,&quot;width&quot;:4048,&quot;height&quot;:2452,&quot;mime-type&quot;:&quot;image\\\/jpeg&quot;,&quot;filesize&quot;:1046247},&quot;original&quot;:{&quot;file&quot;:&quot;pdm-suedfass_MG_4152_al.jpg&quot;,&quot;width&quot;:5616,&quot;height&quot;:3402}}\"\n\t\t:alt=\"&quot;Exterior view of the Pinakothek der Moderne in daylight with red advertising banner of Die Neue Sammlung&quot;\"\n\t\t:path=\"&quot;\\\/wp-content\\\/uploads\\\/2024\\\/02\\\/&quot;\"\n\t\t:video=\"&quot;&quot;\"\n\t\t:autoplay=\"null\"\n\t\t:youtube=\"&quot;&quot;\"\n\t\t:youtubelabel=\"&quot;play&quot;\"\n\t\t:brightness=\"1\"\n\t\t:crop=\"{&quot;x&quot;:0.5,&quot;y&quot;:0.5}\"\n\t\t:background=\"true\"\n\t\t:scale=\"1\"\n\t\t:zoom=\"false\"\n\t\t:annotations=\"null\"><\/lazy-media-inline>\n\t\t\t<\/div>\n<\/div>\n\n\n\n\n\n\t\t<figcaption class=\"\" id=\"media_HP2Re4\">\n\t\t\t<div class=\"figcaption-wrapper\">\n\t\t\t\t\t\t\t<div class=\"lazy-media-image-label\">Exterior day view of the Pinakothek der Moderne with red advertising banner of Die Neue Sammlung.<\/div>\n\t\t\t\t\t\t\t\t\t\t<div class=\"lazy-media-image-description\">Photo: Archive Die Neue Sammlung <\/div>\n\t\t\t\t\t\t\t\t\t<\/div>\n\t\t<\/figcaption>\n\t\n<\/figure>\n\n\t\t<\/div>\n<\/div>\n<\/div>\n<\/div>\n<\/section>\n\n<section class='wp-block-ho-pattern ' data-pattern='ho\/sprunglink-navigation'>\n\n<div  class='container-fluid margin-bottom-4'>\n\n<div  class='row'>\n\n<div  class='col col-xs-12'>\n<div class=\"wp-block-ho-anchor \">\n\t<div class=\"anchor-nav\">\n\t\t<anchor-nav inline-template class=\"anchor-nav-list\">\n\t\t<ul>\n\t\t\t\t\t\t\t<li class=\"anchor-nav-list-item\" data-link=\"nuremberg\">\n\t\t\t\t\t<button class=\"ho-button is-primary icon-with-text-outside-left\" @click=\"select('nuremberg',0,0)\">\n\t\t\t\t\t\t <span class=\"ho-button-icon icon-arrow-down\"><\/span> \t\t\t\t\t\t<span class=\"ho-button-label h2\">Nuremberg<\/span>\n\t\t\t\t\t<\/button>\n\t\t\t\t<\/li>\n\t\t\t\t\t\t\t<li class=\"anchor-nav-list-item\" data-link=\"weiden\">\n\t\t\t\t\t<button class=\"ho-button is-primary icon-with-text-outside-left\" @click=\"select('weiden',0,0)\">\n\t\t\t\t\t\t <span class=\"ho-button-icon icon-arrow-down\"><\/span> \t\t\t\t\t\t<span class=\"ho-button-label h2\">Weiden<\/span>\n\t\t\t\t\t<\/button>\n\t\t\t\t<\/li>\n\t\t\t\t\t<\/ul>\n\t\t<\/anchor-nav>\n\t<\/div>\n<\/div>\n<\/div>\n<\/div>\n<\/div>\n<\/section>\n\n<section class='wp-block-ho-pattern ' data-pattern='ho\/uberschrift-mit-text-und-zwei-buttons'>\n\n<div  class='container-fluid margin-bottom-7'>\n\n<div  class='row padding-bottom-4'>\n\n<div  class='col col-xs-12 col-md-8'>\n<h2 class='h2' style=\"white-space: normal;\">Munich<\/h2>\n<\/div>\n<\/div>\n\n\n\n\n<div  class='row padding-bottom-4'>\n\n<div  class='col col-xs-12 col-md-8'>\t<p class='body'><strong>Die Neue Sammlung has been located in the Pinakothek der Moderne, which unites four museums under one roof, since 2002. The unique combination of art, graphics, architecture and design facilitates a varied agenda across all fields.<\/strong> <br><br>The Pinakothek der Moderne borders on to the Gabelsbergerstra\u00dfe, Barerstra\u00dfe and T\u00fcrkenstra\u00dfe as well as to the university buildings along the Theresienstra\u00dfe to the north. Originally it was the location of the Bavarian Army barracks, built between 1823 and 1826, but was for the most part destroyed in the Second World War. The remaining witness to that time is the T\u00fcrkentor (Turks\u2019 Gate), which is now under preservation orders and a mere fragment of the original main portal of the I. and II. Royal Bavarian Infantry Regiment barracks. For almost twenty years in post-war Munich the undeveloped site served as the venue for the Circus Roncalli.<br><br>In 1990 the Bavarian government decided to allot the site to the building of museums. From the very beginning four museums dedicated to the arts of the 20th and 21st centuries were planned. Important considerations were the issues of urban planning requirements as well as the specific spatial needs of each museum to be united under one roof. The Munich architect Stephan Braunfels, who was among the 167 applicants in 1992 competing for the contract to design the buildings, offered the most convincing answers to these questions and ultimately secured the commission.<br><br>The site is located between the Alte and Neue Pinakothek and the city centre. As such, it serves as a pivotal point between the right-angled grid of the Maxvorstadt district on the one hand and the irregular layout of the historical centre on the other. The central question facing Braunfels was therefore: \u201cWhere should the main entrance be?\u201d The design concept foresaw a connection both to the inner city and to the Alte Pinakothek.<\/p>\n<\/div>\n<\/div>\n\n\n\n\n<div  class='row'>\n\n<div  class='col col-xs-12 col-md-8'>\n\n<div class='wp-block-ho-buttons '>\n<div class=\"wp-block-ho-buttons-item\">\n\t<a href=\"https:\/\/www.pinakothek-der-moderne.de\/en\/\"  target=\"\" role=\"button\" aria-pressed=\"false\" rel=\"nofollow\" class=\"ho-button is-primary has-outgoing-link-icon-left\">\n\t\t\t\t\t<span class=\"ho-button-icon icon-arrow-link\"><\/span>\n\t\t\t\t<span class=\"ho-button-label \">To the website of<br>the Pinakothek der Moderne<\/span>\n\t<\/a>\n<\/div>\n\n\n\n<div class=\"wp-block-ho-buttons-item\">\n\t<a href=\"https:\/\/www.die-neue-sammlung.de\/ueber-das-haus\/\"  target=\"\" role=\"button\" aria-pressed=\"false\" rel=\"nofollow\" class=\"ho-button is-tertiary has-outgoing-link-icon-left\">\n\t\t\t\t<span class=\"ho-button-label \">More about<br>the Design Museum<\/span>\n\t<\/a>\n<\/div>\n<\/div>\n<\/div>\n<\/div>\n<\/div>\n<\/section>\n\n<section class='wp-block-ho-pattern ' data-pattern='ho\/video-rechts'>\n\n<div  class='container-fluid margin-bottom-7'>\n\n<div  class='row'>\n\n<div  class='col col-xs-8 col-md-6 col-md-offset-6 col-xs-offset-4'><figure itemscope itemtype=\"http:\/\/schema.org\/ImageObject\" class=\"lazy-media-inline \" role=\"group\" aria-describedby=\"media_wM0gZX\">\n<div class=\"height-container \" style=\"padding-bottom:56.25%;   \">\n\t<div class=\"height-container-contents lazy-media-contents\">\n\t\n\n\t\n\t\t<lazy-media-inline\n\t\t:sizes=\"{&quot;medium&quot;:{&quot;file&quot;:&quot;Thumbnail_einfach-PdM_Video-300x169.png&quot;,&quot;width&quot;:300,&quot;height&quot;:169,&quot;mime-type&quot;:&quot;image\\\/png&quot;,&quot;filesize&quot;:115058},&quot;large&quot;:{&quot;file&quot;:&quot;Thumbnail_einfach-PdM_Video-1024x576.png&quot;,&quot;width&quot;:1024,&quot;height&quot;:576,&quot;mime-type&quot;:&quot;image\\\/png&quot;,&quot;filesize&quot;:1011318},&quot;medium_large&quot;:{&quot;file&quot;:&quot;Thumbnail_einfach-PdM_Video-768x432.png&quot;,&quot;width&quot;:768,&quot;height&quot;:432,&quot;mime-type&quot;:&quot;image\\\/png&quot;,&quot;filesize&quot;:620042},&quot;small&quot;:{&quot;file&quot;:&quot;Thumbnail_einfach-PdM_Video-440x248.png&quot;,&quot;width&quot;:440,&quot;height&quot;:248,&quot;mime-type&quot;:&quot;image\\\/png&quot;,&quot;filesize&quot;:231135},&quot;semi&quot;:{&quot;file&quot;:&quot;Thumbnail_einfach-PdM_Video-580x326.png&quot;,&quot;width&quot;:580,&quot;height&quot;:326,&quot;mime-type&quot;:&quot;image\\\/png&quot;,&quot;filesize&quot;:377465},&quot;mobile&quot;:{&quot;file&quot;:&quot;Thumbnail_einfach-PdM_Video-720x405.png&quot;,&quot;width&quot;:720,&quot;height&quot;:405,&quot;mime-type&quot;:&quot;image\\\/png&quot;,&quot;filesize&quot;:552935},&quot;original&quot;:{&quot;file&quot;:&quot;Thumbnail_einfach-PdM_Video.png&quot;,&quot;width&quot;:1280,&quot;height&quot;:720}}\"\n\t\t:alt=\"&quot;Video zur Pinakothek der Moderne. Zeigt Besuchende in den verschiedenen R\\u00e4umen und Ausstellungen von der Pinakothek der Moderne.&quot;\"\n\t\t:path=\"&quot;\\\/wp-content\\\/uploads\\\/2025\\\/02\\\/&quot;\"\n\t\t:video=\"&quot;https:\\\/\\\/die-neue-sammlung.test\\\/wp-content\\\/uploads\\\/2023\\\/11\\\/flowers.mp4&quot;\"\n\t\t:autoplay=\"null\"\n\t\t:youtube=\"&quot;https:\\\/\\\/player.vimeo.com\\\/video\\\/914421923?autoplay=1&quot;\"\n\t\t:youtubelabel=\"&quot;play&quot;\"\n\t\t:brightness=\"1\"\n\t\t:crop=\"{&quot;x&quot;:0.5,&quot;y&quot;:0.5}\"\n\t\t:background=\"true\"\n\t\t:scale=\"1\"\n\t\t:zoom=\"false\"\n\t\t:annotations=\"null\"><\/lazy-media-inline>\n\t\t\t<\/div>\n<\/div>\n\n\n\n\n\n\t\t<figcaption class=\"\" id=\"media_wM0gZX\">\n\t\t\t<div class=\"figcaption-wrapper\">\n\t\t\t\t\t\t\t<div class=\"lazy-media-image-label\">einfach Pinakothek der Moderne | einfach M\u00fcnchen. <\/div>\n\t\t\t\t\t\t\t\t\t\t<div class=\"lazy-media-image-description\">Video: simply Munich <\/div>\n\t\t\t\t\t\t\t\t\t<\/div>\n\t\t<\/figcaption>\n\t\n<\/figure>\n\n\t\t<\/div>\n<\/div>\n<\/div>\n<\/section>\n\n<section class='wp-block-ho-pattern ' data-pattern='ho\/grosses-bild'>\n\n<div  class='margin-bottom-7'><figure itemscope itemtype=\"http:\/\/schema.org\/ImageObject\" class=\"lazy-media-inline \" role=\"group\" aria-describedby=\"media_fQMDNQ\">\n<div class=\"height-container \" style=\"padding-bottom:79.906542056075%;   \">\n\t<div class=\"height-container-contents lazy-media-contents\">\n\t\n\n\t\n\t\n<div class=\"lazy-media loaded\">\n\t<img decoding=\"async\" src=\"https:\/\/staging.die-neue-sammlung.de\/wp-content\/uploads\/2024\/02\/Platz2.jpg\" srcset=\"https:\/\/staging.die-neue-sammlung.de\/wp-content\/uploads\/2024\/02\/Platz2.jpg 1712w, https:\/\/staging.die-neue-sammlung.de\/wp-content\/uploads\/2024\/02\/Platz2-300x240.jpg 300w, https:\/\/staging.die-neue-sammlung.de\/wp-content\/uploads\/2024\/02\/Platz2-1024x818.jpg 1024w, https:\/\/staging.die-neue-sammlung.de\/wp-content\/uploads\/2024\/02\/Platz2-768x614.jpg 768w, https:\/\/staging.die-neue-sammlung.de\/wp-content\/uploads\/2024\/02\/Platz2-1536x1227.jpg 1536w, https:\/\/staging.die-neue-sammlung.de\/wp-content\/uploads\/2024\/02\/Platz2-440x352.jpg 440w, https:\/\/staging.die-neue-sammlung.de\/wp-content\/uploads\/2024\/02\/Platz2-580x463.jpg 580w, https:\/\/staging.die-neue-sammlung.de\/wp-content\/uploads\/2024\/02\/Platz2-720x575.jpg 720w, https:\/\/staging.die-neue-sammlung.de\/wp-content\/uploads\/2024\/02\/Platz2-1280x1023.jpg 1280w\" sizes=\"(max-width: 763px) 100vw, (qmin-width: 764px) and (max-width: 1023px) 100vw, (min-width: 1024px) 100vw\" alt=\"Exterior view of Neues Museum Nuremberg by day: Klarissenplatz with brick building, glass front of the museum on the left, other buildings and sunshades on the right\" loading=\"lazy\" \/>\n<\/div>\t\t<\/div>\n<\/div>\n\n\n\n\n\n\t\t<figcaption class=\"\" id=\"media_fQMDNQ\">\n\t\t\t<div class=\"figcaption-wrapper\">\n\t\t\t\t\t\t\t<div class=\"lazy-media-image-label\">Neues Museum Nuremberg.<\/div>\n\t\t\t\t\t\t\t\t\t\t<div class=\"lazy-media-image-description\">Photo: Zoey Braun <\/div>\n\t\t\t\t\t\t\t\t\t<\/div>\n\t\t<\/figcaption>\n\t\n<\/figure>\n\n\t\t<\/div>\n<\/section>\n\n<section class='wp-block-ho-pattern ' data-pattern='ho\/uberschrift-mit-text-und-button' id=nuremberg>\n\n<div  class='container-fluid margin-bottom-7'>\n\n<div  class='row padding-bottom-4'>\n\n<div  class='col col-xs-12 col-md-8'>\n<h2 class='h2' style=\"white-space: normal;\">Nuremberg<\/h2>\n<\/div>\n<\/div>\n\n\n\n\n<div  class='row padding-bottom-4'>\n\n<div  class='col col-xs-12 col-md-8'>\t<p class='body'><strong>There has been a close cooperation between Die Neue Sammlung \u2013 The Design Museum and the Neues Museum \u2013 St<strong>aatliches Museum f\u00fcr Kunst und Design N\u00fcrnberg<\/strong> since the latter opened in April 2000. <\/strong><br><br>Die Neue Sammlung, with its extensive collection of design exhibits, collaborates with the Neues Museum N\u00fcrnberg to showcase works and objects from the areas of art and design, thus enabling an intensive dialogue between the different disciplines.  <br> <br>This cross-disciplinary interweaving of art and design is a fundamental principle of the Nuremberg museum\u2019s mission and is quite distinct within the world of national and international museums. It notably characterises the jointly developed exhibitions and presentations at the Neues Museum N\u00fcrnberg. <\/p>\n<\/div>\n<\/div>\n\n\n\n\n<div  class='row'>\n\n<div  class='col col-xs-12 col-md-8'>\n\n<div class='wp-block-ho-buttons '>\n<div class=\"wp-block-ho-buttons-item\">\n\t<a href=\"https:\/\/www.nmn.de\/en\/home-1.htm\"  target=\"\" role=\"button\" aria-pressed=\"false\" rel=\"nofollow\" class=\"ho-button is-primary has-outgoing-link-icon-left\">\n\t\t\t\t\t<span class=\"ho-button-icon icon-arrow-link\"><\/span>\n\t\t\t\t<span class=\"ho-button-label \">To the website<\/span>\n\t<\/a>\n<\/div>\n<\/div>\n<\/div>\n<\/div>\n<\/div>\n<\/section>\n\n<section class='wp-block-ho-pattern ' data-pattern='ho\/grosses-bild'>\n\n<div  class='margin-bottom-7'><figure itemscope itemtype=\"http:\/\/schema.org\/ImageObject\" class=\"lazy-media-inline \" role=\"group\" aria-describedby=\"media_7cL5mC\">\n<div class=\"height-container \" style=\"padding-bottom:56.25%;   \">\n\t<div class=\"height-container-contents lazy-media-contents\">\n\t\n\n\t\n\t\n<div class=\"lazy-media loaded\">\n\t<img decoding=\"async\" src=\"https:\/\/staging.die-neue-sammlung.de\/wp-content\/uploads\/2024\/02\/ikm_aussen_pithoi_erlbach-1920x1080.jpg\" srcset=\"https:\/\/staging.die-neue-sammlung.de\/wp-content\/uploads\/2024\/02\/ikm_aussen_pithoi_erlbach-1920x1080.jpg 1920w, https:\/\/staging.die-neue-sammlung.de\/wp-content\/uploads\/2024\/02\/ikm_aussen_pithoi_erlbach-300x169.jpg 300w, https:\/\/staging.die-neue-sammlung.de\/wp-content\/uploads\/2024\/02\/ikm_aussen_pithoi_erlbach-1024x576.jpg 1024w, https:\/\/staging.die-neue-sammlung.de\/wp-content\/uploads\/2024\/02\/ikm_aussen_pithoi_erlbach-768x432.jpg 768w, https:\/\/staging.die-neue-sammlung.de\/wp-content\/uploads\/2024\/02\/ikm_aussen_pithoi_erlbach-1536x864.jpg 1536w, https:\/\/staging.die-neue-sammlung.de\/wp-content\/uploads\/2024\/02\/ikm_aussen_pithoi_erlbach-2048x1152.jpg 2048w, https:\/\/staging.die-neue-sammlung.de\/wp-content\/uploads\/2024\/02\/ikm_aussen_pithoi_erlbach-440x248.jpg 440w, https:\/\/staging.die-neue-sammlung.de\/wp-content\/uploads\/2024\/02\/ikm_aussen_pithoi_erlbach-580x326.jpg 580w, https:\/\/staging.die-neue-sammlung.de\/wp-content\/uploads\/2024\/02\/ikm_aussen_pithoi_erlbach-720x405.jpg 720w, https:\/\/staging.die-neue-sammlung.de\/wp-content\/uploads\/2024\/02\/ikm_aussen_pithoi_erlbach-1280x720.jpg 1280w\" sizes=\"(max-width: 763px) 100vw, (qmin-width: 764px) and (max-width: 1023px) 100vw, (min-width: 1024px) 100vw\" alt=\"Exterior view of Museum Weiden, entrance: gray-white neo-baroque building with trees in front of it\" loading=\"lazy\" \/>\n<\/div>\t\t<\/div>\n<\/div>\n\n\n\n\n\n\t\t<figcaption class=\"\" id=\"media_7cL5mC\">\n\t\t\t<div class=\"figcaption-wrapper\">\n\t\t\t\t\t\t\t<div class=\"lazy-media-image-label\">The International Ceramics Museum Weiden.<\/div>\n\t\t\t\t\t\t\t\t\t\t<div class=\"lazy-media-image-description\">Photo: Erl Bach <\/div>\n\t\t\t\t\t\t\t\t\t<\/div>\n\t\t<\/figcaption>\n\t\n<\/figure>\n\n\t\t<\/div>\n<\/section>\n\n<section class='wp-block-ho-pattern ' data-pattern='ho\/uberschrift-mit-text-und-button' id=weiden>\n\n<div  class='container-fluid margin-bottom-7'>\n\n<div  class='row padding-bottom-4'>\n\n<div  class='col col-xs-12 col-md-8'>\n<h2 class='h2' style=\"white-space: normal;\">Weiden<\/h2>\n<\/div>\n<\/div>\n\n\n\n\n<div  class='row padding-bottom-4'>\n\n<div  class='col col-xs-12 col-md-8'>\t<p class='body'><strong>The Internationales Keramik-Museum Weiden opened in April 1990 as an affiliate of Die Neue Sammlung <strong>\u2013 The Design Museum<\/strong><\/strong> <strong>in Munich. It is run by the City of Weiden in the Oberpfalz region in cooperation with the Free State of Bavaria. <\/strong><br><br>The idea for the museum derived from the desire to display the extensive ceramics collections of the state museums at other locations in Bavaria. The entirely new concept developed by Die Neue Sammlung incorporates not only alternating exhibition contributions from all Bavarian state museums with holdings of ceramics, but also special exhibitions on various topics. <br><br>The exhibition area covers around 1,000 square metres across two floors. There, visitors can enjoy an impressive number of extraordinary and important ceramic exhibits from many different countries and continents, spanning no less than eight millennia.  <\/p>\n<\/div>\n<\/div>\n\n\n\n\n<div  class='row'>\n\n<div  class='col col-xs-12 col-md-8'>\n\n<div class='wp-block-ho-buttons '>\n<div class=\"wp-block-ho-buttons-item\">\n\t<a href=\"https:\/\/www.weiden.de\/kultur\/kultur\/keramikmuseum\"  target=\"\" role=\"button\" aria-pressed=\"false\" rel=\"nofollow\" class=\"ho-button is-primary has-outgoing-link-icon-left\">\n\t\t\t\t\t<span class=\"ho-button-icon icon-arrow-link\"><\/span>\n\t\t\t\t<span class=\"ho-button-label \">To the website<\/span>\n\t<\/a>\n<\/div>\n<\/div>\n<\/div>\n<\/div>\n<\/div>\n<\/section>","protected":false},"excerpt":{"rendered":"<p>Three Museums \u2013 Three Locations<\/p>\n","protected":false},"author":6,"featured_media":3660,"parent":0,"menu_order":16,"comment_status":"closed","ping_status":"closed","template":"","meta":{"_acf_changed":false,"ho_image_focal_point":"","footnotes":""},"class_list":["post-6918","page","type-page","status-publish","has-post-thumbnail","hentry"],"acf":{"audio":"","video":"","poster":"","noindex":false,"keywords":"","seo_titel":""},"_links":{"self":[{"href":"https:\/\/staging.die-neue-sammlung.de\/en\/wp-json\/wp\/v2\/pages\/6918","targetHints":{"allow":["GET"]}}],"collection":[{"href":"https:\/\/staging.die-neue-sammlung.de\/en\/wp-json\/wp\/v2\/pages"}],"about":[{"href":"https:\/\/staging.die-neue-sammlung.de\/en\/wp-json\/wp\/v2\/types\/page"}],"author":[{"embeddable":true,"href":"https:\/\/staging.die-neue-sammlung.de\/en\/wp-json\/wp\/v2\/users\/6"}],"replies":[{"embeddable":true,"href":"https:\/\/staging.die-neue-sammlung.de\/en\/wp-json\/wp\/v2\/comments?post=6918"}],"version-history":[{"count":23,"href":"https:\/\/staging.die-neue-sammlung.de\/en\/wp-json\/wp\/v2\/pages\/6918\/revisions"}],"predecessor-version":[{"id":43949,"href":"https:\/\/staging.die-neue-sammlung.de\/en\/wp-json\/wp\/v2\/pages\/6918\/revisions\/43949"}],"wp:featuredmedia":[{"embeddable":true,"href":"https:\/\/staging.die-neue-sammlung.de\/en\/wp-json\/wp\/v2\/media\/3660"}],"wp:attachment":[{"href":"https:\/\/staging.die-neue-sammlung.de\/en\/wp-json\/wp\/v2\/media?parent=6918"}],"curies":[{"name":"wp","href":"https:\/\/api.w.org\/{rel}","templated":true}]}}